{"id":19796,"date":"2025-07-22T18:25:18","date_gmt":"2025-07-22T16:25:18","guid":{"rendered":"https:\/\/uj.adatbank.ro\/lexikon\/termek\/sarosi-janos-pokai-szentlaszloi-sarossy-janos-sarosi-joannis-sarosin-joannis-de-poka\/"},"modified":"2025-07-22T18:25:18","modified_gmt":"2025-07-22T16:25:18","slug":"sarosi-janos-pokai-szentlaszloi-sarossy-janos-sarosi-joannis-sarosin-joannis-de-poka","status":"publish","type":"product","link":"https:\/\/uj.adatbank.ro\/lexikon\/termek\/sarosi-janos-pokai-szentlaszloi-sarossy-janos-sarosi-joannis-sarosin-joannis-de-poka\/","title":{"rendered":"S\u00c1ROSI J\u00e1nos, p\u00f3kai, szentl\u00e1szl\u00f3i, S\u00e1rossy J\u00e1nos, S\u00e1rosi Joannis, S\u00e1rosin Joannis de Poka"},"content":{"rendered":"<p>? \u2020\u00a01647.: \u00edt\u00e9l\u0151mester, f\u0151jegyz\u0151. \u2013 Feles\u00e9ge: \u00d3zdi Zsuzsanna (1641), kinek testv\u00e9re Borb\u00e1la Maxai Mih\u00e1lyn\u00e9. Fiaik: Gy\u00f6rgy, ki Marossz\u00e9k f\u0151kir\u00e1lyb\u00edr\u00f3ja (1662\u20131672), Gergely, akinek fi\u00e1val S\u00e1muellel kihalt a csal\u00e1dja. A csal\u00e1d megalap\u00edt\u00f3ja. Bethlen G\u00e1bor kora \u00f3ta a csal\u00e1d jelent\u0151s szerepet v\u00e1llalt (XVII. sz.). C\u00edmeres nemess\u00e9get kapott (1835). <br \/><strong>Irod.:<\/strong> Kelemen Lajos 2006.<\/br><\/p>\n","protected":false},"excerpt":{"rendered":"<p>? \u2020\u00a01647.: \u00edt\u00e9l\u0151mester, f\u0151jegyz\u0151. \u2013 Feles\u00e9ge: \u00d3zdi Zsuzsanna (1641), kinek testv\u00e9re Borb\u00e1la Maxai Mih\u00e1lyn\u00e9. Fiaik: Gy\u00f6rgy, ki Marossz\u00e9k f\u0151kir\u00e1lyb\u00edr\u00f3ja (1662\u20131672), Gergely, akinek fi\u00e1val S\u00e1muellel kihalt a csal\u00e1dja. A csal\u00e1d megalap\u00edt\u00f3ja. Bethlen G\u00e1bor kora \u00f3ta a csal\u00e1d jelent\u0151s szerepet v\u00e1llalt (XVII. sz.). C\u00edmeres nemess\u00e9get kapott (1835). Irod.: Kelemen Lajos 2006.<\/p>\n","protected":false},"featured_media":0,"comment_status":"open","ping_status":"closed","template":"","meta":[],"product_brand":[],"product_cat":[137],"product_tag":[],"class_list":{"0":"post-19796","1":"product","2":"type-product","3":"status-publish","5":"product_cat-maros-megyei-eletrajzi-lexikon","7":"first","8":"instock","9":"shipping-taxable","10":"product-type-simple"},"_links":{"self":[{"href":"https:\/\/uj.adatbank.ro\/lexikon\/wp-json\/wp\/v2\/product\/19796","targetHints":{"allow":["GET"]}}],"collection":[{"href":"https:\/\/uj.adatbank.ro\/lexikon\/wp-json\/wp\/v2\/product"}],"about":[{"href":"https:\/\/uj.adatbank.ro\/lexikon\/wp-json\/wp\/v2\/types\/product"}],"replies":[{"embeddable":true,"href":"https:\/\/uj.adatbank.ro\/lexikon\/wp-json\/wp\/v2\/comments?post=19796"}],"wp:attachment":[{"href":"https:\/\/uj.adatbank.ro\/lexikon\/wp-json\/wp\/v2\/media?parent=19796"}],"wp:term":[{"taxonomy":"product_brand","embeddable":true,"href":"https:\/\/uj.adatbank.ro\/lexikon\/wp-json\/wp\/v2\/product_brand?post=19796"},{"taxonomy":"product_cat","embeddable":true,"href":"https:\/\/uj.adatbank.ro\/lexikon\/wp-json\/wp\/v2\/product_cat?post=19796"},{"taxonomy":"product_tag","embeddable":true,"href":"https:\/\/uj.adatbank.ro\/lexikon\/wp-json\/wp\/v2\/product_tag?post=19796"}],"curies":[{"name":"wp","href":"https:\/\/api.w.org\/{rel}","templated":true}]}}