{"id":19797,"date":"2025-07-22T18:25:22","date_gmt":"2025-07-22T16:25:22","guid":{"rendered":"https:\/\/uj.adatbank.ro\/lexikon\/termek\/sarosi-janos-kissarosi\/"},"modified":"2025-07-22T18:25:22","modified_gmt":"2025-07-22T16:25:22","slug":"sarosi-janos-kissarosi","status":"publish","type":"product","link":"https:\/\/uj.adatbank.ro\/lexikon\/termek\/sarosi-janos-kissarosi\/","title":{"rendered":"S\u00c1ROSI J\u00e1nos, kiss\u00e1rosi"},"content":{"rendered":"<p>?\u2020 1703.: unit\u00e1rius f\u0151\u00far. \u2013 Apafi Mih\u00e1ly fejedelem portai k\u00f6vete (1677\u20131687), erd\u00e9lyi \u00edt\u00e9l\u0151mester. Letart\u00f3ztatt\u00e1k mert belekeveredett a rom\u00e1nok vall\u00e1si uni\u00f3ja elleni tiltakoz\u00e1sba, B\u00e9csben tiszt\u00e1zta mag\u00e1t (1702). <br \/><strong>Irod.:<\/strong> \u2013.<\/br><\/p>\n","protected":false},"excerpt":{"rendered":"<p>?\u2020 1703.: unit\u00e1rius f\u0151\u00far. \u2013 Apafi Mih\u00e1ly fejedelem portai k\u00f6vete (1677\u20131687), erd\u00e9lyi \u00edt\u00e9l\u0151mester. Letart\u00f3ztatt\u00e1k mert belekeveredett a rom\u00e1nok vall\u00e1si uni\u00f3ja elleni tiltakoz\u00e1sba, B\u00e9csben tiszt\u00e1zta mag\u00e1t (1702). Irod.: \u2013.<\/p>\n","protected":false},"featured_media":0,"comment_status":"open","ping_status":"closed","template":"","meta":[],"product_brand":[],"product_cat":[137],"product_tag":[],"class_list":{"0":"post-19797","1":"product","2":"type-product","3":"status-publish","5":"product_cat-maros-megyei-eletrajzi-lexikon","7":"first","8":"instock","9":"shipping-taxable","10":"product-type-simple"},"_links":{"self":[{"href":"https:\/\/uj.adatbank.ro\/lexikon\/wp-json\/wp\/v2\/product\/19797","targetHints":{"allow":["GET"]}}],"collection":[{"href":"https:\/\/uj.adatbank.ro\/lexikon\/wp-json\/wp\/v2\/product"}],"about":[{"href":"https:\/\/uj.adatbank.ro\/lexikon\/wp-json\/wp\/v2\/types\/product"}],"replies":[{"embeddable":true,"href":"https:\/\/uj.adatbank.ro\/lexikon\/wp-json\/wp\/v2\/comments?post=19797"}],"wp:attachment":[{"href":"https:\/\/uj.adatbank.ro\/lexikon\/wp-json\/wp\/v2\/media?parent=19797"}],"wp:term":[{"taxonomy":"product_brand","embeddable":true,"href":"https:\/\/uj.adatbank.ro\/lexikon\/wp-json\/wp\/v2\/product_brand?post=19797"},{"taxonomy":"product_cat","embeddable":true,"href":"https:\/\/uj.adatbank.ro\/lexikon\/wp-json\/wp\/v2\/product_cat?post=19797"},{"taxonomy":"product_tag","embeddable":true,"href":"https:\/\/uj.adatbank.ro\/lexikon\/wp-json\/wp\/v2\/product_tag?post=19797"}],"curies":[{"name":"wp","href":"https:\/\/api.w.org\/{rel}","templated":true}]}}