{"id":19798,"date":"2025-07-22T18:25:24","date_gmt":"2025-07-22T16:25:24","guid":{"rendered":"https:\/\/uj.adatbank.ro\/lexikon\/termek\/sarosi-janos-pokai\/"},"modified":"2025-07-22T18:25:24","modified_gmt":"2025-07-22T16:25:24","slug":"sarosi-janos-pokai","status":"publish","type":"product","link":"https:\/\/uj.adatbank.ro\/lexikon\/termek\/sarosi-janos-pokai\/","title":{"rendered":"S\u00c1ROSI J\u00e1nos, p\u00f3kai"},"content":{"rendered":"<p>1640 k. \u2020 1710 k.: portai k\u00f6vet, \u00edt\u00e9l\u0151mester, guberniumi tan\u00e1csos. \u2013 J\u00e1nos \u00e9s \u00d3zdi Zsuzs\u00e1nna fia. \u00cdt\u00e9l\u0151mester (1691\u2013) (1687\u201399), guberniumi tan\u00e1csos (1694\u2013), az unit\u00e1riusok egyik vil\u00e1gi vezet\u0151je, orsz\u00e1gos f\u0151hadbiztos (1697\u2013), mint olyan az orsz\u00e1g \u00e9rdekeivel nem t\u00f6r\u00f6dve kiszolg\u00e1lta Rabutint. Ez\u00e9rt megn\u00f3t\u00e1ztatt\u00e1k, beb\u00f6rt\u00f6n\u00f6zt\u00e9k (1702) de a b\u00e9csi udvar kiszabad\u00edtotta. Apafi portai k\u00f6vete, az iszl\u00f3iak patr\u00f3nusa. <br \/><strong>Irod.:<\/strong> Erd\u00e9lyi f\u00e9niks; Kelemen Lajos 2006; K\u00e9nosi\u2013Uzoni 2.; K\u0151v\u00e1ry L\u00e1szl\u00f3 1899; Kraus: Erd\u00e9lyi kr\u00f3nika; Ny\u00e1r\u00e1dszentl\u00e1szl\u00f3, P\u00e1l-Antal; P\u00f3ka.<\/br><\/p>\n","protected":false},"excerpt":{"rendered":"<p>1640 k. \u2020 1710 k.: portai k\u00f6vet, \u00edt\u00e9l\u0151mester, guberniumi tan\u00e1csos. \u2013 J\u00e1nos \u00e9s \u00d3zdi Zsuzs\u00e1nna fia. \u00cdt\u00e9l\u0151mester (1691\u2013) (1687\u201399), guberniumi tan\u00e1csos (1694\u2013), az unit\u00e1riusok egyik vil\u00e1gi vezet\u0151je, orsz\u00e1gos f\u0151hadbiztos (1697\u2013), mint olyan az orsz\u00e1g \u00e9rdekeivel nem t\u00f6r\u00f6dve kiszolg\u00e1lta Rabutint. Ez\u00e9rt megn\u00f3t\u00e1ztatt\u00e1k, beb\u00f6rt\u00f6n\u00f6zt\u00e9k (1702) de a b\u00e9csi udvar kiszabad\u00edtotta. Apafi portai k\u00f6vete, az iszl\u00f3iak patr\u00f3nusa. Irod.: [&hellip;]<\/p>\n","protected":false},"featured_media":0,"comment_status":"open","ping_status":"closed","template":"","meta":[],"product_brand":[],"product_cat":[137],"product_tag":[],"class_list":{"0":"post-19798","1":"product","2":"type-product","3":"status-publish","5":"product_cat-maros-megyei-eletrajzi-lexikon","7":"first","8":"instock","9":"shipping-taxable","10":"product-type-simple"},"_links":{"self":[{"href":"https:\/\/uj.adatbank.ro\/lexikon\/wp-json\/wp\/v2\/product\/19798","targetHints":{"allow":["GET"]}}],"collection":[{"href":"https:\/\/uj.adatbank.ro\/lexikon\/wp-json\/wp\/v2\/product"}],"about":[{"href":"https:\/\/uj.adatbank.ro\/lexikon\/wp-json\/wp\/v2\/types\/product"}],"replies":[{"embeddable":true,"href":"https:\/\/uj.adatbank.ro\/lexikon\/wp-json\/wp\/v2\/comments?post=19798"}],"wp:attachment":[{"href":"https:\/\/uj.adatbank.ro\/lexikon\/wp-json\/wp\/v2\/media?parent=19798"}],"wp:term":[{"taxonomy":"product_brand","embeddable":true,"href":"https:\/\/uj.adatbank.ro\/lexikon\/wp-json\/wp\/v2\/product_brand?post=19798"},{"taxonomy":"product_cat","embeddable":true,"href":"https:\/\/uj.adatbank.ro\/lexikon\/wp-json\/wp\/v2\/product_cat?post=19798"},{"taxonomy":"product_tag","embeddable":true,"href":"https:\/\/uj.adatbank.ro\/lexikon\/wp-json\/wp\/v2\/product_tag?post=19798"}],"curies":[{"name":"wp","href":"https:\/\/api.w.org\/{rel}","templated":true}]}}