{"id":19801,"date":"2025-07-22T18:25:30","date_gmt":"2025-07-22T16:25:30","guid":{"rendered":"https:\/\/uj.adatbank.ro\/lexikon\/termek\/sarosi-janos-sarossy-pokai-szentlaszloi\/"},"modified":"2025-07-22T18:25:30","modified_gmt":"2025-07-22T16:25:30","slug":"sarosi-janos-sarossy-pokai-szentlaszloi","status":"publish","type":"product","link":"https:\/\/uj.adatbank.ro\/lexikon\/termek\/sarosi-janos-sarossy-pokai-szentlaszloi\/","title":{"rendered":"S\u00c1ROSI J\u00e1nos; S\u00e1rossy, p\u00f3kai, szentl\u00e1szl\u00f3i"},"content":{"rendered":"<p>? \u2020 1703. m\u00e1j. 10. (temet\u00e9se): f\u0151jegyz\u0151, f\u0151kir\u00e1lyb\u00edr\u00f3, kapit\u00e1ny. \u2013 Feles\u00e9ge: Angyalosi Erzs\u00e9bet, elv\u00e1ltak (1658. dec. 18.); 2. T\u00f3th Borb\u00e1ra (\u2020 Sz\u0151kefalva, 1699. aug. 21)? A temet\u00e9sen Alm\u00e1si Mih\u00e1ly p\u00fcsp\u00f6k pr\u00e9dik\u00e1lt). \u2013 P\u00f3kafalv\u00e1r\u00f3l sz\u00e1rmazott. Kincst\u00e1ri f\u0151\u00fcgy\u00e9sz. Guberniumi tan\u00e1csos. T\u00f6bbsz\u00f6r volt Portai k\u00f6vet, majd guberniumi tan\u00e1csos, Fiscalis \u00fcgy\u00e9sz (1633), fiscalis director (1634\u201339). K\u00fck\u00fcll\u0151 megy\u00e9ben az unit. egyh\u00e1z \u00fcgyviv\u0151je \u00e9s int\u00e9z\u0151je, a tanul\u00f3ifj\u00fas\u00e1g t\u00e1mogat\u00f3ja. A jogi tanulm\u00e1nyokat v\u00e9gz\u0151k a jegyz\u0151i irod\u00e1j\u00e1ban gyakoroltak. Az unit. zsinatok r\u00e9sztvev\u0151je. Gyulafeh\u00e9rv\u00e1r f\u0151jegyz\u0151je, Marossz\u00e9k f\u0151kir\u00e1lyb\u00edr\u00f3ja (1702), Rabutin kapit\u00e1nya, akit Marossz\u00e9k v\u00e9delmez\u00e9s\u00e9vel b\u00edzott meg (1703); a rendek beb\u00f6rt\u00f6n\u00f6zt\u00e9k, szabadul\u00e1sa ut\u00e1n meg is halt. <br \/><strong>Irod.:<\/strong> Alm\u00e1si Gergely Mih\u00e1ly: Cikm\u00e1ntor, 1677. aug. 15.; Dersi Simon P\u00e1l: Halotti besz\u00e9d S. J. felett. Sz\u0151kefalva, 1703. m\u00e1j. 10.; Gyallay; Szaniszl\u00f3 Istv\u00e1n: Halotti besz\u00e9d S. J. felett.; Szentiv\u00e1nyi Bart\u00f3k J\u00e1nos: Halotti besz\u00e9d S. J. felett = K\u00e9nosi\u2013Uzoni 2.; Kr\u00f3n. F\u00fcz., (1940. 4\/10); Teleki Mih\u00e1ly udvartart\u00e1si napl\u00f3ja (1673\u20131681) (Kv., 2007); Magyari Andr\u00e1s: A sz\u00e9kelys\u00e9g a II. R\u00e1k\u00f3czi Ferenc vezette szabads\u00e1gharcban = A sz\u00e9kelys\u00e9g t\u00f6rt\u00e9nete a 17\u201319 sz.-ban (Cs\u00edkszereda, 2001); P\u00f3kai S\u00e1rosi J\u00e1nos v\u00e9grendelete (1706) = Kelemen Lajos 2006.<\/br><\/p>\n","protected":false},"excerpt":{"rendered":"<p>? \u2020 1703. m\u00e1j. 10. (temet\u00e9se): f\u0151jegyz\u0151, f\u0151kir\u00e1lyb\u00edr\u00f3, kapit\u00e1ny. \u2013 Feles\u00e9ge: Angyalosi Erzs\u00e9bet, elv\u00e1ltak (1658. dec. 18.); 2. T\u00f3th Borb\u00e1ra (\u2020 Sz\u0151kefalva, 1699. aug. 21)? A temet\u00e9sen Alm\u00e1si Mih\u00e1ly p\u00fcsp\u00f6k pr\u00e9dik\u00e1lt). \u2013 P\u00f3kafalv\u00e1r\u00f3l sz\u00e1rmazott. Kincst\u00e1ri f\u0151\u00fcgy\u00e9sz. Guberniumi tan\u00e1csos. T\u00f6bbsz\u00f6r volt Portai k\u00f6vet, majd guberniumi tan\u00e1csos, Fiscalis \u00fcgy\u00e9sz (1633), fiscalis director (1634\u201339). K\u00fck\u00fcll\u0151 megy\u00e9ben az unit. [&hellip;]<\/p>\n","protected":false},"featured_media":0,"comment_status":"open","ping_status":"closed","template":"","meta":[],"product_brand":[],"product_cat":[137],"product_tag":[],"class_list":{"0":"post-19801","1":"product","2":"type-product","3":"status-publish","5":"product_cat-maros-megyei-eletrajzi-lexikon","7":"first","8":"instock","9":"shipping-taxable","10":"product-type-simple"},"_links":{"self":[{"href":"https:\/\/uj.adatbank.ro\/lexikon\/wp-json\/wp\/v2\/product\/19801","targetHints":{"allow":["GET"]}}],"collection":[{"href":"https:\/\/uj.adatbank.ro\/lexikon\/wp-json\/wp\/v2\/product"}],"about":[{"href":"https:\/\/uj.adatbank.ro\/lexikon\/wp-json\/wp\/v2\/types\/product"}],"replies":[{"embeddable":true,"href":"https:\/\/uj.adatbank.ro\/lexikon\/wp-json\/wp\/v2\/comments?post=19801"}],"wp:attachment":[{"href":"https:\/\/uj.adatbank.ro\/lexikon\/wp-json\/wp\/v2\/media?parent=19801"}],"wp:term":[{"taxonomy":"product_brand","embeddable":true,"href":"https:\/\/uj.adatbank.ro\/lexikon\/wp-json\/wp\/v2\/product_brand?post=19801"},{"taxonomy":"product_cat","embeddable":true,"href":"https:\/\/uj.adatbank.ro\/lexikon\/wp-json\/wp\/v2\/product_cat?post=19801"},{"taxonomy":"product_tag","embeddable":true,"href":"https:\/\/uj.adatbank.ro\/lexikon\/wp-json\/wp\/v2\/product_tag?post=19801"}],"curies":[{"name":"wp","href":"https:\/\/api.w.org\/{rel}","templated":true}]}}