{"id":19803,"date":"2025-07-22T18:25:34","date_gmt":"2025-07-22T16:25:34","guid":{"rendered":"https:\/\/uj.adatbank.ro\/lexikon\/termek\/sarosi-janos-sarossy-pokai-szentlaszloi-3\/"},"modified":"2025-07-22T18:25:34","modified_gmt":"2025-07-22T16:25:34","slug":"sarosi-janos-sarossy-pokai-szentlaszloi-3","status":"publish","type":"product","link":"https:\/\/uj.adatbank.ro\/lexikon\/termek\/sarosi-janos-sarossy-pokai-szentlaszloi-3\/","title":{"rendered":"S\u00c1ROSI J\u00e1nos; S\u00e1rossy, p\u00f3kai, szentl\u00e1szl\u00f3i"},"content":{"rendered":"<p>? \u2020?: Feles\u00e9ge Buda Krisztina volt, aki egy ez\u00fcstnyel\u0171 k\u00e9st aj\u00e1nd\u00e9kozott az egyh\u00e1znak (1730), valamint egy arany \u00e9s ez\u00fcst sk\u00f3fiumos keszken\u0151t, ami most is megvan. \u00d6zvegy volt (1762) <br \/><strong>Irod.:<\/strong> Id\u0151t\u00e1r 1; Kelemen Lajos 2006; Ny\u00e1r\u00e1dszentl\u00e1szl\u00f3; P\u00e1l-Antal, Wessel\u00e9nyi Istv\u00e1n.<\/br><\/p>\n","protected":false},"excerpt":{"rendered":"<p>? \u2020?: Feles\u00e9ge Buda Krisztina volt, aki egy ez\u00fcstnyel\u0171 k\u00e9st aj\u00e1nd\u00e9kozott az egyh\u00e1znak (1730), valamint egy arany \u00e9s ez\u00fcst sk\u00f3fiumos keszken\u0151t, ami most is megvan. \u00d6zvegy volt (1762) Irod.: Id\u0151t\u00e1r 1; Kelemen Lajos 2006; Ny\u00e1r\u00e1dszentl\u00e1szl\u00f3; P\u00e1l-Antal, Wessel\u00e9nyi Istv\u00e1n.<\/p>\n","protected":false},"featured_media":0,"comment_status":"open","ping_status":"closed","template":"","meta":[],"product_brand":[],"product_cat":[137],"product_tag":[],"class_list":{"0":"post-19803","1":"product","2":"type-product","3":"status-publish","5":"product_cat-maros-megyei-eletrajzi-lexikon","7":"first","8":"instock","9":"shipping-taxable","10":"product-type-simple"},"_links":{"self":[{"href":"https:\/\/uj.adatbank.ro\/lexikon\/wp-json\/wp\/v2\/product\/19803","targetHints":{"allow":["GET"]}}],"collection":[{"href":"https:\/\/uj.adatbank.ro\/lexikon\/wp-json\/wp\/v2\/product"}],"about":[{"href":"https:\/\/uj.adatbank.ro\/lexikon\/wp-json\/wp\/v2\/types\/product"}],"replies":[{"embeddable":true,"href":"https:\/\/uj.adatbank.ro\/lexikon\/wp-json\/wp\/v2\/comments?post=19803"}],"wp:attachment":[{"href":"https:\/\/uj.adatbank.ro\/lexikon\/wp-json\/wp\/v2\/media?parent=19803"}],"wp:term":[{"taxonomy":"product_brand","embeddable":true,"href":"https:\/\/uj.adatbank.ro\/lexikon\/wp-json\/wp\/v2\/product_brand?post=19803"},{"taxonomy":"product_cat","embeddable":true,"href":"https:\/\/uj.adatbank.ro\/lexikon\/wp-json\/wp\/v2\/product_cat?post=19803"},{"taxonomy":"product_tag","embeddable":true,"href":"https:\/\/uj.adatbank.ro\/lexikon\/wp-json\/wp\/v2\/product_tag?post=19803"}],"curies":[{"name":"wp","href":"https:\/\/api.w.org\/{rel}","templated":true}]}}