{"id":19805,"date":"2025-07-22T18:25:37","date_gmt":"2025-07-22T16:25:37","guid":{"rendered":"https:\/\/uj.adatbank.ro\/lexikon\/termek\/sarosi-jozsef-2\/"},"modified":"2025-07-22T18:25:37","modified_gmt":"2025-07-22T16:25:37","slug":"sarosi-jozsef-2","status":"publish","type":"product","link":"https:\/\/uj.adatbank.ro\/lexikon\/termek\/sarosi-jozsef-2\/","title":{"rendered":"S\u00c1ROSI J\u00f3zsef"},"content":{"rendered":"<p>Szentgerice, 1893., \u2020?: unit. lelk\u00e9sz. \u2013 Sz\u00e9kelykereszt\u00faron \u00e9s Kv.-on v\u00e9gezte tanulm\u00e1nyait. Mint lelk\u00e9sz Tarcsfalv\u00e1n, Cs\u00f3kfalv\u00e1n \u00e9s Rav\u00e1n (1902\u20131930). szolg\u00e1lta egyh\u00e1z\u00e1t. Az Egyh\u00e1zi F\u0151tan\u00e1cs tagja, kultur\u00e1lis \u00e9s szoci\u00e1lis alkot\u00e1sokat hozott l\u00e9tre, ezzel t\u00e9ve nev\u00e9t maradand\u00f3v\u00e1 az ut\u00f3kor sz\u00e1m\u00e1ra. <br \/><strong>Irod.:<\/strong> Rava; Sz\u00e9kelyf\u00f6ld \u00ed. k.<\/br><\/p>\n","protected":false},"excerpt":{"rendered":"<p>Szentgerice, 1893., \u2020?: unit. lelk\u00e9sz. \u2013 Sz\u00e9kelykereszt\u00faron \u00e9s Kv.-on v\u00e9gezte tanulm\u00e1nyait. Mint lelk\u00e9sz Tarcsfalv\u00e1n, Cs\u00f3kfalv\u00e1n \u00e9s Rav\u00e1n (1902\u20131930). szolg\u00e1lta egyh\u00e1z\u00e1t. Az Egyh\u00e1zi F\u0151tan\u00e1cs tagja, kultur\u00e1lis \u00e9s szoci\u00e1lis alkot\u00e1sokat hozott l\u00e9tre, ezzel t\u00e9ve nev\u00e9t maradand\u00f3v\u00e1 az ut\u00f3kor sz\u00e1m\u00e1ra. Irod.: Rava; Sz\u00e9kelyf\u00f6ld \u00ed. k.<\/p>\n","protected":false},"featured_media":0,"comment_status":"open","ping_status":"closed","template":"","meta":[],"product_brand":[],"product_cat":[137],"product_tag":[],"class_list":{"0":"post-19805","1":"product","2":"type-product","3":"status-publish","5":"product_cat-maros-megyei-eletrajzi-lexikon","7":"first","8":"instock","9":"shipping-taxable","10":"product-type-simple"},"_links":{"self":[{"href":"https:\/\/uj.adatbank.ro\/lexikon\/wp-json\/wp\/v2\/product\/19805","targetHints":{"allow":["GET"]}}],"collection":[{"href":"https:\/\/uj.adatbank.ro\/lexikon\/wp-json\/wp\/v2\/product"}],"about":[{"href":"https:\/\/uj.adatbank.ro\/lexikon\/wp-json\/wp\/v2\/types\/product"}],"replies":[{"embeddable":true,"href":"https:\/\/uj.adatbank.ro\/lexikon\/wp-json\/wp\/v2\/comments?post=19805"}],"wp:attachment":[{"href":"https:\/\/uj.adatbank.ro\/lexikon\/wp-json\/wp\/v2\/media?parent=19805"}],"wp:term":[{"taxonomy":"product_brand","embeddable":true,"href":"https:\/\/uj.adatbank.ro\/lexikon\/wp-json\/wp\/v2\/product_brand?post=19805"},{"taxonomy":"product_cat","embeddable":true,"href":"https:\/\/uj.adatbank.ro\/lexikon\/wp-json\/wp\/v2\/product_cat?post=19805"},{"taxonomy":"product_tag","embeddable":true,"href":"https:\/\/uj.adatbank.ro\/lexikon\/wp-json\/wp\/v2\/product_tag?post=19805"}],"curies":[{"name":"wp","href":"https:\/\/api.w.org\/{rel}","templated":true}]}}