{"id":19806,"date":"2025-07-22T18:25:40","date_gmt":"2025-07-22T16:25:40","guid":{"rendered":"https:\/\/uj.adatbank.ro\/lexikon\/termek\/sarosi-karoly\/"},"modified":"2025-07-22T18:25:40","modified_gmt":"2025-07-22T16:25:40","slug":"sarosi-karoly","status":"publish","type":"product","link":"https:\/\/uj.adatbank.ro\/lexikon\/termek\/sarosi-karoly\/","title":{"rendered":"S\u00c1ROSI K\u00e1roly"},"content":{"rendered":"<p>Gyimesb\u00fckk, 1826. okt. 31., \u2020 1887. \u00e1pr. 25 (27?): r. k. pap. \u2013 Papp\u00e1 szentelt\u00e9k (1851. aug. 3.). K\u00e1pl\u00e1n Kv.-on, pl\u00e9b\u00e1nos Sinfalv\u00e1n \u00e9s V\u00e1rfalv\u00e1n, tan\u00e1r Sz\u00e9kelyudvarhelyen. Mv.-en tan\u00e1r \u00e9s koll.-i igazgat\u00f3 nyugd\u00edjaz\u00e1s\u00e1ig (1863\u201365). <br \/><strong>Irod.:<\/strong> Ferenczi S\u00e1ndor 2009; Nagy Iv\u00e1n.<\/br><\/p>\n","protected":false},"excerpt":{"rendered":"<p>Gyimesb\u00fckk, 1826. okt. 31., \u2020 1887. \u00e1pr. 25 (27?): r. k. pap. \u2013 Papp\u00e1 szentelt\u00e9k (1851. aug. 3.). K\u00e1pl\u00e1n Kv.-on, pl\u00e9b\u00e1nos Sinfalv\u00e1n \u00e9s V\u00e1rfalv\u00e1n, tan\u00e1r Sz\u00e9kelyudvarhelyen. Mv.-en tan\u00e1r \u00e9s koll.-i igazgat\u00f3 nyugd\u00edjaz\u00e1s\u00e1ig (1863\u201365). Irod.: Ferenczi S\u00e1ndor 2009; Nagy Iv\u00e1n.<\/p>\n","protected":false},"featured_media":0,"comment_status":"open","ping_status":"closed","template":"","meta":[],"product_brand":[],"product_cat":[137],"product_tag":[],"class_list":{"0":"post-19806","1":"product","2":"type-product","3":"status-publish","5":"product_cat-maros-megyei-eletrajzi-lexikon","7":"first","8":"instock","9":"shipping-taxable","10":"product-type-simple"},"_links":{"self":[{"href":"https:\/\/uj.adatbank.ro\/lexikon\/wp-json\/wp\/v2\/product\/19806","targetHints":{"allow":["GET"]}}],"collection":[{"href":"https:\/\/uj.adatbank.ro\/lexikon\/wp-json\/wp\/v2\/product"}],"about":[{"href":"https:\/\/uj.adatbank.ro\/lexikon\/wp-json\/wp\/v2\/types\/product"}],"replies":[{"embeddable":true,"href":"https:\/\/uj.adatbank.ro\/lexikon\/wp-json\/wp\/v2\/comments?post=19806"}],"wp:attachment":[{"href":"https:\/\/uj.adatbank.ro\/lexikon\/wp-json\/wp\/v2\/media?parent=19806"}],"wp:term":[{"taxonomy":"product_brand","embeddable":true,"href":"https:\/\/uj.adatbank.ro\/lexikon\/wp-json\/wp\/v2\/product_brand?post=19806"},{"taxonomy":"product_cat","embeddable":true,"href":"https:\/\/uj.adatbank.ro\/lexikon\/wp-json\/wp\/v2\/product_cat?post=19806"},{"taxonomy":"product_tag","embeddable":true,"href":"https:\/\/uj.adatbank.ro\/lexikon\/wp-json\/wp\/v2\/product_tag?post=19806"}],"curies":[{"name":"wp","href":"https:\/\/api.w.org\/{rel}","templated":true}]}}