{"id":19808,"date":"2025-07-22T18:25:45","date_gmt":"2025-07-22T16:25:45","guid":{"rendered":"https:\/\/uj.adatbank.ro\/lexikon\/termek\/sarosi-laszlo\/"},"modified":"2025-07-22T18:25:45","modified_gmt":"2025-07-22T16:25:45","slug":"sarosi-laszlo","status":"publish","type":"product","link":"https:\/\/uj.adatbank.ro\/lexikon\/termek\/sarosi-laszlo\/","title":{"rendered":"S\u00c1ROSI L\u00e1szl\u00f3"},"content":{"rendered":"<p>Ehed, 1914 \u2020?: csizmadiamester. \u2013 Adatk\u00f6zl\u0151 a csizmadiainasok \u00e9s seg\u00e9dek jogaira \u00e9s k\u00f6telezetts\u00e9geire vonatkoz\u00f3an (az 1930\u20131940-es \u00e9vekben): Tizenk\u00e9t\u00e9ves kor\u00e1t\u00f3l kezdve inas volt Mv.-en \u00f6zv. Medgyesi Samun\u00e9n\u00e1l (1927\u20131931), ahol a kordov\u00e1ncsizma k\u00e9sz\u00edt\u00e9s\u00e9t tanulta meg. Amikor felszabadult R\u00e9genbe ker\u00fclt Karl Sch\u00f6n \u201epiroscsizm\u00e1s\u201d-kordov\u00e1n csizma-k\u00e9sz\u00edt\u0151h\u00f6z. Csizm\u00e1kon k\u00edv\u00fcl m\u00e1s b\u0151rl\u00e1bbelit is k\u00e9sz\u00edtettek rendel\u00e9sre. \u00d6n\u00e1ll\u00f3s\u00edtotta mag\u00e1t (1940\u20131949), majd a Solidaritatea nev\u0171 kisipari sz\u00f6vetkezet alkalmazottja volt (1949\u20131974) nyugd\u00edjaz\u00e1s\u00e1ig. Cip\u0151jav\u00edt\u00e1ssal \u00e9lete v\u00e9g\u00e9ig foglalkozott. <br \/><strong>Irod.:<\/strong> B\u00edr\u00f3 Don\u00e1t 2000.<\/br><\/p>\n","protected":false},"excerpt":{"rendered":"<p>Ehed, 1914 \u2020?: csizmadiamester. \u2013 Adatk\u00f6zl\u0151 a csizmadiainasok \u00e9s seg\u00e9dek jogaira \u00e9s k\u00f6telezetts\u00e9geire vonatkoz\u00f3an (az 1930\u20131940-es \u00e9vekben): Tizenk\u00e9t\u00e9ves kor\u00e1t\u00f3l kezdve inas volt Mv.-en \u00f6zv. Medgyesi Samun\u00e9n\u00e1l (1927\u20131931), ahol a kordov\u00e1ncsizma k\u00e9sz\u00edt\u00e9s\u00e9t tanulta meg. Amikor felszabadult R\u00e9genbe ker\u00fclt Karl Sch\u00f6n \u201epiroscsizm\u00e1s\u201d-kordov\u00e1n csizma-k\u00e9sz\u00edt\u0151h\u00f6z. Csizm\u00e1kon k\u00edv\u00fcl m\u00e1s b\u0151rl\u00e1bbelit is k\u00e9sz\u00edtettek rendel\u00e9sre. \u00d6n\u00e1ll\u00f3s\u00edtotta mag\u00e1t (1940\u20131949), majd a Solidaritatea nev\u0171 [&hellip;]<\/p>\n","protected":false},"featured_media":0,"comment_status":"open","ping_status":"closed","template":"","meta":[],"product_brand":[],"product_cat":[137],"product_tag":[],"class_list":{"0":"post-19808","1":"product","2":"type-product","3":"status-publish","5":"product_cat-maros-megyei-eletrajzi-lexikon","7":"first","8":"instock","9":"shipping-taxable","10":"product-type-simple"},"_links":{"self":[{"href":"https:\/\/uj.adatbank.ro\/lexikon\/wp-json\/wp\/v2\/product\/19808","targetHints":{"allow":["GET"]}}],"collection":[{"href":"https:\/\/uj.adatbank.ro\/lexikon\/wp-json\/wp\/v2\/product"}],"about":[{"href":"https:\/\/uj.adatbank.ro\/lexikon\/wp-json\/wp\/v2\/types\/product"}],"replies":[{"embeddable":true,"href":"https:\/\/uj.adatbank.ro\/lexikon\/wp-json\/wp\/v2\/comments?post=19808"}],"wp:attachment":[{"href":"https:\/\/uj.adatbank.ro\/lexikon\/wp-json\/wp\/v2\/media?parent=19808"}],"wp:term":[{"taxonomy":"product_brand","embeddable":true,"href":"https:\/\/uj.adatbank.ro\/lexikon\/wp-json\/wp\/v2\/product_brand?post=19808"},{"taxonomy":"product_cat","embeddable":true,"href":"https:\/\/uj.adatbank.ro\/lexikon\/wp-json\/wp\/v2\/product_cat?post=19808"},{"taxonomy":"product_tag","embeddable":true,"href":"https:\/\/uj.adatbank.ro\/lexikon\/wp-json\/wp\/v2\/product_tag?post=19808"}],"curies":[{"name":"wp","href":"https:\/\/api.w.org\/{rel}","templated":true}]}}