{"id":1981,"date":"2025-06-28T12:00:00","date_gmt":"2025-06-28T10:00:00","guid":{"rendered":"https:\/\/uj.adatbank.ro\/lexikon\/termek\/balazs-mano\/"},"modified":"2025-06-28T12:00:00","modified_gmt":"2025-06-28T10:00:00","slug":"balazs-mano","status":"publish","type":"product","link":"https:\/\/uj.adatbank.ro\/lexikon\/termek\/balazs-mano\/","title":{"rendered":"BAL\u00c1ZS Man\u00f3"},"content":{"rendered":"<p>? \u2020\u00a0? : \u0151rnagy. \u2013 Marossz\u00e9ki \u00f6nk\u00e9ntes nemzet\u0151r-parancsnok. A honv\u00e9ds\u00e9g kik\u00e9pz\u00e9s\u00e9t v\u00e9gezte a mv.-i v\u00e1rban (1848. okt.). A helybeli polg\u00e1r\u0151rs\u00e9g \u00e9l\u00e9n \u00e1tvette a v\u00e1rat (1848. okt. 15). A Makfalvi sz\u00e9kely t\u00e1borb\u00f3l \u00fczenetet k\u00fcld\u00f6tt az agyagfalvi nagygy\u0171l\u00e9sre, amivel siet\u00e9sre k\u00e9sztette Berzenczeyt. <br \/><strong>Irod.:<\/strong> Benk\u0151 K.: Mv.; Id\u0151t\u00e1r 2<\/br><\/p>\n","protected":false},"excerpt":{"rendered":"<p>? \u2020\u00a0? : \u0151rnagy. \u2013 Marossz\u00e9ki \u00f6nk\u00e9ntes nemzet\u0151r-parancsnok. A honv\u00e9ds\u00e9g kik\u00e9pz\u00e9s\u00e9t v\u00e9gezte a mv.-i v\u00e1rban (1848. okt.). A helybeli polg\u00e1r\u0151rs\u00e9g \u00e9l\u00e9n \u00e1tvette a v\u00e1rat (1848. okt. 15). A Makfalvi sz\u00e9kely t\u00e1borb\u00f3l \u00fczenetet k\u00fcld\u00f6tt az agyagfalvi nagygy\u0171l\u00e9sre, amivel siet\u00e9sre k\u00e9sztette Berzenczeyt. Irod.: Benk\u0151 K.: Mv.; Id\u0151t\u00e1r 2<\/p>\n","protected":false},"featured_media":0,"comment_status":"open","ping_status":"closed","template":"","meta":[],"product_brand":[],"product_cat":[137],"product_tag":[],"class_list":{"0":"post-1981","1":"product","2":"type-product","3":"status-publish","5":"product_cat-maros-megyei-eletrajzi-lexikon","7":"first","8":"instock","9":"shipping-taxable","10":"product-type-simple"},"_links":{"self":[{"href":"https:\/\/uj.adatbank.ro\/lexikon\/wp-json\/wp\/v2\/product\/1981","targetHints":{"allow":["GET"]}}],"collection":[{"href":"https:\/\/uj.adatbank.ro\/lexikon\/wp-json\/wp\/v2\/product"}],"about":[{"href":"https:\/\/uj.adatbank.ro\/lexikon\/wp-json\/wp\/v2\/types\/product"}],"replies":[{"embeddable":true,"href":"https:\/\/uj.adatbank.ro\/lexikon\/wp-json\/wp\/v2\/comments?post=1981"}],"wp:attachment":[{"href":"https:\/\/uj.adatbank.ro\/lexikon\/wp-json\/wp\/v2\/media?parent=1981"}],"wp:term":[{"taxonomy":"product_brand","embeddable":true,"href":"https:\/\/uj.adatbank.ro\/lexikon\/wp-json\/wp\/v2\/product_brand?post=1981"},{"taxonomy":"product_cat","embeddable":true,"href":"https:\/\/uj.adatbank.ro\/lexikon\/wp-json\/wp\/v2\/product_cat?post=1981"},{"taxonomy":"product_tag","embeddable":true,"href":"https:\/\/uj.adatbank.ro\/lexikon\/wp-json\/wp\/v2\/product_tag?post=1981"}],"curies":[{"name":"wp","href":"https:\/\/api.w.org\/{rel}","templated":true}]}}