{"id":19810,"date":"2025-07-22T18:25:49","date_gmt":"2025-07-22T16:25:49","guid":{"rendered":"https:\/\/uj.adatbank.ro\/lexikon\/termek\/sarosi-laszlo-dr\/"},"modified":"2025-07-22T18:25:49","modified_gmt":"2025-07-22T16:25:49","slug":"sarosi-laszlo-dr","status":"publish","type":"product","link":"https:\/\/uj.adatbank.ro\/lexikon\/termek\/sarosi-laszlo-dr\/","title":{"rendered":"S\u00c1ROSI L\u00e1szl\u00f3, dr."},"content":{"rendered":"<p>Sz\u00e1szr\u00e9gen, 1938 \u2020 2020: orvos. \u2013 Egyik l\u00e1nya fogorvos Angli\u00e1ban, a m\u00e1sik egyetemi tan\u00e1r a MOGYI Gy\u00f3gyszer\u00e9szeti kar\u00e1n. \u2013 Mv.-en a Magyar Fi\u00fal\u00edc.-ban \u00e9retts\u00e9gizett (1955). A MOGYI \u2013ban kapott orvosi diplom\u00e1t (1961). Boto\u0219ani megy\u00e9ben Gorb\u0103ne\u0219ti k\u00f6zs\u00e9gben h\u00e1rom \u00e9vig k\u00f6rzeti orvos, majd Backamadarason Maros megy\u00e9ben k\u00f6rzeti orvos. <br \/><strong>Irod.:<\/strong> Kiss Cs. M 4.<\/br><\/p>\n","protected":false},"excerpt":{"rendered":"<p>Sz\u00e1szr\u00e9gen, 1938 \u2020 2020: orvos. \u2013 Egyik l\u00e1nya fogorvos Angli\u00e1ban, a m\u00e1sik egyetemi tan\u00e1r a MOGYI Gy\u00f3gyszer\u00e9szeti kar\u00e1n. \u2013 Mv.-en a Magyar Fi\u00fal\u00edc.-ban \u00e9retts\u00e9gizett (1955). A MOGYI \u2013ban kapott orvosi diplom\u00e1t (1961). Boto\u0219ani megy\u00e9ben Gorb\u0103ne\u0219ti k\u00f6zs\u00e9gben h\u00e1rom \u00e9vig k\u00f6rzeti orvos, majd Backamadarason Maros megy\u00e9ben k\u00f6rzeti orvos. Irod.: Kiss Cs. M 4.<\/p>\n","protected":false},"featured_media":0,"comment_status":"open","ping_status":"closed","template":"","meta":[],"product_brand":[],"product_cat":[137],"product_tag":[],"class_list":{"0":"post-19810","1":"product","2":"type-product","3":"status-publish","5":"product_cat-maros-megyei-eletrajzi-lexikon","7":"first","8":"instock","9":"shipping-taxable","10":"product-type-simple"},"_links":{"self":[{"href":"https:\/\/uj.adatbank.ro\/lexikon\/wp-json\/wp\/v2\/product\/19810","targetHints":{"allow":["GET"]}}],"collection":[{"href":"https:\/\/uj.adatbank.ro\/lexikon\/wp-json\/wp\/v2\/product"}],"about":[{"href":"https:\/\/uj.adatbank.ro\/lexikon\/wp-json\/wp\/v2\/types\/product"}],"replies":[{"embeddable":true,"href":"https:\/\/uj.adatbank.ro\/lexikon\/wp-json\/wp\/v2\/comments?post=19810"}],"wp:attachment":[{"href":"https:\/\/uj.adatbank.ro\/lexikon\/wp-json\/wp\/v2\/media?parent=19810"}],"wp:term":[{"taxonomy":"product_brand","embeddable":true,"href":"https:\/\/uj.adatbank.ro\/lexikon\/wp-json\/wp\/v2\/product_brand?post=19810"},{"taxonomy":"product_cat","embeddable":true,"href":"https:\/\/uj.adatbank.ro\/lexikon\/wp-json\/wp\/v2\/product_cat?post=19810"},{"taxonomy":"product_tag","embeddable":true,"href":"https:\/\/uj.adatbank.ro\/lexikon\/wp-json\/wp\/v2\/product_tag?post=19810"}],"curies":[{"name":"wp","href":"https:\/\/api.w.org\/{rel}","templated":true}]}}