{"id":19812,"date":"2025-07-22T18:25:54","date_gmt":"2025-07-22T16:25:54","guid":{"rendered":"https:\/\/uj.adatbank.ro\/lexikon\/termek\/sarosi-mihaly\/"},"modified":"2025-07-22T18:25:54","modified_gmt":"2025-07-22T16:25:54","slug":"sarosi-mihaly","status":"publish","type":"product","link":"https:\/\/uj.adatbank.ro\/lexikon\/termek\/sarosi-mihaly\/","title":{"rendered":"S\u00c1ROSI Mih\u00e1ly"},"content":{"rendered":"<p>? \u2020?: tan\u00edt\u00f3. \u2013 Harangl\u00e1bon (1715), H\u00e9derf\u00e1j\u00e1n (1716) \u00e9s D\u00e1ny\u00e1nban tan\u00edt\u00f3skodott (\u20131720). <br \/><strong>Irod.:<\/strong> K\u00fck\u00fcll\u0151i Ref. Egyh\u00e1zm. 1., 2.<\/br><\/p>\n","protected":false},"excerpt":{"rendered":"<p>? \u2020?: tan\u00edt\u00f3. \u2013 Harangl\u00e1bon (1715), H\u00e9derf\u00e1j\u00e1n (1716) \u00e9s D\u00e1ny\u00e1nban tan\u00edt\u00f3skodott (\u20131720). Irod.: K\u00fck\u00fcll\u0151i Ref. Egyh\u00e1zm. 1., 2.<\/p>\n","protected":false},"featured_media":0,"comment_status":"open","ping_status":"closed","template":"","meta":[],"product_brand":[],"product_cat":[137],"product_tag":[],"class_list":{"0":"post-19812","1":"product","2":"type-product","3":"status-publish","5":"product_cat-maros-megyei-eletrajzi-lexikon","7":"first","8":"instock","9":"shipping-taxable","10":"product-type-simple"},"_links":{"self":[{"href":"https:\/\/uj.adatbank.ro\/lexikon\/wp-json\/wp\/v2\/product\/19812","targetHints":{"allow":["GET"]}}],"collection":[{"href":"https:\/\/uj.adatbank.ro\/lexikon\/wp-json\/wp\/v2\/product"}],"about":[{"href":"https:\/\/uj.adatbank.ro\/lexikon\/wp-json\/wp\/v2\/types\/product"}],"replies":[{"embeddable":true,"href":"https:\/\/uj.adatbank.ro\/lexikon\/wp-json\/wp\/v2\/comments?post=19812"}],"wp:attachment":[{"href":"https:\/\/uj.adatbank.ro\/lexikon\/wp-json\/wp\/v2\/media?parent=19812"}],"wp:term":[{"taxonomy":"product_brand","embeddable":true,"href":"https:\/\/uj.adatbank.ro\/lexikon\/wp-json\/wp\/v2\/product_brand?post=19812"},{"taxonomy":"product_cat","embeddable":true,"href":"https:\/\/uj.adatbank.ro\/lexikon\/wp-json\/wp\/v2\/product_cat?post=19812"},{"taxonomy":"product_tag","embeddable":true,"href":"https:\/\/uj.adatbank.ro\/lexikon\/wp-json\/wp\/v2\/product_tag?post=19812"}],"curies":[{"name":"wp","href":"https:\/\/api.w.org\/{rel}","templated":true}]}}