{"id":19813,"date":"2025-07-22T18:25:57","date_gmt":"2025-07-22T16:25:57","guid":{"rendered":"https:\/\/uj.adatbank.ro\/lexikon\/termek\/sarosi-mihaly-nagyernyei\/"},"modified":"2025-07-22T18:25:57","modified_gmt":"2025-07-22T16:25:57","slug":"sarosi-mihaly-nagyernyei","status":"publish","type":"product","link":"https:\/\/uj.adatbank.ro\/lexikon\/termek\/sarosi-mihaly-nagyernyei\/","title":{"rendered":"S\u00c1ROSI Mih\u00e1ly, nagyernyei"},"content":{"rendered":"<p>? \u2020?: de\u00e1k. \u2013 Rokona S. Eszter. A P\u00e9csi Simon szombatos ima- \u00e9s \u00e9nekesk\u00f6nyv\u00e9t lem\u00e1solta. <br \/><strong>Irod.:<\/strong> Nagyernye.<\/br><\/p>\n","protected":false},"excerpt":{"rendered":"<p>? \u2020?: de\u00e1k. \u2013 Rokona S. Eszter. A P\u00e9csi Simon szombatos ima- \u00e9s \u00e9nekesk\u00f6nyv\u00e9t lem\u00e1solta. Irod.: Nagyernye.<\/p>\n","protected":false},"featured_media":0,"comment_status":"open","ping_status":"closed","template":"","meta":[],"product_brand":[],"product_cat":[137],"product_tag":[],"class_list":{"0":"post-19813","1":"product","2":"type-product","3":"status-publish","5":"product_cat-maros-megyei-eletrajzi-lexikon","7":"first","8":"instock","9":"shipping-taxable","10":"product-type-simple"},"_links":{"self":[{"href":"https:\/\/uj.adatbank.ro\/lexikon\/wp-json\/wp\/v2\/product\/19813","targetHints":{"allow":["GET"]}}],"collection":[{"href":"https:\/\/uj.adatbank.ro\/lexikon\/wp-json\/wp\/v2\/product"}],"about":[{"href":"https:\/\/uj.adatbank.ro\/lexikon\/wp-json\/wp\/v2\/types\/product"}],"replies":[{"embeddable":true,"href":"https:\/\/uj.adatbank.ro\/lexikon\/wp-json\/wp\/v2\/comments?post=19813"}],"wp:attachment":[{"href":"https:\/\/uj.adatbank.ro\/lexikon\/wp-json\/wp\/v2\/media?parent=19813"}],"wp:term":[{"taxonomy":"product_brand","embeddable":true,"href":"https:\/\/uj.adatbank.ro\/lexikon\/wp-json\/wp\/v2\/product_brand?post=19813"},{"taxonomy":"product_cat","embeddable":true,"href":"https:\/\/uj.adatbank.ro\/lexikon\/wp-json\/wp\/v2\/product_cat?post=19813"},{"taxonomy":"product_tag","embeddable":true,"href":"https:\/\/uj.adatbank.ro\/lexikon\/wp-json\/wp\/v2\/product_tag?post=19813"}],"curies":[{"name":"wp","href":"https:\/\/api.w.org\/{rel}","templated":true}]}}