{"id":19818,"date":"2025-07-22T18:26:13","date_gmt":"2025-07-22T16:26:13","guid":{"rendered":"https:\/\/uj.adatbank.ro\/lexikon\/termek\/sarosi-sarossy-kissarosi-csalad\/"},"modified":"2025-07-22T18:26:13","modified_gmt":"2025-07-22T16:26:13","slug":"sarosi-sarossy-kissarosi-csalad","status":"publish","type":"product","link":"https:\/\/uj.adatbank.ro\/lexikon\/termek\/sarosi-sarossy-kissarosi-csalad\/","title":{"rendered":"S\u00c1ROSI, S\u00e1rossy; kiss\u00e1rosi csal\u00e1d"},"content":{"rendered":"<p>Kiss\u00e1ros Erd\u00e9lyben K\u00fck\u00fcll\u0151 v\u00e1rmegy\u00e9ben fekszik (Deleni, Magyars\u00e1ros), itt b\u00edrt \u00e9s innen \u00edrta e csal\u00e1d el\u0151nev\u00e9t. Val\u00f3sz\u00edn\u0171leg e csal\u00e1d ivad\u00e9ka volt azon S\u00e1rosy L\u00e1szl\u00f3, aki 1447-ben a budai orsz\u00e1ggy\u0171l\u00e9sre Zar\u00e1nd v\u00e1rmegye k\u00f6vete volt. Ennek rokona S\u00e1rossy Istv\u00e1n 1562-ben Zar\u00e1nd megy\u00e9ben birtokos volt Csegedszegen, Gorb\u00e1n, Echiok\u00e1n, T\u00faron \u00e9s Pip\u00e1sziban. Ami m\u00e1r az erd\u00e9lyi kiss\u00e1rosi S\u00e1rosy csal\u00e1dot illeti, bizonyos az, hogy ennek felemel\u0151je a nemzeti fejedelmek kor\u00e1ban S\u00e1rosy J\u00e1nos volt. Jellemz\u00e9s\u00e9t egykor\u00fa \u00edr\u00f3 \u00edgy adja el\u0151: \u201eS\u00e1rosy J\u00e1nos ifj\u00fa rend \u00e9s csak K\u00fck\u00fcll\u0151 v\u00e1rmegye k\u00f6vetje volt, de activus, b\u00e1tor \u00e9s sz\u00f3kimond\u00f3 ember volt, politici boni studiosusnak l\u00e1tszott lenni az \u0151 akkor alacson rendihez k\u00e9pest, \u00e9s K\u00fck\u00fcll\u0151 v\u00e1rmegy\u00e9t b\u00e1tor voksol\u00e1s\u00e1\u00e9rt, postulatumai\u00e9rt nevezt\u00e9k vala Kis-Bihar v\u00e1rmegy\u00e9nek, mivel az a v\u00e1rmegye r\u00e9gen azt k\u00f6vette.\u201d C\u00edmerpecs\u00e9t a gr. Teleki lev\u00e9lt\u00e1rban Mv. <br \/><strong>Irod.:<\/strong> Nagy Iv\u00e1n.<\/br><\/p>\n","protected":false},"excerpt":{"rendered":"<p>Kiss\u00e1ros Erd\u00e9lyben K\u00fck\u00fcll\u0151 v\u00e1rmegy\u00e9ben fekszik (Deleni, Magyars\u00e1ros), itt b\u00edrt \u00e9s innen \u00edrta e csal\u00e1d el\u0151nev\u00e9t. Val\u00f3sz\u00edn\u0171leg e csal\u00e1d ivad\u00e9ka volt azon S\u00e1rosy L\u00e1szl\u00f3, aki 1447-ben a budai orsz\u00e1ggy\u0171l\u00e9sre Zar\u00e1nd v\u00e1rmegye k\u00f6vete volt. Ennek rokona S\u00e1rossy Istv\u00e1n 1562-ben Zar\u00e1nd megy\u00e9ben birtokos volt Csegedszegen, Gorb\u00e1n, Echiok\u00e1n, T\u00faron \u00e9s Pip\u00e1sziban. Ami m\u00e1r az erd\u00e9lyi kiss\u00e1rosi S\u00e1rosy csal\u00e1dot illeti, [&hellip;]<\/p>\n","protected":false},"featured_media":0,"comment_status":"open","ping_status":"closed","template":"","meta":[],"product_brand":[],"product_cat":[137],"product_tag":[],"class_list":{"0":"post-19818","1":"product","2":"type-product","3":"status-publish","5":"product_cat-maros-megyei-eletrajzi-lexikon","7":"first","8":"instock","9":"shipping-taxable","10":"product-type-simple"},"_links":{"self":[{"href":"https:\/\/uj.adatbank.ro\/lexikon\/wp-json\/wp\/v2\/product\/19818","targetHints":{"allow":["GET"]}}],"collection":[{"href":"https:\/\/uj.adatbank.ro\/lexikon\/wp-json\/wp\/v2\/product"}],"about":[{"href":"https:\/\/uj.adatbank.ro\/lexikon\/wp-json\/wp\/v2\/types\/product"}],"replies":[{"embeddable":true,"href":"https:\/\/uj.adatbank.ro\/lexikon\/wp-json\/wp\/v2\/comments?post=19818"}],"wp:attachment":[{"href":"https:\/\/uj.adatbank.ro\/lexikon\/wp-json\/wp\/v2\/media?parent=19818"}],"wp:term":[{"taxonomy":"product_brand","embeddable":true,"href":"https:\/\/uj.adatbank.ro\/lexikon\/wp-json\/wp\/v2\/product_brand?post=19818"},{"taxonomy":"product_cat","embeddable":true,"href":"https:\/\/uj.adatbank.ro\/lexikon\/wp-json\/wp\/v2\/product_cat?post=19818"},{"taxonomy":"product_tag","embeddable":true,"href":"https:\/\/uj.adatbank.ro\/lexikon\/wp-json\/wp\/v2\/product_tag?post=19818"}],"curies":[{"name":"wp","href":"https:\/\/api.w.org\/{rel}","templated":true}]}}