{"id":19819,"date":"2025-07-22T18:26:15","date_gmt":"2025-07-22T16:26:15","guid":{"rendered":"https:\/\/uj.adatbank.ro\/lexikon\/termek\/sarosi-zsigmond-pokai\/"},"modified":"2025-07-22T18:26:15","modified_gmt":"2025-07-22T16:26:15","slug":"sarosi-zsigmond-pokai","status":"publish","type":"product","link":"https:\/\/uj.adatbank.ro\/lexikon\/termek\/sarosi-zsigmond-pokai\/","title":{"rendered":"S\u00c1ROSI Zsigmond, p\u00f3kai"},"content":{"rendered":"<p>? \u2020?: \u2013 A p\u00f3kai ref. templom \u00fajra\u00e9p\u00edt\u00e9s\u00e9ben seg\u00edtett (1702). <br \/><strong>Irod.:<\/strong> Kelemen Lajos 2066.<\/br><\/p>\n","protected":false},"excerpt":{"rendered":"<p>? \u2020?: \u2013 A p\u00f3kai ref. templom \u00fajra\u00e9p\u00edt\u00e9s\u00e9ben seg\u00edtett (1702). Irod.: Kelemen Lajos 2066.<\/p>\n","protected":false},"featured_media":0,"comment_status":"open","ping_status":"closed","template":"","meta":[],"product_brand":[],"product_cat":[137],"product_tag":[],"class_list":{"0":"post-19819","1":"product","2":"type-product","3":"status-publish","5":"product_cat-maros-megyei-eletrajzi-lexikon","7":"first","8":"instock","9":"shipping-taxable","10":"product-type-simple"},"_links":{"self":[{"href":"https:\/\/uj.adatbank.ro\/lexikon\/wp-json\/wp\/v2\/product\/19819","targetHints":{"allow":["GET"]}}],"collection":[{"href":"https:\/\/uj.adatbank.ro\/lexikon\/wp-json\/wp\/v2\/product"}],"about":[{"href":"https:\/\/uj.adatbank.ro\/lexikon\/wp-json\/wp\/v2\/types\/product"}],"replies":[{"embeddable":true,"href":"https:\/\/uj.adatbank.ro\/lexikon\/wp-json\/wp\/v2\/comments?post=19819"}],"wp:attachment":[{"href":"https:\/\/uj.adatbank.ro\/lexikon\/wp-json\/wp\/v2\/media?parent=19819"}],"wp:term":[{"taxonomy":"product_brand","embeddable":true,"href":"https:\/\/uj.adatbank.ro\/lexikon\/wp-json\/wp\/v2\/product_brand?post=19819"},{"taxonomy":"product_cat","embeddable":true,"href":"https:\/\/uj.adatbank.ro\/lexikon\/wp-json\/wp\/v2\/product_cat?post=19819"},{"taxonomy":"product_tag","embeddable":true,"href":"https:\/\/uj.adatbank.ro\/lexikon\/wp-json\/wp\/v2\/product_tag?post=19819"}],"curies":[{"name":"wp","href":"https:\/\/api.w.org\/{rel}","templated":true}]}}