{"id":1982,"date":"2025-06-28T12:00:04","date_gmt":"2025-06-28T10:00:04","guid":{"rendered":"https:\/\/uj.adatbank.ro\/lexikon\/termek\/balazs-marton\/"},"modified":"2025-06-28T12:00:04","modified_gmt":"2025-06-28T10:00:04","slug":"balazs-marton","status":"publish","type":"product","link":"https:\/\/uj.adatbank.ro\/lexikon\/termek\/balazs-marton\/","title":{"rendered":"BAL\u00c1ZS M\u00e1rton"},"content":{"rendered":"<p>? \u2020\u00a0? : unit. lelk\u00e9sz. \u2013 K\u00fck\u00fcll\u0151sz\u00e9plakon, Sz\u0151kefalv\u00e1n m\u0171k\u00f6d\u00f6tt (1788). A k\u00fck\u00fcll\u0151i egyh\u00e1zk\u00f6r esperese (1775\u20131800). <br \/><strong>Irod.:<\/strong> Nagy L\u00e1szl\u00f3; Zov\u00e1nyi<\/br><\/p>\n","protected":false},"excerpt":{"rendered":"<p>? \u2020\u00a0? : unit. lelk\u00e9sz. \u2013 K\u00fck\u00fcll\u0151sz\u00e9plakon, Sz\u0151kefalv\u00e1n m\u0171k\u00f6d\u00f6tt (1788). A k\u00fck\u00fcll\u0151i egyh\u00e1zk\u00f6r esperese (1775\u20131800). Irod.: Nagy L\u00e1szl\u00f3; Zov\u00e1nyi<\/p>\n","protected":false},"featured_media":0,"comment_status":"open","ping_status":"closed","template":"","meta":[],"product_brand":[],"product_cat":[137],"product_tag":[],"class_list":{"0":"post-1982","1":"product","2":"type-product","3":"status-publish","5":"product_cat-maros-megyei-eletrajzi-lexikon","7":"first","8":"instock","9":"shipping-taxable","10":"product-type-simple"},"_links":{"self":[{"href":"https:\/\/uj.adatbank.ro\/lexikon\/wp-json\/wp\/v2\/product\/1982","targetHints":{"allow":["GET"]}}],"collection":[{"href":"https:\/\/uj.adatbank.ro\/lexikon\/wp-json\/wp\/v2\/product"}],"about":[{"href":"https:\/\/uj.adatbank.ro\/lexikon\/wp-json\/wp\/v2\/types\/product"}],"replies":[{"embeddable":true,"href":"https:\/\/uj.adatbank.ro\/lexikon\/wp-json\/wp\/v2\/comments?post=1982"}],"wp:attachment":[{"href":"https:\/\/uj.adatbank.ro\/lexikon\/wp-json\/wp\/v2\/media?parent=1982"}],"wp:term":[{"taxonomy":"product_brand","embeddable":true,"href":"https:\/\/uj.adatbank.ro\/lexikon\/wp-json\/wp\/v2\/product_brand?post=1982"},{"taxonomy":"product_cat","embeddable":true,"href":"https:\/\/uj.adatbank.ro\/lexikon\/wp-json\/wp\/v2\/product_cat?post=1982"},{"taxonomy":"product_tag","embeddable":true,"href":"https:\/\/uj.adatbank.ro\/lexikon\/wp-json\/wp\/v2\/product_tag?post=1982"}],"curies":[{"name":"wp","href":"https:\/\/api.w.org\/{rel}","templated":true}]}}