{"id":19820,"date":"2025-07-22T18:26:17","date_gmt":"2025-07-22T16:26:17","guid":{"rendered":"https:\/\/uj.adatbank.ro\/lexikon\/termek\/sarosi-sarossy-pokai-csalad\/"},"modified":"2025-07-22T18:26:17","modified_gmt":"2025-07-22T16:26:17","slug":"sarosi-sarossy-pokai-csalad","status":"publish","type":"product","link":"https:\/\/uj.adatbank.ro\/lexikon\/termek\/sarosi-sarossy-pokai-csalad\/","title":{"rendered":"S\u00c1ROSI; S\u00e1rossy, p\u00f3kai csal\u00e1d"},"content":{"rendered":"<p>A p\u00f3kai S\u00e1rosiak az el\u0151kel\u0151 unit. csal\u00e1dok k\u00f6z\u00e9 tartoztak. M\u00e9g a Szapolyaiakt\u00f3l nyertek nemess\u00e9get. Nagyv\u00e1radi eredet\u0171ek, mintegy k\u00e9tsz\u00e1z \u00e9vig voltak ny\u00e1r\u00e1dszentl\u00e1szl\u00f3i birtokosok. Erd\u00e9lybe j\u00f6vetel\u00fck alkalm\u00e1val csakhamar P\u00f3k\u00e1n nyertek birtokot, \u00e9s k\u00f6z\u00fcl\u00fck val\u00f3 az a J\u00e1nos, akit K\u0151v\u00e1ry a kiss\u00e1rosiak k\u00f6zt mint \u00edt\u00e9l\u0151mestert eml\u00edt. K\u0151v\u00e1ry (a Kereszt\u00e9ny Magvet\u0151 1899. 4. sz. I. 800) a K\u00fck\u00fcll\u0151 \u00e9s Marosk\u00f6ri unit. patr\u00f3nusok k\u00f6z\u00f6tt k\u00fcl\u00f6n-k\u00fcl\u00f6n eml\u00e9kezett meg a kiss\u00e1rosi \u00e9s a p\u00f3kai S\u00e1rosiakr\u00f3l. Azonban a p\u00f3kaiak k\u00f6z\u00fcl t\u00f6bbet a kiss\u00e1rosiakn\u00e1l is eml\u00edt. <br \/><strong>Irod.:<\/strong> A p\u00f3kai S\u00e1rasiakr\u00f3l = Kelemen Lajos 2006.<\/br><\/p>\n","protected":false},"excerpt":{"rendered":"<p>A p\u00f3kai S\u00e1rosiak az el\u0151kel\u0151 unit. csal\u00e1dok k\u00f6z\u00e9 tartoztak. M\u00e9g a Szapolyaiakt\u00f3l nyertek nemess\u00e9get. Nagyv\u00e1radi eredet\u0171ek, mintegy k\u00e9tsz\u00e1z \u00e9vig voltak ny\u00e1r\u00e1dszentl\u00e1szl\u00f3i birtokosok. Erd\u00e9lybe j\u00f6vetel\u00fck alkalm\u00e1val csakhamar P\u00f3k\u00e1n nyertek birtokot, \u00e9s k\u00f6z\u00fcl\u00fck val\u00f3 az a J\u00e1nos, akit K\u0151v\u00e1ry a kiss\u00e1rosiak k\u00f6zt mint \u00edt\u00e9l\u0151mestert eml\u00edt. K\u0151v\u00e1ry (a Kereszt\u00e9ny Magvet\u0151 1899. 4. sz. I. 800) a K\u00fck\u00fcll\u0151 \u00e9s [&hellip;]<\/p>\n","protected":false},"featured_media":0,"comment_status":"open","ping_status":"closed","template":"","meta":[],"product_brand":[],"product_cat":[137],"product_tag":[],"class_list":{"0":"post-19820","1":"product","2":"type-product","3":"status-publish","5":"product_cat-maros-megyei-eletrajzi-lexikon","7":"first","8":"instock","9":"shipping-taxable","10":"product-type-simple"},"_links":{"self":[{"href":"https:\/\/uj.adatbank.ro\/lexikon\/wp-json\/wp\/v2\/product\/19820","targetHints":{"allow":["GET"]}}],"collection":[{"href":"https:\/\/uj.adatbank.ro\/lexikon\/wp-json\/wp\/v2\/product"}],"about":[{"href":"https:\/\/uj.adatbank.ro\/lexikon\/wp-json\/wp\/v2\/types\/product"}],"replies":[{"embeddable":true,"href":"https:\/\/uj.adatbank.ro\/lexikon\/wp-json\/wp\/v2\/comments?post=19820"}],"wp:attachment":[{"href":"https:\/\/uj.adatbank.ro\/lexikon\/wp-json\/wp\/v2\/media?parent=19820"}],"wp:term":[{"taxonomy":"product_brand","embeddable":true,"href":"https:\/\/uj.adatbank.ro\/lexikon\/wp-json\/wp\/v2\/product_brand?post=19820"},{"taxonomy":"product_cat","embeddable":true,"href":"https:\/\/uj.adatbank.ro\/lexikon\/wp-json\/wp\/v2\/product_cat?post=19820"},{"taxonomy":"product_tag","embeddable":true,"href":"https:\/\/uj.adatbank.ro\/lexikon\/wp-json\/wp\/v2\/product_tag?post=19820"}],"curies":[{"name":"wp","href":"https:\/\/api.w.org\/{rel}","templated":true}]}}