{"id":19821,"date":"2025-07-22T18:26:20","date_gmt":"2025-07-22T16:26:20","guid":{"rendered":"https:\/\/uj.adatbank.ro\/lexikon\/termek\/sarosi-sarossyi-pokai-csalad\/"},"modified":"2025-07-22T18:26:20","modified_gmt":"2025-07-22T16:26:20","slug":"sarosi-sarossyi-pokai-csalad","status":"publish","type":"product","link":"https:\/\/uj.adatbank.ro\/lexikon\/termek\/sarosi-sarossyi-pokai-csalad\/","title":{"rendered":"S\u00c1ROSI; S\u00e1rossyi p\u00f3kai csal\u00e1d"},"content":{"rendered":"<p>S\u00e1rosmegyei Kiss\u00e1rosr\u00f3l j\u00f6tt P\u00f3k\u00e1ba \u00e9s S. J\u00e1nos \u00edt\u00e9l\u0151mester kiss\u00e1rosi el\u0151nev\u00e9t a p\u00f3kaira v\u00e1ltotta fel, R\u00e1k\u00f3czi Gy\u00f6rgy \u00edt\u00e9l\u0151mestere volt, egy k\u00fari\u00e1t kapott Szentl\u00e1szl\u00f3n (1641. jan. 26.), S\u00e1muel (1791\u2013) az erd\u00e9lyi orsz\u00e1ggy\u0171l\u00e9sen kir\u00e1lyi hivatalos; Gy\u00f6rgy 1794. \u00e9vi orsz\u00e1ggy\u0171l\u00e9sen Marossz\u00e9k k\u00f6vete, \u00e9s azon sz\u00e9k havasainak f\u0151inspektora. J\u00f3zsef Torda v\u00e1rmegy\u00e9ben \u00e1rvasz\u00e9ki \u00fcln\u00f6k (1815-ben.). Erd\u00e9lyben m\u00e9g t\u00f6bb e nev\u0171 csal\u00e1dbelieket tal\u00e1lunk, kiknek azonban v\u00e9rs\u00e9gi \u00f6sszek\u00f6ttet\u00e9seiket nem ismerj\u00fck, \u00edgy: S. Ferencnek neje J\u00e1rmi Judit Torda megy\u00e9ben \u00f3. \u00e9s m. dell\u0151i birtokos. S. S\u00e1muel \u00f6zvegye Mikl\u00f3s S\u00e1ra P\u00e9nteken, s Mih\u00e1ly, J\u00e1nos, Lajos \u00e9s M\u00f3zes Fels\u0151 megy\u00e9ben Gez\u00e9sen birtokosok. S. L\u00e1szl\u00f3 \u00f6zvegye Hunyad megy\u00e9ben Bok\u00e1n b\u00edr. S. K\u00e1roly sz\u00e9kely nemes csal\u00e1db\u00f3l r. kath. pap. \u00e9s m. v\u00e1s\u00e1rhelyi tan\u00e1r. S. M\u00e1ria Nagy L\u0151rincn\u00e9. C\u00edmerpecs\u00e9t \u00e9s lesz\u00e1rmaz\u00e1si adatok a gr. Teleki-lev\u00e9lt\u00e1rban Mv. <br \/><strong>Irod.:<\/strong> Kempelen; Nagy Iv\u00e1n; P\u00e1lmay.<\/br><\/p>\n","protected":false},"excerpt":{"rendered":"<p>S\u00e1rosmegyei Kiss\u00e1rosr\u00f3l j\u00f6tt P\u00f3k\u00e1ba \u00e9s S. J\u00e1nos \u00edt\u00e9l\u0151mester kiss\u00e1rosi el\u0151nev\u00e9t a p\u00f3kaira v\u00e1ltotta fel, R\u00e1k\u00f3czi Gy\u00f6rgy \u00edt\u00e9l\u0151mestere volt, egy k\u00fari\u00e1t kapott Szentl\u00e1szl\u00f3n (1641. jan. 26.), S\u00e1muel (1791\u2013) az erd\u00e9lyi orsz\u00e1ggy\u0171l\u00e9sen kir\u00e1lyi hivatalos; Gy\u00f6rgy 1794. \u00e9vi orsz\u00e1ggy\u0171l\u00e9sen Marossz\u00e9k k\u00f6vete, \u00e9s azon sz\u00e9k havasainak f\u0151inspektora. J\u00f3zsef Torda v\u00e1rmegy\u00e9ben \u00e1rvasz\u00e9ki \u00fcln\u00f6k (1815-ben.). Erd\u00e9lyben m\u00e9g t\u00f6bb e nev\u0171 csal\u00e1dbelieket [&hellip;]<\/p>\n","protected":false},"featured_media":0,"comment_status":"open","ping_status":"closed","template":"","meta":[],"product_brand":[],"product_cat":[137],"product_tag":[],"class_list":{"0":"post-19821","1":"product","2":"type-product","3":"status-publish","5":"product_cat-maros-megyei-eletrajzi-lexikon","7":"first","8":"instock","9":"shipping-taxable","10":"product-type-simple"},"_links":{"self":[{"href":"https:\/\/uj.adatbank.ro\/lexikon\/wp-json\/wp\/v2\/product\/19821","targetHints":{"allow":["GET"]}}],"collection":[{"href":"https:\/\/uj.adatbank.ro\/lexikon\/wp-json\/wp\/v2\/product"}],"about":[{"href":"https:\/\/uj.adatbank.ro\/lexikon\/wp-json\/wp\/v2\/types\/product"}],"replies":[{"embeddable":true,"href":"https:\/\/uj.adatbank.ro\/lexikon\/wp-json\/wp\/v2\/comments?post=19821"}],"wp:attachment":[{"href":"https:\/\/uj.adatbank.ro\/lexikon\/wp-json\/wp\/v2\/media?parent=19821"}],"wp:term":[{"taxonomy":"product_brand","embeddable":true,"href":"https:\/\/uj.adatbank.ro\/lexikon\/wp-json\/wp\/v2\/product_brand?post=19821"},{"taxonomy":"product_cat","embeddable":true,"href":"https:\/\/uj.adatbank.ro\/lexikon\/wp-json\/wp\/v2\/product_cat?post=19821"},{"taxonomy":"product_tag","embeddable":true,"href":"https:\/\/uj.adatbank.ro\/lexikon\/wp-json\/wp\/v2\/product_tag?post=19821"}],"curies":[{"name":"wp","href":"https:\/\/api.w.org\/{rel}","templated":true}]}}