{"id":19825,"date":"2025-07-22T18:26:28","date_gmt":"2025-07-22T16:26:28","guid":{"rendered":"https:\/\/uj.adatbank.ro\/lexikon\/termek\/sarpataki-gyorgy\/"},"modified":"2025-07-22T18:26:28","modified_gmt":"2025-07-22T16:26:28","slug":"sarpataki-gyorgy","status":"publish","type":"product","link":"https:\/\/uj.adatbank.ro\/lexikon\/termek\/sarpataki-gyorgy\/","title":{"rendered":"S\u00c1RPATAKI Gy\u00f6rgy"},"content":{"rendered":"<p>? \u2020? t\u00e1blab\u00edr\u00f3. \u2013 Als\u00f3-Feh\u00e9r megy\u00e9ben jegyz\u0151, f\u0151b\u00edr\u00f3, majd a kir\u00e1lyi t\u00e1bla t\u00e1blab\u00edr\u00f3ja (1792. k.). <br \/><strong>Irod.:<\/strong> Fogarasi.<\/br><\/p>\n","protected":false},"excerpt":{"rendered":"<p>? \u2020? t\u00e1blab\u00edr\u00f3. \u2013 Als\u00f3-Feh\u00e9r megy\u00e9ben jegyz\u0151, f\u0151b\u00edr\u00f3, majd a kir\u00e1lyi t\u00e1bla t\u00e1blab\u00edr\u00f3ja (1792. k.). Irod.: Fogarasi.<\/p>\n","protected":false},"featured_media":0,"comment_status":"open","ping_status":"closed","template":"","meta":[],"product_brand":[],"product_cat":[137],"product_tag":[],"class_list":{"0":"post-19825","1":"product","2":"type-product","3":"status-publish","5":"product_cat-maros-megyei-eletrajzi-lexikon","7":"first","8":"instock","9":"shipping-taxable","10":"product-type-simple"},"_links":{"self":[{"href":"https:\/\/uj.adatbank.ro\/lexikon\/wp-json\/wp\/v2\/product\/19825","targetHints":{"allow":["GET"]}}],"collection":[{"href":"https:\/\/uj.adatbank.ro\/lexikon\/wp-json\/wp\/v2\/product"}],"about":[{"href":"https:\/\/uj.adatbank.ro\/lexikon\/wp-json\/wp\/v2\/types\/product"}],"replies":[{"embeddable":true,"href":"https:\/\/uj.adatbank.ro\/lexikon\/wp-json\/wp\/v2\/comments?post=19825"}],"wp:attachment":[{"href":"https:\/\/uj.adatbank.ro\/lexikon\/wp-json\/wp\/v2\/media?parent=19825"}],"wp:term":[{"taxonomy":"product_brand","embeddable":true,"href":"https:\/\/uj.adatbank.ro\/lexikon\/wp-json\/wp\/v2\/product_brand?post=19825"},{"taxonomy":"product_cat","embeddable":true,"href":"https:\/\/uj.adatbank.ro\/lexikon\/wp-json\/wp\/v2\/product_cat?post=19825"},{"taxonomy":"product_tag","embeddable":true,"href":"https:\/\/uj.adatbank.ro\/lexikon\/wp-json\/wp\/v2\/product_tag?post=19825"}],"curies":[{"name":"wp","href":"https:\/\/api.w.org\/{rel}","templated":true}]}}