{"id":19829,"date":"2025-07-22T18:26:36","date_gmt":"2025-07-22T16:26:36","guid":{"rendered":"https:\/\/uj.adatbank.ro\/lexikon\/termek\/sarpataki-marton-sarpataki-saarpataki-sarpataky-nagy-marton\/"},"modified":"2025-07-22T18:26:36","modified_gmt":"2025-07-22T16:26:36","slug":"sarpataki-marton-sarpataki-saarpataki-sarpataky-nagy-marton","status":"publish","type":"product","link":"https:\/\/uj.adatbank.ro\/lexikon\/termek\/sarpataki-marton-sarpataki-saarpataki-sarpataky-nagy-marton\/","title":{"rendered":"S\u00c1RPATAKI M\u00e1rton, Sarpataki, Saarpataki, S\u00e1rpataky, Nagy M\u00e1rton"},"content":{"rendered":"<p>Maross\u00e1rpatak? \u2020\u00a01680.: pr\u00f3k\u00e1tor, \u00edt\u00e9l\u0151mester. \u2013 Apja Nagy M\u00e1rton jobb\u00e1gy. Feles\u00e9ge a dell\u0151i J\u00e1rmi Erzs\u00e9bet. Gyermekeik: 2 fi\u00fa \u00e9s 2 l\u00e1ny. Egyik le\u00e1nya Rebeka, br. Korda Zsigmondn\u00e9; fia M\u00e1rton J\u00f3zsef (\u2020 1727) katoliz\u00e1lt gr. c\u00edmert nyert \u00e9s Keresztesre v\u00e1ltoztatta a nev\u00e9t. Sombereki Istv\u00e1nn\u00e9 Mindszenti Krisztina udvarb\u00edr\u00f3ja. K\u00e9t tehets\u00e9ges fi\u00e1t M\u00e1rtont \u00e9s L\u00e1szl\u00f3t minden bizonnyal k\u00fclf\u00f6ld\u00f6n tan\u00edttatta. M\u00e1rton neves pr\u00f3k\u00e1tor, a kisebbik kancell\u00e1ria \u00edr\u00f3de\u00e1kja (1638\u201342), gr. Cs\u00e1ky Istv\u00e1nn\u00e9 Mindszenti Krisztin\u00e1t\u00f3l felszabad\u00edt\u00f3 levelet \u00e9s egy bels\u0151 telket kapott (1649. dec.15.) \u00e9s felvette a S\u00e1rpataki nevet. II. R\u00e1k\u00f3czi Gy\u00f6rgy fejedelem idej\u00e9n fokozatosan haladt el\u0151re a rangl\u00e9tr\u00e1n: l\u00f3f\u0151, fisk\u00e1lis direktor \u2013 Erd\u00e9ly f\u0151jegyz\u0151je (1653\u201356),Ugron Andr\u00e1s f\u0151p\u00e9nzt\u00e1ros mellett a k\u00fcl\u00f6nleges ad\u00f3k kezel\u0151je, az orsz\u00e1g \u00edt\u00e9l\u0151mestere (1660\u201377), majd tan\u00e1csos. Kor\u00e1nak legismertebb \u00e9s legjelesebb jog\u00e1sza volt. \u00d6reg kor\u00e1ban visszat\u00e9rt S\u00e1rpatakra, mag\u00e1nyosan \u00e9lt. Csal\u00e1dja val\u00f3sz\u00edn\u0171leg kihalt. A s\u00e1rpataki ref. egyh\u00e1z \u00e1ldozatk\u00e9sz t\u00e1mogat\u00f3ja volt. \u00dajra\u00f6ntette (1669) a templom r\u00e9gi harangj\u00e1t, mivel az megs\u00e9r\u00fclt, amikor a t\u00f6r\u00f6k t\u00e1mad\u00e1sok idej\u00e9n a templomot fel\u00e9gett\u00e9k. Hal\u00e1la ut\u00e1n a r\u00e9gi ref. templom kript\u00e1j\u00e1ban temett\u00e9k el. K\u0151be v\u00e9sett c\u00edmeres eml\u00e9kt\u00e1bl\u00e1ja ma az \u00faj templomban l\u00e1that\u00f3 az \u00e9szaki falba be\u00e9p\u00edtve. <br \/><strong>Irod.:<\/strong> Ifj. Bi\u00e1s Istv\u00e1n. (Geneal\u00f3giai F\u00fczetek, 4, 1906); Bo\u00e9r Hunor: A Magyar Auton\u00f3m Tartom\u00e1ny M\u00fazeumainak Kollekt\u00edv Tan\u00e1csa (1956\u20131957) = Maros megyei m. 3.; Cs\u00e1ki \u00c1rp\u00e1d: Kendi J\u00e1nos, Apafi Mih\u00e1ly fejedelem \u00edt\u00e9l\u0151mestere = P\u00e1l-Antal \u2013 Simon; L\u00e9sty\u00e1n \u2013 templomok; Teleki Mih\u00e1ly udvartart\u00e1si napl\u00f3ja (1673\u20131681) (Kv., 2007).<\/br><\/p>\n","protected":false},"excerpt":{"rendered":"<p>Maross\u00e1rpatak? \u2020\u00a01680.: pr\u00f3k\u00e1tor, \u00edt\u00e9l\u0151mester. \u2013 Apja Nagy M\u00e1rton jobb\u00e1gy. Feles\u00e9ge a dell\u0151i J\u00e1rmi Erzs\u00e9bet. Gyermekeik: 2 fi\u00fa \u00e9s 2 l\u00e1ny. Egyik le\u00e1nya Rebeka, br. Korda Zsigmondn\u00e9; fia M\u00e1rton J\u00f3zsef (\u2020 1727) katoliz\u00e1lt gr. c\u00edmert nyert \u00e9s Keresztesre v\u00e1ltoztatta a nev\u00e9t. Sombereki Istv\u00e1nn\u00e9 Mindszenti Krisztina udvarb\u00edr\u00f3ja. K\u00e9t tehets\u00e9ges fi\u00e1t M\u00e1rtont \u00e9s L\u00e1szl\u00f3t minden bizonnyal k\u00fclf\u00f6ld\u00f6n tan\u00edttatta. [&hellip;]<\/p>\n","protected":false},"featured_media":0,"comment_status":"open","ping_status":"closed","template":"","meta":[],"product_brand":[],"product_cat":[137],"product_tag":[],"class_list":{"0":"post-19829","1":"product","2":"type-product","3":"status-publish","5":"product_cat-maros-megyei-eletrajzi-lexikon","7":"first","8":"instock","9":"shipping-taxable","10":"product-type-simple"},"_links":{"self":[{"href":"https:\/\/uj.adatbank.ro\/lexikon\/wp-json\/wp\/v2\/product\/19829","targetHints":{"allow":["GET"]}}],"collection":[{"href":"https:\/\/uj.adatbank.ro\/lexikon\/wp-json\/wp\/v2\/product"}],"about":[{"href":"https:\/\/uj.adatbank.ro\/lexikon\/wp-json\/wp\/v2\/types\/product"}],"replies":[{"embeddable":true,"href":"https:\/\/uj.adatbank.ro\/lexikon\/wp-json\/wp\/v2\/comments?post=19829"}],"wp:attachment":[{"href":"https:\/\/uj.adatbank.ro\/lexikon\/wp-json\/wp\/v2\/media?parent=19829"}],"wp:term":[{"taxonomy":"product_brand","embeddable":true,"href":"https:\/\/uj.adatbank.ro\/lexikon\/wp-json\/wp\/v2\/product_brand?post=19829"},{"taxonomy":"product_cat","embeddable":true,"href":"https:\/\/uj.adatbank.ro\/lexikon\/wp-json\/wp\/v2\/product_cat?post=19829"},{"taxonomy":"product_tag","embeddable":true,"href":"https:\/\/uj.adatbank.ro\/lexikon\/wp-json\/wp\/v2\/product_tag?post=19829"}],"curies":[{"name":"wp","href":"https:\/\/api.w.org\/{rel}","templated":true}]}}