{"id":19830,"date":"2025-07-22T18:26:38","date_gmt":"2025-07-22T16:26:38","guid":{"rendered":"https:\/\/uj.adatbank.ro\/lexikon\/termek\/sarpataki-peter\/"},"modified":"2025-07-22T18:26:38","modified_gmt":"2025-07-22T16:26:38","slug":"sarpataki-peter","status":"publish","type":"product","link":"https:\/\/uj.adatbank.ro\/lexikon\/termek\/sarpataki-peter\/","title":{"rendered":"S\u00c1RPATAKI P\u00e9ter"},"content":{"rendered":"<p>? \u2020?: ref. lelk\u00e9sz. \u2013 A mv.-i Ref. Koll.-ban tanult (1659). Erny\u00e9ben volt pap (1692\u20131703). Nev\u00e9b\u0151l arra k\u00f6vetkeztethet\u00fcnk, h. a szomsz\u00e9dos S\u00e1rpatakr\u00f3l sz\u00e1rmazott. Idej\u00e9ben kapott az egyh\u00e1z, Ka\u00e1li J\u00e1nos nemest\u0151l egy telket, amelyre ekl\u00e9zsi\u00e1t \u00e9s iskol\u00e1t \u00e9p\u00edtettek (1702. m\u00e1rc. 19.). <br \/><strong>Irod.:<\/strong> Nagyernye.<\/br><\/p>\n","protected":false},"excerpt":{"rendered":"<p>? \u2020?: ref. lelk\u00e9sz. \u2013 A mv.-i Ref. Koll.-ban tanult (1659). Erny\u00e9ben volt pap (1692\u20131703). Nev\u00e9b\u0151l arra k\u00f6vetkeztethet\u00fcnk, h. a szomsz\u00e9dos S\u00e1rpatakr\u00f3l sz\u00e1rmazott. Idej\u00e9ben kapott az egyh\u00e1z, Ka\u00e1li J\u00e1nos nemest\u0151l egy telket, amelyre ekl\u00e9zsi\u00e1t \u00e9s iskol\u00e1t \u00e9p\u00edtettek (1702. m\u00e1rc. 19.). Irod.: Nagyernye.<\/p>\n","protected":false},"featured_media":0,"comment_status":"open","ping_status":"closed","template":"","meta":[],"product_brand":[],"product_cat":[137],"product_tag":[],"class_list":{"0":"post-19830","1":"product","2":"type-product","3":"status-publish","5":"product_cat-maros-megyei-eletrajzi-lexikon","7":"first","8":"instock","9":"shipping-taxable","10":"product-type-simple"},"_links":{"self":[{"href":"https:\/\/uj.adatbank.ro\/lexikon\/wp-json\/wp\/v2\/product\/19830","targetHints":{"allow":["GET"]}}],"collection":[{"href":"https:\/\/uj.adatbank.ro\/lexikon\/wp-json\/wp\/v2\/product"}],"about":[{"href":"https:\/\/uj.adatbank.ro\/lexikon\/wp-json\/wp\/v2\/types\/product"}],"replies":[{"embeddable":true,"href":"https:\/\/uj.adatbank.ro\/lexikon\/wp-json\/wp\/v2\/comments?post=19830"}],"wp:attachment":[{"href":"https:\/\/uj.adatbank.ro\/lexikon\/wp-json\/wp\/v2\/media?parent=19830"}],"wp:term":[{"taxonomy":"product_brand","embeddable":true,"href":"https:\/\/uj.adatbank.ro\/lexikon\/wp-json\/wp\/v2\/product_brand?post=19830"},{"taxonomy":"product_cat","embeddable":true,"href":"https:\/\/uj.adatbank.ro\/lexikon\/wp-json\/wp\/v2\/product_cat?post=19830"},{"taxonomy":"product_tag","embeddable":true,"href":"https:\/\/uj.adatbank.ro\/lexikon\/wp-json\/wp\/v2\/product_tag?post=19830"}],"curies":[{"name":"wp","href":"https:\/\/api.w.org\/{rel}","templated":true}]}}