{"id":19833,"date":"2025-07-22T18:26:44","date_gmt":"2025-07-22T16:26:44","guid":{"rendered":"https:\/\/uj.adatbank.ro\/lexikon\/termek\/sartoris-pal-laurentius-natus-pauli-sartoris-de-scekelwasahel\/"},"modified":"2025-07-22T18:26:44","modified_gmt":"2025-07-22T16:26:44","slug":"sartoris-pal-laurentius-natus-pauli-sartoris-de-scekelwasahel","status":"publish","type":"product","link":"https:\/\/uj.adatbank.ro\/lexikon\/termek\/sartoris-pal-laurentius-natus-pauli-sartoris-de-scekelwasahel\/","title":{"rendered":"SARTORIS, P\u00e1l, Laurentius natus Pauli Sartoris de Scekelwasahel"},"content":{"rendered":"<p>? \u2020?: k\u00f6zjegyz\u0151. \u2013 P\u00e1pai \u00e9s cs\u00e1sz\u00e1ri k\u00f6zjegyz\u0151 az erd\u00e9lyi egyh\u00e1zmegy\u00e9ben. Egy Mv.-en keltezett okl. maradt fenn t\u0151le a gr. Teleki csal\u00e1d oklev\u00e9lt\u00e1r\u00e1ban (1495. szept. 28.). <br \/><strong>Irod.:<\/strong> Tonk S\u00e1ndor: A k\u00f6z\u00e9pkori k\u00f6zjegyz\u0151s\u00e9g Erd\u00e9lyben = M\u0171vt\u00f6rt. T. 1980.<\/br><\/p>\n","protected":false},"excerpt":{"rendered":"<p>? \u2020?: k\u00f6zjegyz\u0151. \u2013 P\u00e1pai \u00e9s cs\u00e1sz\u00e1ri k\u00f6zjegyz\u0151 az erd\u00e9lyi egyh\u00e1zmegy\u00e9ben. Egy Mv.-en keltezett okl. maradt fenn t\u0151le a gr. Teleki csal\u00e1d oklev\u00e9lt\u00e1r\u00e1ban (1495. szept. 28.). Irod.: Tonk S\u00e1ndor: A k\u00f6z\u00e9pkori k\u00f6zjegyz\u0151s\u00e9g Erd\u00e9lyben = M\u0171vt\u00f6rt. T. 1980.<\/p>\n","protected":false},"featured_media":0,"comment_status":"open","ping_status":"closed","template":"","meta":[],"product_brand":[],"product_cat":[137],"product_tag":[],"class_list":{"0":"post-19833","1":"product","2":"type-product","3":"status-publish","5":"product_cat-maros-megyei-eletrajzi-lexikon","7":"first","8":"instock","9":"shipping-taxable","10":"product-type-simple"},"_links":{"self":[{"href":"https:\/\/uj.adatbank.ro\/lexikon\/wp-json\/wp\/v2\/product\/19833","targetHints":{"allow":["GET"]}}],"collection":[{"href":"https:\/\/uj.adatbank.ro\/lexikon\/wp-json\/wp\/v2\/product"}],"about":[{"href":"https:\/\/uj.adatbank.ro\/lexikon\/wp-json\/wp\/v2\/types\/product"}],"replies":[{"embeddable":true,"href":"https:\/\/uj.adatbank.ro\/lexikon\/wp-json\/wp\/v2\/comments?post=19833"}],"wp:attachment":[{"href":"https:\/\/uj.adatbank.ro\/lexikon\/wp-json\/wp\/v2\/media?parent=19833"}],"wp:term":[{"taxonomy":"product_brand","embeddable":true,"href":"https:\/\/uj.adatbank.ro\/lexikon\/wp-json\/wp\/v2\/product_brand?post=19833"},{"taxonomy":"product_cat","embeddable":true,"href":"https:\/\/uj.adatbank.ro\/lexikon\/wp-json\/wp\/v2\/product_cat?post=19833"},{"taxonomy":"product_tag","embeddable":true,"href":"https:\/\/uj.adatbank.ro\/lexikon\/wp-json\/wp\/v2\/product_tag?post=19833"}],"curies":[{"name":"wp","href":"https:\/\/api.w.org\/{rel}","templated":true}]}}