{"id":19839,"date":"2025-07-22T18:26:58","date_gmt":"2025-07-22T16:26:58","guid":{"rendered":"https:\/\/uj.adatbank.ro\/lexikon\/termek\/sartorius-paul\/"},"modified":"2025-07-22T18:26:58","modified_gmt":"2025-07-22T16:26:58","slug":"sartorius-paul","status":"publish","type":"product","link":"https:\/\/uj.adatbank.ro\/lexikon\/termek\/sartorius-paul\/","title":{"rendered":"SARTORIUS, Paul"},"content":{"rendered":"<p>? \u2020?: erd\u00e9lyi fest\u0151 (aus Keisd, Sz\u00e1szk\u00e9zd) \u2013 1520-ban festette a schweischeri S\u00f6v\u00e9nys\u00e9g (Sz\u00e1szf\u00f6ldi) templom sz\u00e1rnyasolt\u00e1r\u00e1t. <br \/><strong>Irod.:<\/strong> \u00c9ber<\/br><\/p>\n","protected":false},"excerpt":{"rendered":"<p>? \u2020?: erd\u00e9lyi fest\u0151 (aus Keisd, Sz\u00e1szk\u00e9zd) \u2013 1520-ban festette a schweischeri S\u00f6v\u00e9nys\u00e9g (Sz\u00e1szf\u00f6ldi) templom sz\u00e1rnyasolt\u00e1r\u00e1t. Irod.: \u00c9ber<\/p>\n","protected":false},"featured_media":0,"comment_status":"open","ping_status":"closed","template":"","meta":[],"product_brand":[],"product_cat":[137],"product_tag":[],"class_list":{"0":"post-19839","1":"product","2":"type-product","3":"status-publish","5":"product_cat-maros-megyei-eletrajzi-lexikon","7":"first","8":"instock","9":"shipping-taxable","10":"product-type-simple"},"_links":{"self":[{"href":"https:\/\/uj.adatbank.ro\/lexikon\/wp-json\/wp\/v2\/product\/19839","targetHints":{"allow":["GET"]}}],"collection":[{"href":"https:\/\/uj.adatbank.ro\/lexikon\/wp-json\/wp\/v2\/product"}],"about":[{"href":"https:\/\/uj.adatbank.ro\/lexikon\/wp-json\/wp\/v2\/types\/product"}],"replies":[{"embeddable":true,"href":"https:\/\/uj.adatbank.ro\/lexikon\/wp-json\/wp\/v2\/comments?post=19839"}],"wp:attachment":[{"href":"https:\/\/uj.adatbank.ro\/lexikon\/wp-json\/wp\/v2\/media?parent=19839"}],"wp:term":[{"taxonomy":"product_brand","embeddable":true,"href":"https:\/\/uj.adatbank.ro\/lexikon\/wp-json\/wp\/v2\/product_brand?post=19839"},{"taxonomy":"product_cat","embeddable":true,"href":"https:\/\/uj.adatbank.ro\/lexikon\/wp-json\/wp\/v2\/product_cat?post=19839"},{"taxonomy":"product_tag","embeddable":true,"href":"https:\/\/uj.adatbank.ro\/lexikon\/wp-json\/wp\/v2\/product_tag?post=19839"}],"curies":[{"name":"wp","href":"https:\/\/api.w.org\/{rel}","templated":true}]}}