{"id":19840,"date":"2025-07-22T18:27:00","date_gmt":"2025-07-22T16:27:00","guid":{"rendered":"https:\/\/uj.adatbank.ro\/lexikon\/termek\/sarudi-laszlo\/"},"modified":"2025-07-22T18:27:00","modified_gmt":"2025-07-22T16:27:00","slug":"sarudi-laszlo","status":"publish","type":"product","link":"https:\/\/uj.adatbank.ro\/lexikon\/termek\/sarudi-laszlo\/","title":{"rendered":"SARUDI L\u00e1szl\u00f3"},"content":{"rendered":"<p>? \u2020?: gy\u00f3gyszer\u00e9sz. \u2013 A Centrofarm Gy\u00f3gyszerkereskedelmi V\u00e1llalat mv.-i k\u00f6zpontj\u00e1nak igazgat\u00f3ja (1950\u201357). A Mv.-en megjelen\u0151 korabeli egyetlen m. nyelv\u0171 gy\u00f3gyszer\u00e9szeti szaklap, az \u00c9rtes\u00edt\u0151 (1956\u201357) szerkeszt\u0151bizotts\u00e1gi tagja. <br \/><strong>Irod.:<\/strong> P\u00e9ter H. M. 2013.<\/br><\/p>\n","protected":false},"excerpt":{"rendered":"<p>? \u2020?: gy\u00f3gyszer\u00e9sz. \u2013 A Centrofarm Gy\u00f3gyszerkereskedelmi V\u00e1llalat mv.-i k\u00f6zpontj\u00e1nak igazgat\u00f3ja (1950\u201357). A Mv.-en megjelen\u0151 korabeli egyetlen m. nyelv\u0171 gy\u00f3gyszer\u00e9szeti szaklap, az \u00c9rtes\u00edt\u0151 (1956\u201357) szerkeszt\u0151bizotts\u00e1gi tagja. Irod.: P\u00e9ter H. M. 2013.<\/p>\n","protected":false},"featured_media":0,"comment_status":"open","ping_status":"closed","template":"","meta":[],"product_brand":[],"product_cat":[137],"product_tag":[],"class_list":{"0":"post-19840","1":"product","2":"type-product","3":"status-publish","5":"product_cat-maros-megyei-eletrajzi-lexikon","7":"first","8":"instock","9":"shipping-taxable","10":"product-type-simple"},"_links":{"self":[{"href":"https:\/\/uj.adatbank.ro\/lexikon\/wp-json\/wp\/v2\/product\/19840","targetHints":{"allow":["GET"]}}],"collection":[{"href":"https:\/\/uj.adatbank.ro\/lexikon\/wp-json\/wp\/v2\/product"}],"about":[{"href":"https:\/\/uj.adatbank.ro\/lexikon\/wp-json\/wp\/v2\/types\/product"}],"replies":[{"embeddable":true,"href":"https:\/\/uj.adatbank.ro\/lexikon\/wp-json\/wp\/v2\/comments?post=19840"}],"wp:attachment":[{"href":"https:\/\/uj.adatbank.ro\/lexikon\/wp-json\/wp\/v2\/media?parent=19840"}],"wp:term":[{"taxonomy":"product_brand","embeddable":true,"href":"https:\/\/uj.adatbank.ro\/lexikon\/wp-json\/wp\/v2\/product_brand?post=19840"},{"taxonomy":"product_cat","embeddable":true,"href":"https:\/\/uj.adatbank.ro\/lexikon\/wp-json\/wp\/v2\/product_cat?post=19840"},{"taxonomy":"product_tag","embeddable":true,"href":"https:\/\/uj.adatbank.ro\/lexikon\/wp-json\/wp\/v2\/product_tag?post=19840"}],"curies":[{"name":"wp","href":"https:\/\/api.w.org\/{rel}","templated":true}]}}