{"id":19842,"date":"2025-07-22T18:27:05","date_gmt":"2025-07-22T16:27:05","guid":{"rendered":"https:\/\/uj.adatbank.ro\/lexikon\/termek\/sas-dragos-andrei-dragos-sas-andrei\/"},"modified":"2025-07-22T18:27:05","modified_gmt":"2025-07-22T16:27:05","slug":"sas-dragos-andrei-dragos-sas-andrei","status":"publish","type":"product","link":"https:\/\/uj.adatbank.ro\/lexikon\/termek\/sas-dragos-andrei-dragos-sas-andrei\/","title":{"rendered":"SAS, Drago\u015f Andrei, Drago\u015f Sas, Andrei"},"content":{"rendered":"<p>Dics\u0151szentm\u00e1rton vagy Segesv\u00e1r k\u00f6rny\u00e9k\u00e9n, 1912., \u2020 Fresnes (Franciao.), 1943. m\u00e1rc. 13.: antifasiszta harcos. \u2013 Apja a Zichy gr.-i birtokokon szolga, kor\u00e1n meghalt, anyja buk.-i csel\u00e9d \u00e9s szint\u00e9n szolga. Nagyapja gondoskodott tanul\u00e1s\u00e1r\u00f3l. Az elemi iskol\u00e1t H\u00e9derf\u00e1j\u00e1n \u00e9s Bonyh\u00e1n v\u00e9gezte, azut\u00e1n szab\u00f3inas volt Dics\u0151szentm\u00e1rtonban, szakmunk\u00e1s k\u00f6nyvet szerzett (1928). Buk.-ben szab\u00f3m\u0171helyekben dolgozott, megismerkedett a munk\u00e1smozgalommal, a KISZ tag lett. R\u00e9szt vett a Sallai \u00e9s F\u00fcrst hal\u00e1los \u00edt\u00e9lete ellen szervezett t\u00fcntet\u00e9sben (1932). T\u00f6bb RKP szervezte t\u00fcntet\u00e9sen vett r\u00e9szt (1933). Besorozt\u00e1k katon\u00e1nak a 84-es lovass\u00e1gi ezredbe (1934 \u0151sz\u00e9n), ahol a buk.-i katonai k\u00f6rzet szab\u00f3m\u0171hely\u00e9ben dolgozott. A prolet\u00e1r nemzetk\u00f6zis\u00e9g szellem\u00e9ben \u00f6nk\u00e9nt jelentkezett a spanyolo.-i h\u00e1bor\u00faba (1936), r\u00e9szt vett a harcokban Albaceten, a 129. nemzetk\u00f6zi dand\u00e1r keret\u00e9ben, majd a Tudor Vladimirescu l\u00e9gelh\u00e1r\u00edt\u00f3 \u00fcteghez csatlakozott \u00e9s r\u00e9szt vett az Ebru foly\u00f3 menti harcokban. Itt ismerte meg Nicolae Cristea parancsnokot. Tagja lett a RKP.-nak (1938). A rom\u00e1n \u00f6nk\u00e9nteseket a francia korm\u00e1ny rendelet\u00e9re lefegyverezt\u00e9k (1939), a Saint-Cyprienne, Argel\u00e9s-sur-Mer \u00e9s Gurs l\u00e1gereibe intern\u00e1lt\u00e1k. T\u00f6bb t\u00e1rs\u00e1val bekapcsol\u00f3dott a francia antifasiszta ellen\u00e1ll\u00e1si harcokba (1939. szept. \u2013). Megsz\u00f6k\u00f6tt az intern\u00e1ltak k\u00f6z\u00fcl (1941. m\u00e1rc.) \u00e9s P\u00e1rizsba ment, csatlakozott a francia partiz\u00e1nokhoz, l\u00e9trehozt\u00e1k az Emigr\u00e1ns Munk\u00e1sk\u00e9z alakulatot, amellyel a n\u00e9met hadsereg hadm\u0171veleteit szabot\u00e1lt\u00e1k. Egy antifasiszta rajta\u00fct\u00e9s alkalm\u00e1val a Gestapo emberei elfogt\u00e1k (1942. okt.), Fresnesben sz\u00f6rny\u0171 k\u00ednz\u00e1sok ut\u00e1n lel\u0151tt\u00e9k. <br \/><strong>Irod.:<\/strong> MMK; Profiluri mure\u015fene. 2.; Todea 2013.<\/br><\/p>\n","protected":false},"excerpt":{"rendered":"<p>Dics\u0151szentm\u00e1rton vagy Segesv\u00e1r k\u00f6rny\u00e9k\u00e9n, 1912., \u2020 Fresnes (Franciao.), 1943. m\u00e1rc. 13.: antifasiszta harcos. \u2013 Apja a Zichy gr.-i birtokokon szolga, kor\u00e1n meghalt, anyja buk.-i csel\u00e9d \u00e9s szint\u00e9n szolga. Nagyapja gondoskodott tanul\u00e1s\u00e1r\u00f3l. Az elemi iskol\u00e1t H\u00e9derf\u00e1j\u00e1n \u00e9s Bonyh\u00e1n v\u00e9gezte, azut\u00e1n szab\u00f3inas volt Dics\u0151szentm\u00e1rtonban, szakmunk\u00e1s k\u00f6nyvet szerzett (1928). Buk.-ben szab\u00f3m\u0171helyekben dolgozott, megismerkedett a munk\u00e1smozgalommal, a KISZ tag [&hellip;]<\/p>\n","protected":false},"featured_media":0,"comment_status":"open","ping_status":"closed","template":"","meta":[],"product_brand":[],"product_cat":[137],"product_tag":[],"class_list":{"0":"post-19842","1":"product","2":"type-product","3":"status-publish","5":"product_cat-maros-megyei-eletrajzi-lexikon","7":"first","8":"instock","9":"shipping-taxable","10":"product-type-simple"},"_links":{"self":[{"href":"https:\/\/uj.adatbank.ro\/lexikon\/wp-json\/wp\/v2\/product\/19842","targetHints":{"allow":["GET"]}}],"collection":[{"href":"https:\/\/uj.adatbank.ro\/lexikon\/wp-json\/wp\/v2\/product"}],"about":[{"href":"https:\/\/uj.adatbank.ro\/lexikon\/wp-json\/wp\/v2\/types\/product"}],"replies":[{"embeddable":true,"href":"https:\/\/uj.adatbank.ro\/lexikon\/wp-json\/wp\/v2\/comments?post=19842"}],"wp:attachment":[{"href":"https:\/\/uj.adatbank.ro\/lexikon\/wp-json\/wp\/v2\/media?parent=19842"}],"wp:term":[{"taxonomy":"product_brand","embeddable":true,"href":"https:\/\/uj.adatbank.ro\/lexikon\/wp-json\/wp\/v2\/product_brand?post=19842"},{"taxonomy":"product_cat","embeddable":true,"href":"https:\/\/uj.adatbank.ro\/lexikon\/wp-json\/wp\/v2\/product_cat?post=19842"},{"taxonomy":"product_tag","embeddable":true,"href":"https:\/\/uj.adatbank.ro\/lexikon\/wp-json\/wp\/v2\/product_tag?post=19842"}],"curies":[{"name":"wp","href":"https:\/\/api.w.org\/{rel}","templated":true}]}}