{"id":19844,"date":"2025-07-22T18:27:08","date_gmt":"2025-07-22T16:27:08","guid":{"rendered":"https:\/\/uj.adatbank.ro\/lexikon\/termek\/sasa-lucian\/"},"modified":"2025-07-22T18:27:08","modified_gmt":"2025-07-22T16:27:08","slug":"sasa-lucian","status":"publish","type":"product","link":"https:\/\/uj.adatbank.ro\/lexikon\/termek\/sasa-lucian\/","title":{"rendered":"SASA Lucian"},"content":{"rendered":"<p>? \u2020 1993.: fest\u0151m\u0171v\u00e9sz. \u2013 Mv.-en \u00e9lt a 80-as \u00e9vekben, munkat\u00e1rsa a Vatra c. foly\u00f3iratnak. <br \/><strong>Irod.:<\/strong> MMK.<\/br><\/p>\n","protected":false},"excerpt":{"rendered":"<p>? \u2020 1993.: fest\u0151m\u0171v\u00e9sz. \u2013 Mv.-en \u00e9lt a 80-as \u00e9vekben, munkat\u00e1rsa a Vatra c. foly\u00f3iratnak. Irod.: MMK.<\/p>\n","protected":false},"featured_media":0,"comment_status":"open","ping_status":"closed","template":"","meta":[],"product_brand":[],"product_cat":[137],"product_tag":[],"class_list":{"0":"post-19844","1":"product","2":"type-product","3":"status-publish","5":"product_cat-maros-megyei-eletrajzi-lexikon","7":"first","8":"instock","9":"shipping-taxable","10":"product-type-simple"},"_links":{"self":[{"href":"https:\/\/uj.adatbank.ro\/lexikon\/wp-json\/wp\/v2\/product\/19844","targetHints":{"allow":["GET"]}}],"collection":[{"href":"https:\/\/uj.adatbank.ro\/lexikon\/wp-json\/wp\/v2\/product"}],"about":[{"href":"https:\/\/uj.adatbank.ro\/lexikon\/wp-json\/wp\/v2\/types\/product"}],"replies":[{"embeddable":true,"href":"https:\/\/uj.adatbank.ro\/lexikon\/wp-json\/wp\/v2\/comments?post=19844"}],"wp:attachment":[{"href":"https:\/\/uj.adatbank.ro\/lexikon\/wp-json\/wp\/v2\/media?parent=19844"}],"wp:term":[{"taxonomy":"product_brand","embeddable":true,"href":"https:\/\/uj.adatbank.ro\/lexikon\/wp-json\/wp\/v2\/product_brand?post=19844"},{"taxonomy":"product_cat","embeddable":true,"href":"https:\/\/uj.adatbank.ro\/lexikon\/wp-json\/wp\/v2\/product_cat?post=19844"},{"taxonomy":"product_tag","embeddable":true,"href":"https:\/\/uj.adatbank.ro\/lexikon\/wp-json\/wp\/v2\/product_tag?post=19844"}],"curies":[{"name":"wp","href":"https:\/\/api.w.org\/{rel}","templated":true}]}}