{"id":19845,"date":"2025-07-22T18:27:10","date_gmt":"2025-07-22T16:27:10","guid":{"rendered":"https:\/\/uj.adatbank.ro\/lexikon\/termek\/sasarean-ioan-ion\/"},"modified":"2025-07-22T18:27:10","modified_gmt":"2025-07-22T16:27:10","slug":"sasarean-ioan-ion","status":"publish","type":"product","link":"https:\/\/uj.adatbank.ro\/lexikon\/termek\/sasarean-ioan-ion\/","title":{"rendered":"S\u0102S\u0102REAN, Ioan, Ion"},"content":{"rendered":"<p>Zaz\u00e1r, 1933. nov. 25., \u2020\u00a0Mv., 2009. aug. 20.: sz\u00edn\u00e9sz. \u2013 Tanult Lugoson, Szatm\u00e1ron, Nagyb\u00e1ny\u00e1n (1952). Buk.-ben v\u00e9gezte a sz\u00ednm\u0171v\u00e9szeti akad. (1952\u20131956). Sz\u00edn\u00e9sz Nagyb\u00e1ny\u00e1n (1956\u201388), majd Mv.-en a Nemzeti Sz\u00ednh\u00e1z tagja (1988\u201391), majd munkat\u00e1rsa (1991\u20132008), Nagyb\u00e1ny\u00e1n szerz\u0151dtetett sz\u00edn\u00e9sz (2002\u20132008), j\u00e1tszott a Kv.-i Nemzeti Sz\u00ednh\u00e1zban is. Mv.-en a Scena Alap\u00edtv\u00e1ny \u00e9s a Studio Sz\u00ednh\u00e1zban is j\u00e1tszott. El\u0151ad\u00f3tan\u00e1r a Sz\u00ednm\u0171v\u00e9szeti Egyetemen (1991\u20132000), el\u0151ad\u00f3tan\u00e1r a Dimitrie Cantemir Egyetemen. T\u00f6bb mint 130 el\u0151ad\u00e1sban szerepelt. Nagyb\u00e1nya d\u00edszpolg\u00e1ra (2003); Mv. szenyorja (2003) \u00c9rdem diplom\u00e1t kapott a Rom\u00e1n Sz\u00ednm\u0171v\u00e9szet Arany \u00c9vfolyama Jubileuma alkalm\u00e1val (Craiova, 2006). \u2013 F.sz: Monserrat (E. Robles: Monserrat); Marian (P. Karvas: Liturgia de la miezul nop\u0163ii); Petru Rares (Delavrancea: Apus de soare); Clo\u015fca (Al Voitin: Procesul lui Horea); Paddy O Dovel (O Neill: Fire de poet); Krogstadt (Ibsen: Nora); Mac Karthy (Saroyan: Clipe de viat\u0103); Ion (M. Sorbu: Ion Rebreanu ut\u00e1n); Take (V. I. Popa: Take, Ianke \u015fi Cad\u00e2r); Ion (D.R. Popescu: Ace\u015fti ingeri tri\u015fti); XX (Mrozek: Emigran\u0163ii); Dragomir (I.L. Caragiale: N\u0103pasta); Vasile Mirea (P. Everac: A cincela leb\u0103d\u0103); Alan Squier (P. Sherwood: P\u0103durea \u00eenpietrit\u0103); Werle (Ibsen: Ra\u0163a s\u0103lbatic\u0103); Ilia Kuzmici (Dostoievski: Smerita); Tiresias (C. Z\u0103rnescu: Regina locasta); Maxim (R. Iftimovici: Curve de lux); John de Gaunt (Shakespeare: Richard al treilea); Luca (Gorki: Azil de noapte); Prohor (Gorkij: Vasa Jeleznova); Xantos (Figueiredo: Vulpea \u015fi strugurii); Ion Sorcov\u0103 (G.M. Zamfirescu: Domni\u015foara Nastasia); Montag (R. Brandbury: F 451); Vr\u0103jitorul (L. Blaga: Zamolxe); film szerepei: \u00centoarcerea din iad, Undeva \u00een est, Ultima frontier\u0103 a mor\u0163ii, Anchet\u0103, Vizita arhiepiscopului; rend.: V. Alecsandri: Piatra din cas\u0103; I. Slavici: Moara cu noroc, I. Slavici: Soacra cu trei nurori; Creang\u0103: Cr\u0103iasa z\u0103pezilor Andersen utan; D. T\u0103rchil\u0103: Fata din dafin, D. T\u0103rchil\u0103: Vasile Lucaciu. <br \/><strong>Irod.:<\/strong> G\u00eefu, Daniela: I. S. (1933\u20132009) (Vatra veche, nr. 9., 2009); Todea 2013.<\/br><\/p>\n","protected":false},"excerpt":{"rendered":"<p>Zaz\u00e1r, 1933. nov. 25., \u2020\u00a0Mv., 2009. aug. 20.: sz\u00edn\u00e9sz. \u2013 Tanult Lugoson, Szatm\u00e1ron, Nagyb\u00e1ny\u00e1n (1952). Buk.-ben v\u00e9gezte a sz\u00ednm\u0171v\u00e9szeti akad. (1952\u20131956). Sz\u00edn\u00e9sz Nagyb\u00e1ny\u00e1n (1956\u201388), majd Mv.-en a Nemzeti Sz\u00ednh\u00e1z tagja (1988\u201391), majd munkat\u00e1rsa (1991\u20132008), Nagyb\u00e1ny\u00e1n szerz\u0151dtetett sz\u00edn\u00e9sz (2002\u20132008), j\u00e1tszott a Kv.-i Nemzeti Sz\u00ednh\u00e1zban is. Mv.-en a Scena Alap\u00edtv\u00e1ny \u00e9s a Studio Sz\u00ednh\u00e1zban is j\u00e1tszott. El\u0151ad\u00f3tan\u00e1r [&hellip;]<\/p>\n","protected":false},"featured_media":0,"comment_status":"open","ping_status":"closed","template":"","meta":[],"product_brand":[],"product_cat":[137],"product_tag":[],"class_list":{"0":"post-19845","1":"product","2":"type-product","3":"status-publish","5":"product_cat-maros-megyei-eletrajzi-lexikon","7":"first","8":"instock","9":"shipping-taxable","10":"product-type-simple"},"_links":{"self":[{"href":"https:\/\/uj.adatbank.ro\/lexikon\/wp-json\/wp\/v2\/product\/19845","targetHints":{"allow":["GET"]}}],"collection":[{"href":"https:\/\/uj.adatbank.ro\/lexikon\/wp-json\/wp\/v2\/product"}],"about":[{"href":"https:\/\/uj.adatbank.ro\/lexikon\/wp-json\/wp\/v2\/types\/product"}],"replies":[{"embeddable":true,"href":"https:\/\/uj.adatbank.ro\/lexikon\/wp-json\/wp\/v2\/comments?post=19845"}],"wp:attachment":[{"href":"https:\/\/uj.adatbank.ro\/lexikon\/wp-json\/wp\/v2\/media?parent=19845"}],"wp:term":[{"taxonomy":"product_brand","embeddable":true,"href":"https:\/\/uj.adatbank.ro\/lexikon\/wp-json\/wp\/v2\/product_brand?post=19845"},{"taxonomy":"product_cat","embeddable":true,"href":"https:\/\/uj.adatbank.ro\/lexikon\/wp-json\/wp\/v2\/product_cat?post=19845"},{"taxonomy":"product_tag","embeddable":true,"href":"https:\/\/uj.adatbank.ro\/lexikon\/wp-json\/wp\/v2\/product_tag?post=19845"}],"curies":[{"name":"wp","href":"https:\/\/api.w.org\/{rel}","templated":true}]}}