{"id":19846,"date":"2025-07-22T18:27:15","date_gmt":"2025-07-22T16:27:15","guid":{"rendered":"https:\/\/uj.adatbank.ro\/lexikon\/termek\/sasareanu-constantin\/"},"modified":"2025-07-22T18:27:15","modified_gmt":"2025-07-22T16:27:15","slug":"sasareanu-constantin","status":"publish","type":"product","link":"https:\/\/uj.adatbank.ro\/lexikon\/termek\/sasareanu-constantin\/","title":{"rendered":"S\u0102S\u0102REANU, Constantin"},"content":{"rendered":"<p>K\u00e1szonjakabfalva, 1927. j\u00fal. 18., \u2020\u00a0Mv., 1999. aug. 9.: sz\u00edn\u00e9sz, rendez. \u2013 Brass\u00f3ban kezdte p\u00e1ly\u00e1j\u00e1t a n\u00e9psz\u00ednh\u00e1zn\u00e1l (1948\u2013); a mv.-i Nemzeti Sz\u00ednh\u00e1z m\u0171v\u00e9sze (1970\u201399). Post mortem \u00e9rdemdiplom\u00e1t kapott \u00e9letm\u0171v\u00e9\u00e9rt (2000). \u2013 F.sz\u00a0.: Jackie (R.E.Sherwood: P\u0103durea \u00eempietrit\u0103); Aleksa (Regele mincino\u015filor), William Harison (Margaret Mayo: Napoleon era fat\u0103), Ian de Waprowski (Paul Anghel: S\u0103pt\u0103m\u00e2na patimilor), Fratele procurorului (Gh.\u00a0Djagarov: Procurorul), Dr. Chasuble (Oscar Wilde: Bun\u0103 seara, domnule Wilde), Un agent de poli\u0163ie (M.\u00a0Sebastian: Insula), Procurorul (R.\u00a0Guga: Speran\u0163a nu moare \u00een zori), Judec\u0103torul (Dan T\u0103rchil\u0103. Marele fluviu \u00ee\u015fi adun\u0103 apele), C\u0103pitan Dr.\u00a0Forrest Lundeen (Herman Wouk: Procesul rebelilor de pe \u201eCaine\u201d), Constantin Iros (Radu Popescu: Piticul din gr\u0103din\u0103), Thomas Putnam (Arthur Miller: Vr\u0103jitoarele din Salem), Generalul imperial (Paul Anghel: Viteazul), Ianache Duduleanu (Al.\u00a0Kiri\u0163escu: Gai\u0163ele), Doctorul Balanzoni (C.\u00a0Goldoni: Mincinosul), B\u0103\u015fat (D.R.\u00a0Popescu: Balconul), 1907 din prim\u0103var\u0103 p\u00e2n\u0103-n toamn\u0103-\u00f6ssze\u00e1ll\u00edt\u00e1s I.L.Caragiale m\u0171vei alapj\u00e1n-; Aristotel (G.\u00a0Mihail-Zamfirescu: Idolul \u015fi Ion Anapoda), Ondardo (Marin Drzici: Dundo Maroje sau Comedia banilor), Flegmont Egorovici Popugaicikov (Suhovo-Kobalin: A murit Tarlekin!), Administratorul H\u0103r\u0103baie (Paul Everac: Piatr\u0103 la rinichi), Bogatul (Radu Stanca: Povestea dulgherului); Eibenmeyer (S\u00fct\u0151 Andr\u00e1s: Floriile unui gemba\u015f); Braharu (Aurel Baranga: Opinia public\u0103); Pre\u015fedintele tribunalului (Dosztojevszkij: Fra\u0163ii Karamazov); Aristarh Dominicovici Golo\u015fciapov (Erdman: Sinuciga\u015ful); Messermann: (Invita\u0163ie la castel); Toma Hrisanide (Interesul general); Polonius (Shakespeare: Hamlet); Vasile Baciu (Rebreanu: Ion); B\u0103tr\u00e2nul Eckdal (Ibsen: Ra\u0163a s\u0103lbatic\u0103); F.<strong>rendez\u00e9sei:<\/strong> Soacra cu trei nurori; Adolescen\u0163ii; Tata,fata si trei crai (mesej\u00e1t\u00e9kok). <br \/><strong>Irod.:<\/strong> C.l. (2000. \u00e1pr. 4.); Fodor Zeno; Pers. Mure\u015fene; Todea 2013.<\/br><\/p>\n","protected":false},"excerpt":{"rendered":"<p>K\u00e1szonjakabfalva, 1927. j\u00fal. 18., \u2020\u00a0Mv., 1999. aug. 9.: sz\u00edn\u00e9sz, rendez. \u2013 Brass\u00f3ban kezdte p\u00e1ly\u00e1j\u00e1t a n\u00e9psz\u00ednh\u00e1zn\u00e1l (1948\u2013); a mv.-i Nemzeti Sz\u00ednh\u00e1z m\u0171v\u00e9sze (1970\u201399). Post mortem \u00e9rdemdiplom\u00e1t kapott \u00e9letm\u0171v\u00e9\u00e9rt (2000). \u2013 F.sz\u00a0.: Jackie (R.E.Sherwood: P\u0103durea \u00eempietrit\u0103); Aleksa (Regele mincino\u015filor), William Harison (Margaret Mayo: Napoleon era fat\u0103), Ian de Waprowski (Paul Anghel: S\u0103pt\u0103m\u00e2na patimilor), Fratele procurorului (Gh.\u00a0Djagarov: [&hellip;]<\/p>\n","protected":false},"featured_media":0,"comment_status":"open","ping_status":"closed","template":"","meta":[],"product_brand":[],"product_cat":[137],"product_tag":[],"class_list":{"0":"post-19846","1":"product","2":"type-product","3":"status-publish","5":"product_cat-maros-megyei-eletrajzi-lexikon","7":"first","8":"instock","9":"shipping-taxable","10":"product-type-simple"},"_links":{"self":[{"href":"https:\/\/uj.adatbank.ro\/lexikon\/wp-json\/wp\/v2\/product\/19846","targetHints":{"allow":["GET"]}}],"collection":[{"href":"https:\/\/uj.adatbank.ro\/lexikon\/wp-json\/wp\/v2\/product"}],"about":[{"href":"https:\/\/uj.adatbank.ro\/lexikon\/wp-json\/wp\/v2\/types\/product"}],"replies":[{"embeddable":true,"href":"https:\/\/uj.adatbank.ro\/lexikon\/wp-json\/wp\/v2\/comments?post=19846"}],"wp:attachment":[{"href":"https:\/\/uj.adatbank.ro\/lexikon\/wp-json\/wp\/v2\/media?parent=19846"}],"wp:term":[{"taxonomy":"product_brand","embeddable":true,"href":"https:\/\/uj.adatbank.ro\/lexikon\/wp-json\/wp\/v2\/product_brand?post=19846"},{"taxonomy":"product_cat","embeddable":true,"href":"https:\/\/uj.adatbank.ro\/lexikon\/wp-json\/wp\/v2\/product_cat?post=19846"},{"taxonomy":"product_tag","embeddable":true,"href":"https:\/\/uj.adatbank.ro\/lexikon\/wp-json\/wp\/v2\/product_tag?post=19846"}],"curies":[{"name":"wp","href":"https:\/\/api.w.org\/{rel}","templated":true}]}}