{"id":19849,"date":"2025-07-22T18:27:21","date_gmt":"2025-07-22T16:27:21","guid":{"rendered":"https:\/\/uj.adatbank.ro\/lexikon\/termek\/saska-andras-zagoni\/"},"modified":"2025-07-22T18:27:21","modified_gmt":"2025-07-22T16:27:21","slug":"saska-andras-zagoni","status":"publish","type":"product","link":"https:\/\/uj.adatbank.ro\/lexikon\/termek\/saska-andras-zagoni\/","title":{"rendered":"S\u00c1SKA Andr\u00e1s, z\u00e1goni"},"content":{"rendered":"<p>? \u2020?: erd\u0151szentgy\u00f6rgyi, majd ny\u00e1r\u00e1dszentimrei pap. <br \/><strong>Irod.:<\/strong> K\u00fclf\u00f6ld\u00f6n bujdos\u00f3 erd\u00e9lyi di\u00e1kok levelez\u00e9se (Kv., 1933).<\/br><\/p>\n","protected":false},"excerpt":{"rendered":"<p>? \u2020?: erd\u0151szentgy\u00f6rgyi, majd ny\u00e1r\u00e1dszentimrei pap. Irod.: K\u00fclf\u00f6ld\u00f6n bujdos\u00f3 erd\u00e9lyi di\u00e1kok levelez\u00e9se (Kv., 1933).<\/p>\n","protected":false},"featured_media":0,"comment_status":"open","ping_status":"closed","template":"","meta":[],"product_brand":[],"product_cat":[137],"product_tag":[],"class_list":{"0":"post-19849","1":"product","2":"type-product","3":"status-publish","5":"product_cat-maros-megyei-eletrajzi-lexikon","7":"first","8":"instock","9":"shipping-taxable","10":"product-type-simple"},"_links":{"self":[{"href":"https:\/\/uj.adatbank.ro\/lexikon\/wp-json\/wp\/v2\/product\/19849","targetHints":{"allow":["GET"]}}],"collection":[{"href":"https:\/\/uj.adatbank.ro\/lexikon\/wp-json\/wp\/v2\/product"}],"about":[{"href":"https:\/\/uj.adatbank.ro\/lexikon\/wp-json\/wp\/v2\/types\/product"}],"replies":[{"embeddable":true,"href":"https:\/\/uj.adatbank.ro\/lexikon\/wp-json\/wp\/v2\/comments?post=19849"}],"wp:attachment":[{"href":"https:\/\/uj.adatbank.ro\/lexikon\/wp-json\/wp\/v2\/media?parent=19849"}],"wp:term":[{"taxonomy":"product_brand","embeddable":true,"href":"https:\/\/uj.adatbank.ro\/lexikon\/wp-json\/wp\/v2\/product_brand?post=19849"},{"taxonomy":"product_cat","embeddable":true,"href":"https:\/\/uj.adatbank.ro\/lexikon\/wp-json\/wp\/v2\/product_cat?post=19849"},{"taxonomy":"product_tag","embeddable":true,"href":"https:\/\/uj.adatbank.ro\/lexikon\/wp-json\/wp\/v2\/product_tag?post=19849"}],"curies":[{"name":"wp","href":"https:\/\/api.w.org\/{rel}","templated":true}]}}