{"id":1985,"date":"2025-06-28T12:00:10","date_gmt":"2025-06-28T10:00:10","guid":{"rendered":"https:\/\/uj.adatbank.ro\/lexikon\/termek\/balazs-miklos-balas-nicolae\/"},"modified":"2025-06-28T12:00:10","modified_gmt":"2025-06-28T10:00:10","slug":"balazs-miklos-balas-nicolae","status":"publish","type":"product","link":"https:\/\/uj.adatbank.ro\/lexikon\/termek\/balazs-miklos-balas-nicolae\/","title":{"rendered":"BAL\u00c1ZS Mikl\u00f3s, Balas, Nicolae"},"content":{"rendered":"<p>? \u2020\u00a0? : hadnagy. \u2013 Mv.-en a MAT Securitate Tartom\u00e1nyi Igazgat\u00f3s\u00e1g\u00e1n hadnagy (1953\u2013), f\u0151hadnagy (1957), a r. k. \u00fcgyek vizsg\u00e1l\u00f3ja. <br \/><strong>Irod.:<\/strong> Bartos 2012<\/br><\/p>\n","protected":false},"excerpt":{"rendered":"<p>? \u2020\u00a0? : hadnagy. \u2013 Mv.-en a MAT Securitate Tartom\u00e1nyi Igazgat\u00f3s\u00e1g\u00e1n hadnagy (1953\u2013), f\u0151hadnagy (1957), a r. k. \u00fcgyek vizsg\u00e1l\u00f3ja. Irod.: Bartos 2012<\/p>\n","protected":false},"featured_media":0,"comment_status":"open","ping_status":"closed","template":"","meta":[],"product_brand":[],"product_cat":[137],"product_tag":[],"class_list":{"0":"post-1985","1":"product","2":"type-product","3":"status-publish","5":"product_cat-maros-megyei-eletrajzi-lexikon","7":"first","8":"instock","9":"shipping-taxable","10":"product-type-simple"},"_links":{"self":[{"href":"https:\/\/uj.adatbank.ro\/lexikon\/wp-json\/wp\/v2\/product\/1985","targetHints":{"allow":["GET"]}}],"collection":[{"href":"https:\/\/uj.adatbank.ro\/lexikon\/wp-json\/wp\/v2\/product"}],"about":[{"href":"https:\/\/uj.adatbank.ro\/lexikon\/wp-json\/wp\/v2\/types\/product"}],"replies":[{"embeddable":true,"href":"https:\/\/uj.adatbank.ro\/lexikon\/wp-json\/wp\/v2\/comments?post=1985"}],"wp:attachment":[{"href":"https:\/\/uj.adatbank.ro\/lexikon\/wp-json\/wp\/v2\/media?parent=1985"}],"wp:term":[{"taxonomy":"product_brand","embeddable":true,"href":"https:\/\/uj.adatbank.ro\/lexikon\/wp-json\/wp\/v2\/product_brand?post=1985"},{"taxonomy":"product_cat","embeddable":true,"href":"https:\/\/uj.adatbank.ro\/lexikon\/wp-json\/wp\/v2\/product_cat?post=1985"},{"taxonomy":"product_tag","embeddable":true,"href":"https:\/\/uj.adatbank.ro\/lexikon\/wp-json\/wp\/v2\/product_tag?post=1985"}],"curies":[{"name":"wp","href":"https:\/\/api.w.org\/{rel}","templated":true}]}}