{"id":19854,"date":"2025-07-22T18:27:32","date_gmt":"2025-07-22T16:27:32","guid":{"rendered":"https:\/\/uj.adatbank.ro\/lexikon\/termek\/sass-antal\/"},"modified":"2025-07-22T18:27:32","modified_gmt":"2025-07-22T16:27:32","slug":"sass-antal","status":"publish","type":"product","link":"https:\/\/uj.adatbank.ro\/lexikon\/termek\/sass-antal\/","title":{"rendered":"SASS Antal"},"content":{"rendered":"<p>Bar\u00f3t, 1885. jan. 15., \u2020\u00a0Sz\u00e9kelyudvarhely, 1968. j\u00fan. 4.: r. k. pap. \u2013 Bar\u00f3ton, Sz\u00e9kelyudvarhelyen \u00e9s Gyulafeh\u00e9rv\u00e1ron tanult \u00e9s papp\u00e1 szentelt\u00e9k (1909. j\u00fan. 27.). K\u00e1pl\u00e1n Nagyk\u00e1szonban, Cs\u00edkszentgy\u00f6rgy\u00f6n, Kv.-on. Pl\u00e9b\u00e1nos Szentegyh\u00e1zasfaluban, Cs\u00edknagyboldogasszonyon, Sz\u00e9kelyudvarhelyen (1939). Megfosztott\u00e1k a sz\u00e9kelyudvarhelyi f\u0151esperess\u00e9gt\u0151l, k\u00e9nyszerlakhelyre a mv.-i minorit\u00e1k kolostor\u00e1ba ker\u00fclt, ott mis\u00e9zhetett. (1951\u2013). Pl\u00e9b\u00e1nos Sz\u00e9kelyudvarhelyen (1955), f\u0151esperes (1959). <br \/><strong>Irod.:<\/strong> Ferenczi S\u00e1ndor 2009; Maros-k\u00fck\u00fcll\u0151i f\u0151esp.; Maros megyei t\u00f6rt.<\/br><\/p>\n","protected":false},"excerpt":{"rendered":"<p>Bar\u00f3t, 1885. jan. 15., \u2020\u00a0Sz\u00e9kelyudvarhely, 1968. j\u00fan. 4.: r. k. pap. \u2013 Bar\u00f3ton, Sz\u00e9kelyudvarhelyen \u00e9s Gyulafeh\u00e9rv\u00e1ron tanult \u00e9s papp\u00e1 szentelt\u00e9k (1909. j\u00fan. 27.). K\u00e1pl\u00e1n Nagyk\u00e1szonban, Cs\u00edkszentgy\u00f6rgy\u00f6n, Kv.-on. Pl\u00e9b\u00e1nos Szentegyh\u00e1zasfaluban, Cs\u00edknagyboldogasszonyon, Sz\u00e9kelyudvarhelyen (1939). Megfosztott\u00e1k a sz\u00e9kelyudvarhelyi f\u0151esperess\u00e9gt\u0151l, k\u00e9nyszerlakhelyre a mv.-i minorit\u00e1k kolostor\u00e1ba ker\u00fclt, ott mis\u00e9zhetett. (1951\u2013). Pl\u00e9b\u00e1nos Sz\u00e9kelyudvarhelyen (1955), f\u0151esperes (1959). Irod.: Ferenczi S\u00e1ndor 2009; Maros-k\u00fck\u00fcll\u0151i [&hellip;]<\/p>\n","protected":false},"featured_media":0,"comment_status":"open","ping_status":"closed","template":"","meta":[],"product_brand":[],"product_cat":[137],"product_tag":[],"class_list":{"0":"post-19854","1":"product","2":"type-product","3":"status-publish","5":"product_cat-maros-megyei-eletrajzi-lexikon","7":"first","8":"instock","9":"shipping-taxable","10":"product-type-simple"},"_links":{"self":[{"href":"https:\/\/uj.adatbank.ro\/lexikon\/wp-json\/wp\/v2\/product\/19854","targetHints":{"allow":["GET"]}}],"collection":[{"href":"https:\/\/uj.adatbank.ro\/lexikon\/wp-json\/wp\/v2\/product"}],"about":[{"href":"https:\/\/uj.adatbank.ro\/lexikon\/wp-json\/wp\/v2\/types\/product"}],"replies":[{"embeddable":true,"href":"https:\/\/uj.adatbank.ro\/lexikon\/wp-json\/wp\/v2\/comments?post=19854"}],"wp:attachment":[{"href":"https:\/\/uj.adatbank.ro\/lexikon\/wp-json\/wp\/v2\/media?parent=19854"}],"wp:term":[{"taxonomy":"product_brand","embeddable":true,"href":"https:\/\/uj.adatbank.ro\/lexikon\/wp-json\/wp\/v2\/product_brand?post=19854"},{"taxonomy":"product_cat","embeddable":true,"href":"https:\/\/uj.adatbank.ro\/lexikon\/wp-json\/wp\/v2\/product_cat?post=19854"},{"taxonomy":"product_tag","embeddable":true,"href":"https:\/\/uj.adatbank.ro\/lexikon\/wp-json\/wp\/v2\/product_tag?post=19854"}],"curies":[{"name":"wp","href":"https:\/\/api.w.org\/{rel}","templated":true}]}}