{"id":19855,"date":"2025-07-22T18:27:34","date_gmt":"2025-07-22T16:27:34","guid":{"rendered":"https:\/\/uj.adatbank.ro\/lexikon\/termek\/sass-gyula\/"},"modified":"2025-07-22T18:27:34","modified_gmt":"2025-07-22T16:27:34","slug":"sass-gyula","status":"publish","type":"product","link":"https:\/\/uj.adatbank.ro\/lexikon\/termek\/sass-gyula\/","title":{"rendered":"SASS Gyula"},"content":{"rendered":"<p>Segesv\u00e1r, 1924. m\u00e1rc. 2.\u2020 2016: orvos, belgy\u00f3gy\u00e1sz. \u2013 Feles\u00e9ge: Bardos\u00e1n Olga. (1934\u2013), statisztikus (1952). Fiaik: Istv\u00e1n Gyula (1954) orvos; Imre J\u00e1nos (1958) seb\u00e9szorvos. \u2013 Segesv\u00e1ron a n\u00e9met l\u00edc.-ban \u00e9retts\u00e9gizett. Tanult Brass\u00f3ban a Honterus L\u00edc.-ban (\u20131943), a MOGYI \u00e1ltal\u00e1nos orvosi kar\u00e1n (\u20131951). P\u00e1ly\u00e1j\u00e1t a mv.-i 1. sz. Belgy\u00f3gy\u00e1szati Klinik\u00e1n kezdte mint konzult\u00e1ns orvos (1951\u2013), egyetemi tan\u00e1rseg\u00e9d, szakorvos (1953\u201373); f\u0151orvos, a megyei Poliklinika belgy\u00f3gy\u00e1szati rendel\u0151j\u00e9ben f\u0151orvosk\u00e9nt dolgozott (1973\u201392). Kutat\u00e1si ter\u00fclete: hematol\u00f3gia. Tapasztalatcser\u00e9n, tov\u00e1bbk\u00e9pz\u00e9sen vett r\u00e9szt N\u00e9meto.-ban (1970, 1981). K\u00f6z\u00f6lt az Orvosi Szemle \u2013 Revista Medical\u0103, Medicin\u0103 Intern\u0103, M\u00fcnchener Medizinische Wochenschrift, Zeitschrift f\u00fcr Gastroenterologie, Medizinische Klinik, Documenta Hematologica, Aktuelle Ern\u00e4hrungs Medizin, Folia Hematologica, Onkologie-ben. A N\u00e9met Onkol\u00f3giai \u00e9s Hematol\u00f3giai T\u00e1rsas\u00e1g tagja. \u2013 <strong><strong>F. m.<\/strong><\/strong>: Belgy\u00f3gy\u00e1szati diagnosztika.1\u20132. k\u00f6t. (Mv., 1957); Cardiologia: Kongresszusi k\u00f6tet. (Budapest, 1962.); Erkrankungen der Mydopoese: Monografie, (1976). <br \/><strong>Irod.:<\/strong> Genersich; Kiss\u2013P.\u2013 P.; RMKK; Todea.<\/br><\/p>\n","protected":false},"excerpt":{"rendered":"<p>Segesv\u00e1r, 1924. m\u00e1rc. 2.\u2020 2016: orvos, belgy\u00f3gy\u00e1sz. \u2013 Feles\u00e9ge: Bardos\u00e1n Olga. (1934\u2013), statisztikus (1952). Fiaik: Istv\u00e1n Gyula (1954) orvos; Imre J\u00e1nos (1958) seb\u00e9szorvos. \u2013 Segesv\u00e1ron a n\u00e9met l\u00edc.-ban \u00e9retts\u00e9gizett. Tanult Brass\u00f3ban a Honterus L\u00edc.-ban (\u20131943), a MOGYI \u00e1ltal\u00e1nos orvosi kar\u00e1n (\u20131951). P\u00e1ly\u00e1j\u00e1t a mv.-i 1. sz. Belgy\u00f3gy\u00e1szati Klinik\u00e1n kezdte mint konzult\u00e1ns orvos (1951\u2013), egyetemi tan\u00e1rseg\u00e9d, [&hellip;]<\/p>\n","protected":false},"featured_media":0,"comment_status":"open","ping_status":"closed","template":"","meta":[],"product_brand":[],"product_cat":[137],"product_tag":[],"class_list":{"0":"post-19855","1":"product","2":"type-product","3":"status-publish","5":"product_cat-maros-megyei-eletrajzi-lexikon","7":"first","8":"instock","9":"shipping-taxable","10":"product-type-simple"},"_links":{"self":[{"href":"https:\/\/uj.adatbank.ro\/lexikon\/wp-json\/wp\/v2\/product\/19855","targetHints":{"allow":["GET"]}}],"collection":[{"href":"https:\/\/uj.adatbank.ro\/lexikon\/wp-json\/wp\/v2\/product"}],"about":[{"href":"https:\/\/uj.adatbank.ro\/lexikon\/wp-json\/wp\/v2\/types\/product"}],"replies":[{"embeddable":true,"href":"https:\/\/uj.adatbank.ro\/lexikon\/wp-json\/wp\/v2\/comments?post=19855"}],"wp:attachment":[{"href":"https:\/\/uj.adatbank.ro\/lexikon\/wp-json\/wp\/v2\/media?parent=19855"}],"wp:term":[{"taxonomy":"product_brand","embeddable":true,"href":"https:\/\/uj.adatbank.ro\/lexikon\/wp-json\/wp\/v2\/product_brand?post=19855"},{"taxonomy":"product_cat","embeddable":true,"href":"https:\/\/uj.adatbank.ro\/lexikon\/wp-json\/wp\/v2\/product_cat?post=19855"},{"taxonomy":"product_tag","embeddable":true,"href":"https:\/\/uj.adatbank.ro\/lexikon\/wp-json\/wp\/v2\/product_tag?post=19855"}],"curies":[{"name":"wp","href":"https:\/\/api.w.org\/{rel}","templated":true}]}}