{"id":1986,"date":"2025-06-28T12:00:13","date_gmt":"2025-06-28T10:00:13","guid":{"rendered":"https:\/\/uj.adatbank.ro\/lexikon\/termek\/balazs-sandor\/"},"modified":"2025-06-28T12:00:13","modified_gmt":"2025-06-28T10:00:13","slug":"balazs-sandor","status":"publish","type":"product","link":"https:\/\/uj.adatbank.ro\/lexikon\/termek\/balazs-sandor\/","title":{"rendered":"BAL\u00c1ZS S\u00e1ndor"},"content":{"rendered":"<p>? \u2020\u00a0? : szakszervezeti eln\u00f6k. \u2013 A MAT Tartom\u00e1nyi Szakszervezeti Tan\u00e1cs eln\u00f6ke (1952). <br \/><strong>Irod.:<\/strong> Gagyi J\u00f3zsef: Egy munkaterv 1952-b\u0151l: A MAT sz\u00fclet\u00e9se (Sz\u00e9kelyf\u00f6ld, 9. sz., 2002. szept.)<\/br><\/p>\n","protected":false},"excerpt":{"rendered":"<p>? \u2020\u00a0? : szakszervezeti eln\u00f6k. \u2013 A MAT Tartom\u00e1nyi Szakszervezeti Tan\u00e1cs eln\u00f6ke (1952). Irod.: Gagyi J\u00f3zsef: Egy munkaterv 1952-b\u0151l: A MAT sz\u00fclet\u00e9se (Sz\u00e9kelyf\u00f6ld, 9. sz., 2002. szept.)<\/p>\n","protected":false},"featured_media":0,"comment_status":"open","ping_status":"closed","template":"","meta":[],"product_brand":[],"product_cat":[137],"product_tag":[],"class_list":{"0":"post-1986","1":"product","2":"type-product","3":"status-publish","5":"product_cat-maros-megyei-eletrajzi-lexikon","7":"first","8":"instock","9":"shipping-taxable","10":"product-type-simple"},"_links":{"self":[{"href":"https:\/\/uj.adatbank.ro\/lexikon\/wp-json\/wp\/v2\/product\/1986","targetHints":{"allow":["GET"]}}],"collection":[{"href":"https:\/\/uj.adatbank.ro\/lexikon\/wp-json\/wp\/v2\/product"}],"about":[{"href":"https:\/\/uj.adatbank.ro\/lexikon\/wp-json\/wp\/v2\/types\/product"}],"replies":[{"embeddable":true,"href":"https:\/\/uj.adatbank.ro\/lexikon\/wp-json\/wp\/v2\/comments?post=1986"}],"wp:attachment":[{"href":"https:\/\/uj.adatbank.ro\/lexikon\/wp-json\/wp\/v2\/media?parent=1986"}],"wp:term":[{"taxonomy":"product_brand","embeddable":true,"href":"https:\/\/uj.adatbank.ro\/lexikon\/wp-json\/wp\/v2\/product_brand?post=1986"},{"taxonomy":"product_cat","embeddable":true,"href":"https:\/\/uj.adatbank.ro\/lexikon\/wp-json\/wp\/v2\/product_cat?post=1986"},{"taxonomy":"product_tag","embeddable":true,"href":"https:\/\/uj.adatbank.ro\/lexikon\/wp-json\/wp\/v2\/product_tag?post=1986"}],"curies":[{"name":"wp","href":"https:\/\/api.w.org\/{rel}","templated":true}]}}