{"id":19865,"date":"2025-07-22T18:27:54","date_gmt":"2025-07-22T16:27:54","guid":{"rendered":"https:\/\/uj.adatbank.ro\/lexikon\/termek\/sava-vasile\/"},"modified":"2025-07-22T18:27:54","modified_gmt":"2025-07-22T16:27:54","slug":"sava-vasile","status":"publish","type":"product","link":"https:\/\/uj.adatbank.ro\/lexikon\/termek\/sava-vasile\/","title":{"rendered":"SAVA, Vasile"},"content":{"rendered":"<p>Idecspatak, 1888, \u2020?: egyetemi tan\u00e1r. \u2013 A szebeni Andrei \u015eaguna Teol\u00f3giai Int\u00e9zetben v\u00e9gzett, a jogtudom\u00e1nyok doktora. Az egyh\u00e1zjog tan\u00e1ra Kv.-on az Ortodox Teol\u00f3giai Akad\u00e9mi\u00e1n. F\u00fcggetlenk\u00e9nt G\u00f6rg\u00e9ny k\u00f6rzetet k\u00e9pviselte (1919, 1931). <br \/><strong>Irod.:<\/strong> Glasul Muresului (1997. okt. 30.); Predescu.<\/br><\/p>\n","protected":false},"excerpt":{"rendered":"<p>Idecspatak, 1888, \u2020?: egyetemi tan\u00e1r. \u2013 A szebeni Andrei \u015eaguna Teol\u00f3giai Int\u00e9zetben v\u00e9gzett, a jogtudom\u00e1nyok doktora. Az egyh\u00e1zjog tan\u00e1ra Kv.-on az Ortodox Teol\u00f3giai Akad\u00e9mi\u00e1n. F\u00fcggetlenk\u00e9nt G\u00f6rg\u00e9ny k\u00f6rzetet k\u00e9pviselte (1919, 1931). Irod.: Glasul Muresului (1997. okt. 30.); Predescu.<\/p>\n","protected":false},"featured_media":0,"comment_status":"open","ping_status":"closed","template":"","meta":[],"product_brand":[],"product_cat":[137],"product_tag":[],"class_list":{"0":"post-19865","1":"product","2":"type-product","3":"status-publish","5":"product_cat-maros-megyei-eletrajzi-lexikon","7":"first","8":"instock","9":"shipping-taxable","10":"product-type-simple"},"_links":{"self":[{"href":"https:\/\/uj.adatbank.ro\/lexikon\/wp-json\/wp\/v2\/product\/19865","targetHints":{"allow":["GET"]}}],"collection":[{"href":"https:\/\/uj.adatbank.ro\/lexikon\/wp-json\/wp\/v2\/product"}],"about":[{"href":"https:\/\/uj.adatbank.ro\/lexikon\/wp-json\/wp\/v2\/types\/product"}],"replies":[{"embeddable":true,"href":"https:\/\/uj.adatbank.ro\/lexikon\/wp-json\/wp\/v2\/comments?post=19865"}],"wp:attachment":[{"href":"https:\/\/uj.adatbank.ro\/lexikon\/wp-json\/wp\/v2\/media?parent=19865"}],"wp:term":[{"taxonomy":"product_brand","embeddable":true,"href":"https:\/\/uj.adatbank.ro\/lexikon\/wp-json\/wp\/v2\/product_brand?post=19865"},{"taxonomy":"product_cat","embeddable":true,"href":"https:\/\/uj.adatbank.ro\/lexikon\/wp-json\/wp\/v2\/product_cat?post=19865"},{"taxonomy":"product_tag","embeddable":true,"href":"https:\/\/uj.adatbank.ro\/lexikon\/wp-json\/wp\/v2\/product_tag?post=19865"}],"curies":[{"name":"wp","href":"https:\/\/api.w.org\/{rel}","templated":true}]}}