{"id":19866,"date":"2025-07-22T18:27:57","date_gmt":"2025-07-22T16:27:57","guid":{"rendered":"https:\/\/uj.adatbank.ro\/lexikon\/termek\/saveanu-nichifor\/"},"modified":"2025-07-22T18:27:57","modified_gmt":"2025-07-22T16:27:57","slug":"saveanu-nichifor","status":"publish","type":"product","link":"https:\/\/uj.adatbank.ro\/lexikon\/termek\/saveanu-nichifor\/","title":{"rendered":"S\u0102VEANU, Nichifor"},"content":{"rendered":"<p>Tudora (Moldova), 1911., \u2020?: tan\u00edt\u00f3. \u2013 Tan\u00edtott D\u00e1noson (1951\u201372). \u00c9ltan\u00edt\u00f3i diplom\u00e1t kapott. <br \/><strong>Irod.:<\/strong> Omagiu.<\/br><\/p>\n","protected":false},"excerpt":{"rendered":"<p>Tudora (Moldova), 1911., \u2020?: tan\u00edt\u00f3. \u2013 Tan\u00edtott D\u00e1noson (1951\u201372). \u00c9ltan\u00edt\u00f3i diplom\u00e1t kapott. Irod.: Omagiu.<\/p>\n","protected":false},"featured_media":0,"comment_status":"open","ping_status":"closed","template":"","meta":[],"product_brand":[],"product_cat":[137],"product_tag":[],"class_list":{"0":"post-19866","1":"product","2":"type-product","3":"status-publish","5":"product_cat-maros-megyei-eletrajzi-lexikon","7":"first","8":"instock","9":"shipping-taxable","10":"product-type-simple"},"_links":{"self":[{"href":"https:\/\/uj.adatbank.ro\/lexikon\/wp-json\/wp\/v2\/product\/19866","targetHints":{"allow":["GET"]}}],"collection":[{"href":"https:\/\/uj.adatbank.ro\/lexikon\/wp-json\/wp\/v2\/product"}],"about":[{"href":"https:\/\/uj.adatbank.ro\/lexikon\/wp-json\/wp\/v2\/types\/product"}],"replies":[{"embeddable":true,"href":"https:\/\/uj.adatbank.ro\/lexikon\/wp-json\/wp\/v2\/comments?post=19866"}],"wp:attachment":[{"href":"https:\/\/uj.adatbank.ro\/lexikon\/wp-json\/wp\/v2\/media?parent=19866"}],"wp:term":[{"taxonomy":"product_brand","embeddable":true,"href":"https:\/\/uj.adatbank.ro\/lexikon\/wp-json\/wp\/v2\/product_brand?post=19866"},{"taxonomy":"product_cat","embeddable":true,"href":"https:\/\/uj.adatbank.ro\/lexikon\/wp-json\/wp\/v2\/product_cat?post=19866"},{"taxonomy":"product_tag","embeddable":true,"href":"https:\/\/uj.adatbank.ro\/lexikon\/wp-json\/wp\/v2\/product_tag?post=19866"}],"curies":[{"name":"wp","href":"https:\/\/api.w.org\/{rel}","templated":true}]}}