{"id":19867,"date":"2025-07-22T18:28:02","date_gmt":"2025-07-22T16:28:02","guid":{"rendered":"https:\/\/uj.adatbank.ro\/lexikon\/termek\/savescu-constantin\/"},"modified":"2025-07-22T18:28:02","modified_gmt":"2025-07-22T16:28:02","slug":"savescu-constantin","status":"publish","type":"product","link":"https:\/\/uj.adatbank.ro\/lexikon\/termek\/savescu-constantin\/","title":{"rendered":"S\u0102VESCU, Constantin"},"content":{"rendered":"<p>? \u2020?: m\u0171\u00e9p\u00edt\u00e9sz. \u2013 Slavu, Vladimir, Sava, Mihaela, S\u00e2rbu, Aurel \u00e9s Wohl, Clarisa tervei alapj\u00e1n, k\u00fcl\u00f6nleges t\u00e9rform\u00e1kkal \u00e9s tet\u0151ki\u00e9p\u00edt\u00e9ssel, gazdag bels\u0151 d\u00edsz\u00edt\u00e9ssel, k\u00e9sz\u00fclt el a Mv.-i Nemzeti Sz\u00ednh\u00e1z \u00faj \u00e9p\u00fclete (1978). <br \/><strong>Irod.:<\/strong> Tg.M.-Mv.<\/br><\/p>\n","protected":false},"excerpt":{"rendered":"<p>? \u2020?: m\u0171\u00e9p\u00edt\u00e9sz. \u2013 Slavu, Vladimir, Sava, Mihaela, S\u00e2rbu, Aurel \u00e9s Wohl, Clarisa tervei alapj\u00e1n, k\u00fcl\u00f6nleges t\u00e9rform\u00e1kkal \u00e9s tet\u0151ki\u00e9p\u00edt\u00e9ssel, gazdag bels\u0151 d\u00edsz\u00edt\u00e9ssel, k\u00e9sz\u00fclt el a Mv.-i Nemzeti Sz\u00ednh\u00e1z \u00faj \u00e9p\u00fclete (1978). Irod.: Tg.M.-Mv.<\/p>\n","protected":false},"featured_media":0,"comment_status":"open","ping_status":"closed","template":"","meta":[],"product_brand":[],"product_cat":[137],"product_tag":[],"class_list":{"0":"post-19867","1":"product","2":"type-product","3":"status-publish","5":"product_cat-maros-megyei-eletrajzi-lexikon","7":"first","8":"instock","9":"shipping-taxable","10":"product-type-simple"},"_links":{"self":[{"href":"https:\/\/uj.adatbank.ro\/lexikon\/wp-json\/wp\/v2\/product\/19867","targetHints":{"allow":["GET"]}}],"collection":[{"href":"https:\/\/uj.adatbank.ro\/lexikon\/wp-json\/wp\/v2\/product"}],"about":[{"href":"https:\/\/uj.adatbank.ro\/lexikon\/wp-json\/wp\/v2\/types\/product"}],"replies":[{"embeddable":true,"href":"https:\/\/uj.adatbank.ro\/lexikon\/wp-json\/wp\/v2\/comments?post=19867"}],"wp:attachment":[{"href":"https:\/\/uj.adatbank.ro\/lexikon\/wp-json\/wp\/v2\/media?parent=19867"}],"wp:term":[{"taxonomy":"product_brand","embeddable":true,"href":"https:\/\/uj.adatbank.ro\/lexikon\/wp-json\/wp\/v2\/product_brand?post=19867"},{"taxonomy":"product_cat","embeddable":true,"href":"https:\/\/uj.adatbank.ro\/lexikon\/wp-json\/wp\/v2\/product_cat?post=19867"},{"taxonomy":"product_tag","embeddable":true,"href":"https:\/\/uj.adatbank.ro\/lexikon\/wp-json\/wp\/v2\/product_tag?post=19867"}],"curies":[{"name":"wp","href":"https:\/\/api.w.org\/{rel}","templated":true}]}}