{"id":19870,"date":"2025-07-22T18:28:07","date_gmt":"2025-07-22T16:28:07","guid":{"rendered":"https:\/\/uj.adatbank.ro\/lexikon\/termek\/scarlat-nicolae\/"},"modified":"2025-07-22T18:28:07","modified_gmt":"2025-07-22T16:28:07","slug":"scarlat-nicolae","status":"publish","type":"product","link":"https:\/\/uj.adatbank.ro\/lexikon\/termek\/scarlat-nicolae\/","title":{"rendered":"SCARLAT Nicolae"},"content":{"rendered":"<p>? \u2020?: sz\u00edn\u00e9sz, rendez\u0151. \u2013 A Mv. \u00c1llami Sz\u00ednh\u00e1z rom\u00e1n tagozat\u00e1n m\u0171k\u00f6d\u00f6tt (1963\u20131970; 1983\u20131984). Bukarestben v\u00e9gezte a rendez\u0151i szakot (1968\u20131971). Vizsgadarabja: I.L.\u00a0Caragiale: O noapte furtunoas\u0103 \u2013 Mv.-en (1972). De m\u00e1r r\u00e9gebben is volt kapcsolata a mv.-i sz\u00ednh\u00e1zzal. \u0150 rendezte Machiavelli: M\u0103tr\u0103guna c. darabj\u00e1t (1967), ezt sz\u00e1mos m\u00e1s kit\u0171n\u0151 rendez\u00e9s k\u00f6vette. \u2013 <strong>F. sz.:<\/strong> Jup\u00e2n Vincenzo (C.\u00a0Goldoni: G\u00e2lcevile din Chioggia), Recital Tudor Arghezi; Cavalerul Crucii de fier (Titus Popovici: Passacaglia), Luna veseliei \u2013 spectacol de variet\u0103\u0163i; Preotul (Robert Thomas: Capcan\u0103 pentru un om singur); La Rose (Carlo Goldoni: C\u0103s\u0103torie prin concurs); Piotrovschi (B.\u00a0Petriceicu Ha\u015fdeu: R\u0103zvan \u015fi Vidra); Primul actor (Simion Macovei: Scaunul f\u0103r\u0103 picioare), T\u00e2rgove\u0163ul \u00e9s Murgil\u0103 (V.\u00a0Alecsandri: S\u00e2nziana \u015fi Pepelea); Ofi\u0163erul de poli\u0163ie (John Arden: Dansul sergentului Musgrave); \u0162alul (B.\u00a0Brecht: Domnul Puntila \u015fi sluga sa Matti); Tasa (B.\u00a0Nusics: Un individ suspect); <strong>F. r.:<\/strong> I.L.\u00a0Caragiale: O noapte furtunoas\u0103; Machiavelli: M\u0103tr\u0103guna Paul Anghel: Viteazul; D.R.\u00a0Popescu: Balconul; Moliere: George Dandin sau so\u0163ul p\u0103c\u0103lit; V.P.\u00a0Kataev: Cvadratura cercului sau roata \u00een patru co\u0163uri; N.\u00a0\u015etef\u0103nescu \u2013 Camil \u015eerban: Un asasin ciudat; Viktor Rozov: Patru lacrimi; I.L.\u00a0Caragiale: O scrisoare pierdut\u0103, 1907 din prim\u0103var\u0103 p\u00e2n\u0103-n toamn\u0103 (colaj); W. Shakespeare: Hamlet. <br \/><strong>Irod.:<\/strong> Fodor Zeno.<\/br><\/p>\n","protected":false},"excerpt":{"rendered":"<p>? \u2020?: sz\u00edn\u00e9sz, rendez\u0151. \u2013 A Mv. \u00c1llami Sz\u00ednh\u00e1z rom\u00e1n tagozat\u00e1n m\u0171k\u00f6d\u00f6tt (1963\u20131970; 1983\u20131984). Bukarestben v\u00e9gezte a rendez\u0151i szakot (1968\u20131971). Vizsgadarabja: I.L.\u00a0Caragiale: O noapte furtunoas\u0103 \u2013 Mv.-en (1972). De m\u00e1r r\u00e9gebben is volt kapcsolata a mv.-i sz\u00ednh\u00e1zzal. \u0150 rendezte Machiavelli: M\u0103tr\u0103guna c. darabj\u00e1t (1967), ezt sz\u00e1mos m\u00e1s kit\u0171n\u0151 rendez\u00e9s k\u00f6vette. \u2013 F. sz.: Jup\u00e2n Vincenzo [&hellip;]<\/p>\n","protected":false},"featured_media":0,"comment_status":"open","ping_status":"closed","template":"","meta":[],"product_brand":[],"product_cat":[137],"product_tag":[],"class_list":{"0":"post-19870","1":"product","2":"type-product","3":"status-publish","5":"product_cat-maros-megyei-eletrajzi-lexikon","7":"first","8":"instock","9":"shipping-taxable","10":"product-type-simple"},"_links":{"self":[{"href":"https:\/\/uj.adatbank.ro\/lexikon\/wp-json\/wp\/v2\/product\/19870","targetHints":{"allow":["GET"]}}],"collection":[{"href":"https:\/\/uj.adatbank.ro\/lexikon\/wp-json\/wp\/v2\/product"}],"about":[{"href":"https:\/\/uj.adatbank.ro\/lexikon\/wp-json\/wp\/v2\/types\/product"}],"replies":[{"embeddable":true,"href":"https:\/\/uj.adatbank.ro\/lexikon\/wp-json\/wp\/v2\/comments?post=19870"}],"wp:attachment":[{"href":"https:\/\/uj.adatbank.ro\/lexikon\/wp-json\/wp\/v2\/media?parent=19870"}],"wp:term":[{"taxonomy":"product_brand","embeddable":true,"href":"https:\/\/uj.adatbank.ro\/lexikon\/wp-json\/wp\/v2\/product_brand?post=19870"},{"taxonomy":"product_cat","embeddable":true,"href":"https:\/\/uj.adatbank.ro\/lexikon\/wp-json\/wp\/v2\/product_cat?post=19870"},{"taxonomy":"product_tag","embeddable":true,"href":"https:\/\/uj.adatbank.ro\/lexikon\/wp-json\/wp\/v2\/product_tag?post=19870"}],"curies":[{"name":"wp","href":"https:\/\/api.w.org\/{rel}","templated":true}]}}