{"id":19873,"date":"2025-07-22T18:28:14","date_gmt":"2025-07-22T16:28:14","guid":{"rendered":"https:\/\/uj.adatbank.ro\/lexikon\/termek\/schabelu\/"},"modified":"2025-07-22T18:28:14","modified_gmt":"2025-07-22T16:28:14","slug":"schabelu","status":"publish","type":"product","link":"https:\/\/uj.adatbank.ro\/lexikon\/termek\/schabelu\/","title":{"rendered":"SCHABELU"},"content":{"rendered":"<p>? \u2020?: t\u00e1bornok. \u2013 A mv.-i katonai vid\u00e9ki ker\u00fclet f\u0151parancsnoka, I. Ferenc J\u00f3zsef l\u00e1togat\u00e1sa idej\u00e9n (1852. j\u00fal.31) \u00e9s a v\u00e1ros d\u00edszpolg\u00e1ra (1852. m\u00e1rc. 7.\u2013). Hivatalos az udvari eb\u00e9den is. <br \/><strong>Irod.:<\/strong> Szentgy\u00f6rgyi.<\/br><\/p>\n","protected":false},"excerpt":{"rendered":"<p>? \u2020?: t\u00e1bornok. \u2013 A mv.-i katonai vid\u00e9ki ker\u00fclet f\u0151parancsnoka, I. Ferenc J\u00f3zsef l\u00e1togat\u00e1sa idej\u00e9n (1852. j\u00fal.31) \u00e9s a v\u00e1ros d\u00edszpolg\u00e1ra (1852. m\u00e1rc. 7.\u2013). Hivatalos az udvari eb\u00e9den is. Irod.: Szentgy\u00f6rgyi.<\/p>\n","protected":false},"featured_media":0,"comment_status":"open","ping_status":"closed","template":"","meta":[],"product_brand":[],"product_cat":[137],"product_tag":[],"class_list":{"0":"post-19873","1":"product","2":"type-product","3":"status-publish","5":"product_cat-maros-megyei-eletrajzi-lexikon","7":"first","8":"instock","9":"shipping-taxable","10":"product-type-simple"},"_links":{"self":[{"href":"https:\/\/uj.adatbank.ro\/lexikon\/wp-json\/wp\/v2\/product\/19873","targetHints":{"allow":["GET"]}}],"collection":[{"href":"https:\/\/uj.adatbank.ro\/lexikon\/wp-json\/wp\/v2\/product"}],"about":[{"href":"https:\/\/uj.adatbank.ro\/lexikon\/wp-json\/wp\/v2\/types\/product"}],"replies":[{"embeddable":true,"href":"https:\/\/uj.adatbank.ro\/lexikon\/wp-json\/wp\/v2\/comments?post=19873"}],"wp:attachment":[{"href":"https:\/\/uj.adatbank.ro\/lexikon\/wp-json\/wp\/v2\/media?parent=19873"}],"wp:term":[{"taxonomy":"product_brand","embeddable":true,"href":"https:\/\/uj.adatbank.ro\/lexikon\/wp-json\/wp\/v2\/product_brand?post=19873"},{"taxonomy":"product_cat","embeddable":true,"href":"https:\/\/uj.adatbank.ro\/lexikon\/wp-json\/wp\/v2\/product_cat?post=19873"},{"taxonomy":"product_tag","embeddable":true,"href":"https:\/\/uj.adatbank.ro\/lexikon\/wp-json\/wp\/v2\/product_tag?post=19873"}],"curies":[{"name":"wp","href":"https:\/\/api.w.org\/{rel}","templated":true}]}}