{"id":19874,"date":"2025-07-22T18:28:16","date_gmt":"2025-07-22T16:28:16","guid":{"rendered":"https:\/\/uj.adatbank.ro\/lexikon\/termek\/schaefler-vilmos\/"},"modified":"2025-07-22T18:28:16","modified_gmt":"2025-07-22T16:28:16","slug":"schaefler-vilmos","status":"publish","type":"product","link":"https:\/\/uj.adatbank.ro\/lexikon\/termek\/schaefler-vilmos\/","title":{"rendered":"SCHAEFLER, Vilmos"},"content":{"rendered":"<p>? \u2020?: sz\u00e1zados. \u2013 Feles\u00e9ge: k\u00f6rtv\u00e9lyesi Buzg\u00f3 Mari (1851? \u2013 Mv., 1882. jan. 31.). Gyermekeik: Vilma, K\u00e1roly, Emil, Mari <br \/><strong>Irod.:<\/strong> Gy\u00e1szjelent\u0151.<\/br><\/p>\n","protected":false},"excerpt":{"rendered":"<p>? \u2020?: sz\u00e1zados. \u2013 Feles\u00e9ge: k\u00f6rtv\u00e9lyesi Buzg\u00f3 Mari (1851? \u2013 Mv., 1882. jan. 31.). Gyermekeik: Vilma, K\u00e1roly, Emil, Mari Irod.: Gy\u00e1szjelent\u0151.<\/p>\n","protected":false},"featured_media":0,"comment_status":"open","ping_status":"closed","template":"","meta":[],"product_brand":[],"product_cat":[137],"product_tag":[],"class_list":{"0":"post-19874","1":"product","2":"type-product","3":"status-publish","5":"product_cat-maros-megyei-eletrajzi-lexikon","7":"first","8":"instock","9":"shipping-taxable","10":"product-type-simple"},"_links":{"self":[{"href":"https:\/\/uj.adatbank.ro\/lexikon\/wp-json\/wp\/v2\/product\/19874","targetHints":{"allow":["GET"]}}],"collection":[{"href":"https:\/\/uj.adatbank.ro\/lexikon\/wp-json\/wp\/v2\/product"}],"about":[{"href":"https:\/\/uj.adatbank.ro\/lexikon\/wp-json\/wp\/v2\/types\/product"}],"replies":[{"embeddable":true,"href":"https:\/\/uj.adatbank.ro\/lexikon\/wp-json\/wp\/v2\/comments?post=19874"}],"wp:attachment":[{"href":"https:\/\/uj.adatbank.ro\/lexikon\/wp-json\/wp\/v2\/media?parent=19874"}],"wp:term":[{"taxonomy":"product_brand","embeddable":true,"href":"https:\/\/uj.adatbank.ro\/lexikon\/wp-json\/wp\/v2\/product_brand?post=19874"},{"taxonomy":"product_cat","embeddable":true,"href":"https:\/\/uj.adatbank.ro\/lexikon\/wp-json\/wp\/v2\/product_cat?post=19874"},{"taxonomy":"product_tag","embeddable":true,"href":"https:\/\/uj.adatbank.ro\/lexikon\/wp-json\/wp\/v2\/product_tag?post=19874"}],"curies":[{"name":"wp","href":"https:\/\/api.w.org\/{rel}","templated":true}]}}