{"id":19877,"date":"2025-07-22T18:28:24","date_gmt":"2025-07-22T16:28:24","guid":{"rendered":"https:\/\/uj.adatbank.ro\/lexikon\/termek\/schaffner-ignaz\/"},"modified":"2025-07-22T18:28:24","modified_gmt":"2025-07-22T16:28:24","slug":"schaffner-ignaz","status":"publish","type":"product","link":"https:\/\/uj.adatbank.ro\/lexikon\/termek\/schaffner-ignaz\/","title":{"rendered":"SCHAFFNER Ign\u00e1z"},"content":{"rendered":"<p>? \u2020?: k\u0151m\u0171ves. \u2013 A mv.-i Ref. Kistemplom (alapk\u00f6v\u00e9t 1815. j\u00fal. 31. tett\u00e9k le), \u00e9p\u00edt\u00e9s\u00e9n\u00e9l a munk\u00e1t ir\u00e1ny\u00edt\u00f3 \u00e9p\u00edt\u0151mesterk\u00e9nt folyamatosan jelen volt, az \u0151 szakmai tud\u00e1s\u00e1nak \u00e9s \u00edzl\u00e9s\u00e9nek k\u00f6sz\u00f6nhet\u0151 a templombels\u0151 stukk\u00f3d\u00edsz\u00edt\u00e9se (1815\u201318; \u015etefan cel Mare \/ Gecse D\u00e1niel u. 22.), vicepall\u00e9rjai Winkler Leopold \u00e9s Kasz\u00e1s S\u00e1muel voltak. Megb\u00edzt\u00e1k a Kir. T\u00e1bla m\u00e1sodik sz\u00e9kh\u00e1z\u00e1nak a F\u0151t\u00e9r 54. sz. alatti Bethlen L\u00e1szl\u00f3t\u00f3l vett \u00e9p\u00fcletnek \u00e1talak\u00edt\u00e1si munk\u00e1latainak vezet\u00e9s\u00e9vel (1815\u2013). A marosszentgy\u00f6rgyi r.k. templom \u00e9s torny\u00e1nak \u00e9p\u00edt\u0151je (1822). <br \/><strong>Irod.:<\/strong> Keresztes Gyula: A kistemplom (N\u00fa., 1991. febr. 22.); Maros megye; Mv.-Bal\u00e1s; Nagy-Bod\u00f3 Tibor: A v\u00e1s\u00e1rhelyi Ref. Kistemplom (K\u00f6zpont, 2014. m\u00e1rc. 20\u201326); Orb\u00e1n J\u00e1nos: A Kir\u00e1lyi T\u00e1bla els\u0151 k\u00e9t mv.-i sz\u00e9kh\u00e1za = St\u00edlusok, m\u0171vek, mesterek.<\/br><\/p>\n","protected":false},"excerpt":{"rendered":"<p>? \u2020?: k\u0151m\u0171ves. \u2013 A mv.-i Ref. Kistemplom (alapk\u00f6v\u00e9t 1815. j\u00fal. 31. tett\u00e9k le), \u00e9p\u00edt\u00e9s\u00e9n\u00e9l a munk\u00e1t ir\u00e1ny\u00edt\u00f3 \u00e9p\u00edt\u0151mesterk\u00e9nt folyamatosan jelen volt, az \u0151 szakmai tud\u00e1s\u00e1nak \u00e9s \u00edzl\u00e9s\u00e9nek k\u00f6sz\u00f6nhet\u0151 a templombels\u0151 stukk\u00f3d\u00edsz\u00edt\u00e9se (1815\u201318; \u015etefan cel Mare \/ Gecse D\u00e1niel u. 22.), vicepall\u00e9rjai Winkler Leopold \u00e9s Kasz\u00e1s S\u00e1muel voltak. Megb\u00edzt\u00e1k a Kir. T\u00e1bla m\u00e1sodik sz\u00e9kh\u00e1z\u00e1nak a [&hellip;]<\/p>\n","protected":false},"featured_media":0,"comment_status":"open","ping_status":"closed","template":"","meta":[],"product_brand":[],"product_cat":[137],"product_tag":[],"class_list":{"0":"post-19877","1":"product","2":"type-product","3":"status-publish","5":"product_cat-maros-megyei-eletrajzi-lexikon","7":"first","8":"instock","9":"shipping-taxable","10":"product-type-simple"},"_links":{"self":[{"href":"https:\/\/uj.adatbank.ro\/lexikon\/wp-json\/wp\/v2\/product\/19877","targetHints":{"allow":["GET"]}}],"collection":[{"href":"https:\/\/uj.adatbank.ro\/lexikon\/wp-json\/wp\/v2\/product"}],"about":[{"href":"https:\/\/uj.adatbank.ro\/lexikon\/wp-json\/wp\/v2\/types\/product"}],"replies":[{"embeddable":true,"href":"https:\/\/uj.adatbank.ro\/lexikon\/wp-json\/wp\/v2\/comments?post=19877"}],"wp:attachment":[{"href":"https:\/\/uj.adatbank.ro\/lexikon\/wp-json\/wp\/v2\/media?parent=19877"}],"wp:term":[{"taxonomy":"product_brand","embeddable":true,"href":"https:\/\/uj.adatbank.ro\/lexikon\/wp-json\/wp\/v2\/product_brand?post=19877"},{"taxonomy":"product_cat","embeddable":true,"href":"https:\/\/uj.adatbank.ro\/lexikon\/wp-json\/wp\/v2\/product_cat?post=19877"},{"taxonomy":"product_tag","embeddable":true,"href":"https:\/\/uj.adatbank.ro\/lexikon\/wp-json\/wp\/v2\/product_tag?post=19877"}],"curies":[{"name":"wp","href":"https:\/\/api.w.org\/{rel}","templated":true}]}}