{"id":19880,"date":"2025-07-22T18:28:31","date_gmt":"2025-07-22T16:28:31","guid":{"rendered":"https:\/\/uj.adatbank.ro\/lexikon\/termek\/schapira-tibor\/"},"modified":"2025-07-22T18:28:31","modified_gmt":"2025-07-22T16:28:31","slug":"schapira-tibor","status":"publish","type":"product","link":"https:\/\/uj.adatbank.ro\/lexikon\/termek\/schapira-tibor\/","title":{"rendered":"SCHAPIRA Tibor"},"content":{"rendered":"<p>? \u2020?: seb\u00e9sz. \u2013 A MOGYI tan\u00e1rseg\u00e9d (1957\u2013). Izraelbe t\u00e1vozott. \u2013 <strong>F. m.<\/strong>: t\u00e1rssz: Seb\u00e9szeti jegyzet. 1. k\u00f6t. (Mv.\u20131953.). <br \/><strong>Irod.:<\/strong> Barab\u00e1s\u2013P\u00e9ter\u2013P\u00e9ter; Kiss Cs. M; MMK.<\/br><\/p>\n","protected":false},"excerpt":{"rendered":"<p>? \u2020?: seb\u00e9sz. \u2013 A MOGYI tan\u00e1rseg\u00e9d (1957\u2013). Izraelbe t\u00e1vozott. \u2013 F. m.: t\u00e1rssz: Seb\u00e9szeti jegyzet. 1. k\u00f6t. (Mv.\u20131953.). Irod.: Barab\u00e1s\u2013P\u00e9ter\u2013P\u00e9ter; Kiss Cs. M; MMK.<\/p>\n","protected":false},"featured_media":0,"comment_status":"open","ping_status":"closed","template":"","meta":[],"product_brand":[],"product_cat":[137],"product_tag":[],"class_list":{"0":"post-19880","1":"product","2":"type-product","3":"status-publish","5":"product_cat-maros-megyei-eletrajzi-lexikon","7":"first","8":"instock","9":"shipping-taxable","10":"product-type-simple"},"_links":{"self":[{"href":"https:\/\/uj.adatbank.ro\/lexikon\/wp-json\/wp\/v2\/product\/19880","targetHints":{"allow":["GET"]}}],"collection":[{"href":"https:\/\/uj.adatbank.ro\/lexikon\/wp-json\/wp\/v2\/product"}],"about":[{"href":"https:\/\/uj.adatbank.ro\/lexikon\/wp-json\/wp\/v2\/types\/product"}],"replies":[{"embeddable":true,"href":"https:\/\/uj.adatbank.ro\/lexikon\/wp-json\/wp\/v2\/comments?post=19880"}],"wp:attachment":[{"href":"https:\/\/uj.adatbank.ro\/lexikon\/wp-json\/wp\/v2\/media?parent=19880"}],"wp:term":[{"taxonomy":"product_brand","embeddable":true,"href":"https:\/\/uj.adatbank.ro\/lexikon\/wp-json\/wp\/v2\/product_brand?post=19880"},{"taxonomy":"product_cat","embeddable":true,"href":"https:\/\/uj.adatbank.ro\/lexikon\/wp-json\/wp\/v2\/product_cat?post=19880"},{"taxonomy":"product_tag","embeddable":true,"href":"https:\/\/uj.adatbank.ro\/lexikon\/wp-json\/wp\/v2\/product_tag?post=19880"}],"curies":[{"name":"wp","href":"https:\/\/api.w.org\/{rel}","templated":true}]}}