{"id":19882,"date":"2025-07-22T18:28:36","date_gmt":"2025-07-22T16:28:36","guid":{"rendered":"https:\/\/uj.adatbank.ro\/lexikon\/termek\/scharer-jeno\/"},"modified":"2025-07-22T18:28:36","modified_gmt":"2025-07-22T16:28:36","slug":"scharer-jeno","status":"publish","type":"product","link":"https:\/\/uj.adatbank.ro\/lexikon\/termek\/scharer-jeno\/","title":{"rendered":"SCHARER Jen\u0151"},"content":{"rendered":"<p>Mv., 1898., \u2020 Mv., 1936: orvos. \u2013 Apja neves \u00e9kszer\u00e9sz. \u2013 Mv.-en a Ref. Koll.-ban \u00e9retts\u00e9gizett. Bp.-en a Magyar Kir\u00e1lyi P\u00e1zm\u00e1ny P\u00e9ter TE orvostan hallgat\u00f3ja, orvosi diplom\u00e1t szerzett. Gy\u00f3gy\u00edthatatlan betegs\u00e9gben fiatalon hunyt el. <br \/><strong>Irod.:<\/strong> Kiss Cs.M.3.<\/br><\/p>\n","protected":false},"excerpt":{"rendered":"<p>Mv., 1898., \u2020 Mv., 1936: orvos. \u2013 Apja neves \u00e9kszer\u00e9sz. \u2013 Mv.-en a Ref. Koll.-ban \u00e9retts\u00e9gizett. Bp.-en a Magyar Kir\u00e1lyi P\u00e1zm\u00e1ny P\u00e9ter TE orvostan hallgat\u00f3ja, orvosi diplom\u00e1t szerzett. Gy\u00f3gy\u00edthatatlan betegs\u00e9gben fiatalon hunyt el. Irod.: Kiss Cs.M.3.<\/p>\n","protected":false},"featured_media":0,"comment_status":"open","ping_status":"closed","template":"","meta":[],"product_brand":[],"product_cat":[137],"product_tag":[],"class_list":{"0":"post-19882","1":"product","2":"type-product","3":"status-publish","5":"product_cat-maros-megyei-eletrajzi-lexikon","7":"first","8":"instock","9":"shipping-taxable","10":"product-type-simple"},"_links":{"self":[{"href":"https:\/\/uj.adatbank.ro\/lexikon\/wp-json\/wp\/v2\/product\/19882","targetHints":{"allow":["GET"]}}],"collection":[{"href":"https:\/\/uj.adatbank.ro\/lexikon\/wp-json\/wp\/v2\/product"}],"about":[{"href":"https:\/\/uj.adatbank.ro\/lexikon\/wp-json\/wp\/v2\/types\/product"}],"replies":[{"embeddable":true,"href":"https:\/\/uj.adatbank.ro\/lexikon\/wp-json\/wp\/v2\/comments?post=19882"}],"wp:attachment":[{"href":"https:\/\/uj.adatbank.ro\/lexikon\/wp-json\/wp\/v2\/media?parent=19882"}],"wp:term":[{"taxonomy":"product_brand","embeddable":true,"href":"https:\/\/uj.adatbank.ro\/lexikon\/wp-json\/wp\/v2\/product_brand?post=19882"},{"taxonomy":"product_cat","embeddable":true,"href":"https:\/\/uj.adatbank.ro\/lexikon\/wp-json\/wp\/v2\/product_cat?post=19882"},{"taxonomy":"product_tag","embeddable":true,"href":"https:\/\/uj.adatbank.ro\/lexikon\/wp-json\/wp\/v2\/product_tag?post=19882"}],"curies":[{"name":"wp","href":"https:\/\/api.w.org\/{rel}","templated":true}]}}