{"id":19883,"date":"2025-07-22T18:28:37","date_gmt":"2025-07-22T16:28:37","guid":{"rendered":"https:\/\/uj.adatbank.ro\/lexikon\/termek\/scharer-marton-%c2%a7-sarer-marton\/"},"modified":"2025-07-22T18:28:37","modified_gmt":"2025-07-22T16:28:37","slug":"scharer-marton-%c2%a7-sarer-marton","status":"publish","type":"product","link":"https:\/\/uj.adatbank.ro\/lexikon\/termek\/scharer-marton-%c2%a7-sarer-marton\/","title":{"rendered":"SCHARER M\u00e1rton, \u00a7 S\u00e1rer M\u00e1rton"},"content":{"rendered":"<p>? \u2020?: szobafest\u0151. \u2013 Mv.-en szobafest\u0151mester. Mv.-en dolgozott a v\u00e1g\u00f3h\u00edd \u00e9p\u00edt\u00e9s\u00e9n\u00e9l (1904). Az I. vh.-ban az 5. h. t\u00fcz\u00e9rzredhez.-hez ker\u00fclt (1916\u20131918. nov.). Az orosz harct\u00e9ren volt szolg\u00e1latvezet\u0151, tizedes. Kit\u00fcntet\u00e9se: K\u00e1roly cs. k. ig. a. seb. \u00e9rem. <br \/><strong>Irod.:<\/strong> Id\u0151t\u00e1r 5\/3; M. hadviselt zsid\u00f3k.<\/br><\/p>\n","protected":false},"excerpt":{"rendered":"<p>? \u2020?: szobafest\u0151. \u2013 Mv.-en szobafest\u0151mester. Mv.-en dolgozott a v\u00e1g\u00f3h\u00edd \u00e9p\u00edt\u00e9s\u00e9n\u00e9l (1904). Az I. vh.-ban az 5. h. t\u00fcz\u00e9rzredhez.-hez ker\u00fclt (1916\u20131918. nov.). Az orosz harct\u00e9ren volt szolg\u00e1latvezet\u0151, tizedes. Kit\u00fcntet\u00e9se: K\u00e1roly cs. k. ig. a. seb. \u00e9rem. Irod.: Id\u0151t\u00e1r 5\/3; M. hadviselt zsid\u00f3k.<\/p>\n","protected":false},"featured_media":0,"comment_status":"open","ping_status":"closed","template":"","meta":[],"product_brand":[],"product_cat":[137],"product_tag":[],"class_list":{"0":"post-19883","1":"product","2":"type-product","3":"status-publish","5":"product_cat-maros-megyei-eletrajzi-lexikon","7":"first","8":"instock","9":"shipping-taxable","10":"product-type-simple"},"_links":{"self":[{"href":"https:\/\/uj.adatbank.ro\/lexikon\/wp-json\/wp\/v2\/product\/19883","targetHints":{"allow":["GET"]}}],"collection":[{"href":"https:\/\/uj.adatbank.ro\/lexikon\/wp-json\/wp\/v2\/product"}],"about":[{"href":"https:\/\/uj.adatbank.ro\/lexikon\/wp-json\/wp\/v2\/types\/product"}],"replies":[{"embeddable":true,"href":"https:\/\/uj.adatbank.ro\/lexikon\/wp-json\/wp\/v2\/comments?post=19883"}],"wp:attachment":[{"href":"https:\/\/uj.adatbank.ro\/lexikon\/wp-json\/wp\/v2\/media?parent=19883"}],"wp:term":[{"taxonomy":"product_brand","embeddable":true,"href":"https:\/\/uj.adatbank.ro\/lexikon\/wp-json\/wp\/v2\/product_brand?post=19883"},{"taxonomy":"product_cat","embeddable":true,"href":"https:\/\/uj.adatbank.ro\/lexikon\/wp-json\/wp\/v2\/product_cat?post=19883"},{"taxonomy":"product_tag","embeddable":true,"href":"https:\/\/uj.adatbank.ro\/lexikon\/wp-json\/wp\/v2\/product_tag?post=19883"}],"curies":[{"name":"wp","href":"https:\/\/api.w.org\/{rel}","templated":true}]}}