{"id":19884,"date":"2025-07-22T18:28:40","date_gmt":"2025-07-22T16:28:40","guid":{"rendered":"https:\/\/uj.adatbank.ro\/lexikon\/termek\/scharsius-andreas\/"},"modified":"2025-07-22T18:28:40","modified_gmt":"2025-07-22T16:28:40","slug":"scharsius-andreas","status":"publish","type":"product","link":"https:\/\/uj.adatbank.ro\/lexikon\/termek\/scharsius-andreas\/","title":{"rendered":"SCHARSIUS, Andreas"},"content":{"rendered":"<p>? \u2020?: ev. lelk\u00e9sz Sz\u00e1szd\u00e1ny\u00e1nban (1708\u20131710). <br \/><strong>Irod.:<\/strong> Apold.<\/br><\/p>\n","protected":false},"excerpt":{"rendered":"<p>? \u2020?: ev. lelk\u00e9sz Sz\u00e1szd\u00e1ny\u00e1nban (1708\u20131710). Irod.: Apold.<\/p>\n","protected":false},"featured_media":0,"comment_status":"open","ping_status":"closed","template":"","meta":[],"product_brand":[],"product_cat":[137],"product_tag":[],"class_list":{"0":"post-19884","1":"product","2":"type-product","3":"status-publish","5":"product_cat-maros-megyei-eletrajzi-lexikon","7":"first","8":"instock","9":"shipping-taxable","10":"product-type-simple"},"_links":{"self":[{"href":"https:\/\/uj.adatbank.ro\/lexikon\/wp-json\/wp\/v2\/product\/19884","targetHints":{"allow":["GET"]}}],"collection":[{"href":"https:\/\/uj.adatbank.ro\/lexikon\/wp-json\/wp\/v2\/product"}],"about":[{"href":"https:\/\/uj.adatbank.ro\/lexikon\/wp-json\/wp\/v2\/types\/product"}],"replies":[{"embeddable":true,"href":"https:\/\/uj.adatbank.ro\/lexikon\/wp-json\/wp\/v2\/comments?post=19884"}],"wp:attachment":[{"href":"https:\/\/uj.adatbank.ro\/lexikon\/wp-json\/wp\/v2\/media?parent=19884"}],"wp:term":[{"taxonomy":"product_brand","embeddable":true,"href":"https:\/\/uj.adatbank.ro\/lexikon\/wp-json\/wp\/v2\/product_brand?post=19884"},{"taxonomy":"product_cat","embeddable":true,"href":"https:\/\/uj.adatbank.ro\/lexikon\/wp-json\/wp\/v2\/product_cat?post=19884"},{"taxonomy":"product_tag","embeddable":true,"href":"https:\/\/uj.adatbank.ro\/lexikon\/wp-json\/wp\/v2\/product_tag?post=19884"}],"curies":[{"name":"wp","href":"https:\/\/api.w.org\/{rel}","templated":true}]}}