{"id":19886,"date":"2025-07-22T18:28:45","date_gmt":"2025-07-22T16:28:45","guid":{"rendered":"https:\/\/uj.adatbank.ro\/lexikon\/termek\/schaser-gyula\/"},"modified":"2025-07-22T18:28:45","modified_gmt":"2025-07-22T16:28:45","slug":"schaser-gyula","status":"publish","type":"product","link":"https:\/\/uj.adatbank.ro\/lexikon\/termek\/schaser-gyula\/","title":{"rendered":"SCHASER Gyula"},"content":{"rendered":"<p>? \u2020?: segesv\u00e1ri. \u2013 A kongresszus el\u0151k\u00e9sz\u00edt\u0151 bizotts\u00e1gi tagja. <br \/><strong>Irod.:<\/strong> A IV. Orsz\u00e1gos Patronage-Kongresszus iratai (Kv., 1914).<\/br><\/p>\n","protected":false},"excerpt":{"rendered":"<p>? \u2020?: segesv\u00e1ri. \u2013 A kongresszus el\u0151k\u00e9sz\u00edt\u0151 bizotts\u00e1gi tagja. Irod.: A IV. Orsz\u00e1gos Patronage-Kongresszus iratai (Kv., 1914).<\/p>\n","protected":false},"featured_media":0,"comment_status":"open","ping_status":"closed","template":"","meta":[],"product_brand":[],"product_cat":[137],"product_tag":[],"class_list":{"0":"post-19886","1":"product","2":"type-product","3":"status-publish","5":"product_cat-maros-megyei-eletrajzi-lexikon","7":"first","8":"instock","9":"shipping-taxable","10":"product-type-simple"},"_links":{"self":[{"href":"https:\/\/uj.adatbank.ro\/lexikon\/wp-json\/wp\/v2\/product\/19886","targetHints":{"allow":["GET"]}}],"collection":[{"href":"https:\/\/uj.adatbank.ro\/lexikon\/wp-json\/wp\/v2\/product"}],"about":[{"href":"https:\/\/uj.adatbank.ro\/lexikon\/wp-json\/wp\/v2\/types\/product"}],"replies":[{"embeddable":true,"href":"https:\/\/uj.adatbank.ro\/lexikon\/wp-json\/wp\/v2\/comments?post=19886"}],"wp:attachment":[{"href":"https:\/\/uj.adatbank.ro\/lexikon\/wp-json\/wp\/v2\/media?parent=19886"}],"wp:term":[{"taxonomy":"product_brand","embeddable":true,"href":"https:\/\/uj.adatbank.ro\/lexikon\/wp-json\/wp\/v2\/product_brand?post=19886"},{"taxonomy":"product_cat","embeddable":true,"href":"https:\/\/uj.adatbank.ro\/lexikon\/wp-json\/wp\/v2\/product_cat?post=19886"},{"taxonomy":"product_tag","embeddable":true,"href":"https:\/\/uj.adatbank.ro\/lexikon\/wp-json\/wp\/v2\/product_tag?post=19886"}],"curies":[{"name":"wp","href":"https:\/\/api.w.org\/{rel}","templated":true}]}}