{"id":19888,"date":"2025-07-22T18:28:49","date_gmt":"2025-07-22T16:28:49","guid":{"rendered":"https:\/\/uj.adatbank.ro\/lexikon\/termek\/schebel-didak-simon-fr\/"},"modified":"2025-07-22T18:28:49","modified_gmt":"2025-07-22T16:28:49","slug":"schebel-didak-simon-fr","status":"publish","type":"product","link":"https:\/\/uj.adatbank.ro\/lexikon\/termek\/schebel-didak-simon-fr\/","title":{"rendered":"SCHEBEL Did\u00e1k Simon, Fr."},"content":{"rendered":"<p>Bayern, 1770 \u2020 Segesv\u00e1r, 1821. j\u00fal. 7.: laikus ferences szerzetes. \u2013 Be\u00f6lt\u00f6z\u00f6tt (1793. okt. 4.). <br \/><strong>Irod.:<\/strong> Gy\u00f6rgy: A ferencrendiek.<\/br><\/p>\n","protected":false},"excerpt":{"rendered":"<p>Bayern, 1770 \u2020 Segesv\u00e1r, 1821. j\u00fal. 7.: laikus ferences szerzetes. \u2013 Be\u00f6lt\u00f6z\u00f6tt (1793. okt. 4.). Irod.: Gy\u00f6rgy: A ferencrendiek.<\/p>\n","protected":false},"featured_media":0,"comment_status":"open","ping_status":"closed","template":"","meta":[],"product_brand":[],"product_cat":[137],"product_tag":[],"class_list":{"0":"post-19888","1":"product","2":"type-product","3":"status-publish","5":"product_cat-maros-megyei-eletrajzi-lexikon","7":"first","8":"instock","9":"shipping-taxable","10":"product-type-simple"},"_links":{"self":[{"href":"https:\/\/uj.adatbank.ro\/lexikon\/wp-json\/wp\/v2\/product\/19888","targetHints":{"allow":["GET"]}}],"collection":[{"href":"https:\/\/uj.adatbank.ro\/lexikon\/wp-json\/wp\/v2\/product"}],"about":[{"href":"https:\/\/uj.adatbank.ro\/lexikon\/wp-json\/wp\/v2\/types\/product"}],"replies":[{"embeddable":true,"href":"https:\/\/uj.adatbank.ro\/lexikon\/wp-json\/wp\/v2\/comments?post=19888"}],"wp:attachment":[{"href":"https:\/\/uj.adatbank.ro\/lexikon\/wp-json\/wp\/v2\/media?parent=19888"}],"wp:term":[{"taxonomy":"product_brand","embeddable":true,"href":"https:\/\/uj.adatbank.ro\/lexikon\/wp-json\/wp\/v2\/product_brand?post=19888"},{"taxonomy":"product_cat","embeddable":true,"href":"https:\/\/uj.adatbank.ro\/lexikon\/wp-json\/wp\/v2\/product_cat?post=19888"},{"taxonomy":"product_tag","embeddable":true,"href":"https:\/\/uj.adatbank.ro\/lexikon\/wp-json\/wp\/v2\/product_tag?post=19888"}],"curies":[{"name":"wp","href":"https:\/\/api.w.org\/{rel}","templated":true}]}}