{"id":19893,"date":"2025-07-22T18:28:59","date_gmt":"2025-07-22T16:28:59","guid":{"rendered":"https:\/\/uj.adatbank.ro\/lexikon\/termek\/schebesch-roland\/"},"modified":"2025-07-22T18:28:59","modified_gmt":"2025-07-22T16:28:59","slug":"schebesch-roland","status":"publish","type":"product","link":"https:\/\/uj.adatbank.ro\/lexikon\/termek\/schebesch-roland\/","title":{"rendered":"SCHEBESCH, Roland"},"content":{"rendered":"<p>Sz\u00e1szr\u00e9gen, 1901. m\u00e1rc. 21., \u2020 Kieln\u00e9l elt\u0171nt, 1945. m\u00e1j., alhadnagy az SS-ben. <br \/><strong>Irod.:<\/strong> Reghin, militari.<\/br><\/p>\n","protected":false},"excerpt":{"rendered":"<p>Sz\u00e1szr\u00e9gen, 1901. m\u00e1rc. 21., \u2020 Kieln\u00e9l elt\u0171nt, 1945. m\u00e1j., alhadnagy az SS-ben. Irod.: Reghin, militari.<\/p>\n","protected":false},"featured_media":0,"comment_status":"open","ping_status":"closed","template":"","meta":[],"product_brand":[],"product_cat":[137],"product_tag":[],"class_list":{"0":"post-19893","1":"product","2":"type-product","3":"status-publish","5":"product_cat-maros-megyei-eletrajzi-lexikon","7":"first","8":"instock","9":"shipping-taxable","10":"product-type-simple"},"_links":{"self":[{"href":"https:\/\/uj.adatbank.ro\/lexikon\/wp-json\/wp\/v2\/product\/19893","targetHints":{"allow":["GET"]}}],"collection":[{"href":"https:\/\/uj.adatbank.ro\/lexikon\/wp-json\/wp\/v2\/product"}],"about":[{"href":"https:\/\/uj.adatbank.ro\/lexikon\/wp-json\/wp\/v2\/types\/product"}],"replies":[{"embeddable":true,"href":"https:\/\/uj.adatbank.ro\/lexikon\/wp-json\/wp\/v2\/comments?post=19893"}],"wp:attachment":[{"href":"https:\/\/uj.adatbank.ro\/lexikon\/wp-json\/wp\/v2\/media?parent=19893"}],"wp:term":[{"taxonomy":"product_brand","embeddable":true,"href":"https:\/\/uj.adatbank.ro\/lexikon\/wp-json\/wp\/v2\/product_brand?post=19893"},{"taxonomy":"product_cat","embeddable":true,"href":"https:\/\/uj.adatbank.ro\/lexikon\/wp-json\/wp\/v2\/product_cat?post=19893"},{"taxonomy":"product_tag","embeddable":true,"href":"https:\/\/uj.adatbank.ro\/lexikon\/wp-json\/wp\/v2\/product_tag?post=19893"}],"curies":[{"name":"wp","href":"https:\/\/api.w.org\/{rel}","templated":true}]}}