{"id":19894,"date":"2025-07-22T18:29:02","date_gmt":"2025-07-22T16:29:02","guid":{"rendered":"https:\/\/uj.adatbank.ro\/lexikon\/termek\/schebesch-roland-2\/"},"modified":"2025-07-22T18:29:02","modified_gmt":"2025-07-22T16:29:02","slug":"schebesch-roland-2","status":"publish","type":"product","link":"https:\/\/uj.adatbank.ro\/lexikon\/termek\/schebesch-roland-2\/","title":{"rendered":"SCHEBESCH, Roland"},"content":{"rendered":"<p>Sz\u00e1szr\u00e9gen, 1925. szept. 7., \u2020\u00a0Bp., 1945. febr. 11. Soroks\u00e1ron van eltemetve: katonatiszt. \u2013 Transzmisszi\u00f3s tiszt volt. Bp. ostrom\u00e1n\u00e1l esett el. <br \/><strong>Irod.:<\/strong> Reghin, militari.<\/br><\/p>\n","protected":false},"excerpt":{"rendered":"<p>Sz\u00e1szr\u00e9gen, 1925. szept. 7., \u2020\u00a0Bp., 1945. febr. 11. Soroks\u00e1ron van eltemetve: katonatiszt. \u2013 Transzmisszi\u00f3s tiszt volt. Bp. ostrom\u00e1n\u00e1l esett el. Irod.: Reghin, militari.<\/p>\n","protected":false},"featured_media":0,"comment_status":"open","ping_status":"closed","template":"","meta":[],"product_brand":[],"product_cat":[137],"product_tag":[],"class_list":{"0":"post-19894","1":"product","2":"type-product","3":"status-publish","5":"product_cat-maros-megyei-eletrajzi-lexikon","7":"first","8":"instock","9":"shipping-taxable","10":"product-type-simple"},"_links":{"self":[{"href":"https:\/\/uj.adatbank.ro\/lexikon\/wp-json\/wp\/v2\/product\/19894","targetHints":{"allow":["GET"]}}],"collection":[{"href":"https:\/\/uj.adatbank.ro\/lexikon\/wp-json\/wp\/v2\/product"}],"about":[{"href":"https:\/\/uj.adatbank.ro\/lexikon\/wp-json\/wp\/v2\/types\/product"}],"replies":[{"embeddable":true,"href":"https:\/\/uj.adatbank.ro\/lexikon\/wp-json\/wp\/v2\/comments?post=19894"}],"wp:attachment":[{"href":"https:\/\/uj.adatbank.ro\/lexikon\/wp-json\/wp\/v2\/media?parent=19894"}],"wp:term":[{"taxonomy":"product_brand","embeddable":true,"href":"https:\/\/uj.adatbank.ro\/lexikon\/wp-json\/wp\/v2\/product_brand?post=19894"},{"taxonomy":"product_cat","embeddable":true,"href":"https:\/\/uj.adatbank.ro\/lexikon\/wp-json\/wp\/v2\/product_cat?post=19894"},{"taxonomy":"product_tag","embeddable":true,"href":"https:\/\/uj.adatbank.ro\/lexikon\/wp-json\/wp\/v2\/product_tag?post=19894"}],"curies":[{"name":"wp","href":"https:\/\/api.w.org\/{rel}","templated":true}]}}