{"id":1990,"date":"2025-06-28T12:00:18","date_gmt":"2025-06-28T10:00:18","guid":{"rendered":"https:\/\/uj.adatbank.ro\/lexikon\/termek\/balazsi-jozsef\/"},"modified":"2025-06-28T12:00:18","modified_gmt":"2025-06-28T10:00:18","slug":"balazsi-jozsef","status":"publish","type":"product","link":"https:\/\/uj.adatbank.ro\/lexikon\/termek\/balazsi-jozsef\/","title":{"rendered":"BAL\u00c1ZSI J\u00f3zsef"},"content":{"rendered":"<p>? \u2020\u00a0?\u00a0: \u00fcln\u00f6k, f\u0151b\u00edr\u00f3. \u2013 Mv.-en Kir T\u00e1blai \u00fcln\u00f6k, k\u00e9s\u0151bb Cs\u00edk-Gyergy\u00f3-K\u00e1szon Sz\u00e9kek f\u0151kir\u00e1lyb\u00edr\u00e1ja. Fel\u00fcgyelete alatt v\u00e9gz\u0151d\u00f6tt be a S\u00e1ros utcai r. k. nevelde \u00e9p\u00edtkez\u00e9se (1833). <br \/><strong>Irod.:<\/strong> Kr\u00f3n. F\u00fcz. (1937. 2\/7)<\/br><\/p>\n","protected":false},"excerpt":{"rendered":"<p>? \u2020\u00a0?\u00a0: \u00fcln\u00f6k, f\u0151b\u00edr\u00f3. \u2013 Mv.-en Kir T\u00e1blai \u00fcln\u00f6k, k\u00e9s\u0151bb Cs\u00edk-Gyergy\u00f3-K\u00e1szon Sz\u00e9kek f\u0151kir\u00e1lyb\u00edr\u00e1ja. Fel\u00fcgyelete alatt v\u00e9gz\u0151d\u00f6tt be a S\u00e1ros utcai r. k. nevelde \u00e9p\u00edtkez\u00e9se (1833). Irod.: Kr\u00f3n. F\u00fcz. (1937. 2\/7)<\/p>\n","protected":false},"featured_media":0,"comment_status":"open","ping_status":"closed","template":"","meta":[],"product_brand":[],"product_cat":[137],"product_tag":[],"class_list":{"0":"post-1990","1":"product","2":"type-product","3":"status-publish","5":"product_cat-maros-megyei-eletrajzi-lexikon","7":"first","8":"instock","9":"shipping-taxable","10":"product-type-simple"},"_links":{"self":[{"href":"https:\/\/uj.adatbank.ro\/lexikon\/wp-json\/wp\/v2\/product\/1990","targetHints":{"allow":["GET"]}}],"collection":[{"href":"https:\/\/uj.adatbank.ro\/lexikon\/wp-json\/wp\/v2\/product"}],"about":[{"href":"https:\/\/uj.adatbank.ro\/lexikon\/wp-json\/wp\/v2\/types\/product"}],"replies":[{"embeddable":true,"href":"https:\/\/uj.adatbank.ro\/lexikon\/wp-json\/wp\/v2\/comments?post=1990"}],"wp:attachment":[{"href":"https:\/\/uj.adatbank.ro\/lexikon\/wp-json\/wp\/v2\/media?parent=1990"}],"wp:term":[{"taxonomy":"product_brand","embeddable":true,"href":"https:\/\/uj.adatbank.ro\/lexikon\/wp-json\/wp\/v2\/product_brand?post=1990"},{"taxonomy":"product_cat","embeddable":true,"href":"https:\/\/uj.adatbank.ro\/lexikon\/wp-json\/wp\/v2\/product_cat?post=1990"},{"taxonomy":"product_tag","embeddable":true,"href":"https:\/\/uj.adatbank.ro\/lexikon\/wp-json\/wp\/v2\/product_tag?post=1990"}],"curies":[{"name":"wp","href":"https:\/\/api.w.org\/{rel}","templated":true}]}}