{"id":19900,"date":"2025-07-22T18:29:14","date_gmt":"2025-07-22T16:29:14","guid":{"rendered":"https:\/\/uj.adatbank.ro\/lexikon\/termek\/scheiner-aladar-armin-%c2%a7\/"},"modified":"2025-07-22T18:29:14","modified_gmt":"2025-07-22T16:29:14","slug":"scheiner-aladar-armin-%c2%a7","status":"publish","type":"product","link":"https:\/\/uj.adatbank.ro\/lexikon\/termek\/scheiner-aladar-armin-%c2%a7\/","title":{"rendered":"SCHEINER Alad\u00e1r Armin, \u00a7"},"content":{"rendered":"<p>1904. \u2020\u00a0Mv., 1994. m\u00e1rc. 29.: eln\u00f6k. \u2013 A mv.-i zsid\u00f3 hitk\u00f6zs\u00e9g eln\u00f6ke (1962\u2013). <br \/><strong>Irod.:<\/strong> Mv. zsid\u00f3s\u00e1ga; [Nekrol\u00f3g] (N\u00fa., 1994. m\u00e1rc. 31.); Mv.-i zsid\u00f3 temet\u0151 dok.<\/br><\/p>\n","protected":false},"excerpt":{"rendered":"<p>1904. \u2020\u00a0Mv., 1994. m\u00e1rc. 29.: eln\u00f6k. \u2013 A mv.-i zsid\u00f3 hitk\u00f6zs\u00e9g eln\u00f6ke (1962\u2013). Irod.: Mv. zsid\u00f3s\u00e1ga; [Nekrol\u00f3g] (N\u00fa., 1994. m\u00e1rc. 31.); Mv.-i zsid\u00f3 temet\u0151 dok.<\/p>\n","protected":false},"featured_media":0,"comment_status":"open","ping_status":"closed","template":"","meta":[],"product_brand":[],"product_cat":[137],"product_tag":[],"class_list":{"0":"post-19900","1":"product","2":"type-product","3":"status-publish","5":"product_cat-maros-megyei-eletrajzi-lexikon","7":"first","8":"instock","9":"shipping-taxable","10":"product-type-simple"},"_links":{"self":[{"href":"https:\/\/uj.adatbank.ro\/lexikon\/wp-json\/wp\/v2\/product\/19900","targetHints":{"allow":["GET"]}}],"collection":[{"href":"https:\/\/uj.adatbank.ro\/lexikon\/wp-json\/wp\/v2\/product"}],"about":[{"href":"https:\/\/uj.adatbank.ro\/lexikon\/wp-json\/wp\/v2\/types\/product"}],"replies":[{"embeddable":true,"href":"https:\/\/uj.adatbank.ro\/lexikon\/wp-json\/wp\/v2\/comments?post=19900"}],"wp:attachment":[{"href":"https:\/\/uj.adatbank.ro\/lexikon\/wp-json\/wp\/v2\/media?parent=19900"}],"wp:term":[{"taxonomy":"product_brand","embeddable":true,"href":"https:\/\/uj.adatbank.ro\/lexikon\/wp-json\/wp\/v2\/product_brand?post=19900"},{"taxonomy":"product_cat","embeddable":true,"href":"https:\/\/uj.adatbank.ro\/lexikon\/wp-json\/wp\/v2\/product_cat?post=19900"},{"taxonomy":"product_tag","embeddable":true,"href":"https:\/\/uj.adatbank.ro\/lexikon\/wp-json\/wp\/v2\/product_tag?post=19900"}],"curies":[{"name":"wp","href":"https:\/\/api.w.org\/{rel}","templated":true}]}}