{"id":19903,"date":"2025-07-22T18:29:21","date_gmt":"2025-07-22T16:29:21","guid":{"rendered":"https:\/\/uj.adatbank.ro\/lexikon\/termek\/scheiner-udo-andreas\/"},"modified":"2026-02-18T08:18:33","modified_gmt":"2026-02-18T07:18:33","slug":"scheiner-udo-andreas","status":"publish","type":"product","link":"https:\/\/uj.adatbank.ro\/lexikon\/termek\/scheiner-udo-andreas\/","title":{"rendered":"SCHEINER, Udo Andreas"},"content":{"rendered":"<p>Sz\u00e1szr\u00e9gen, 1924. j\u00fan. 14. \u2020 Nettlingen, N\u00e9meto., 1945. \u00e1pr. 10.: pil\u00f3taiskol\u00e1s Gdansk-Langfuhrban. L\u00e9gi harcban l\u0151tt\u00e9k le.<br \/>\n<strong>Irod.:<\/strong> Reghin, militari.<\/p>\n","protected":false},"excerpt":{"rendered":"<p>Sz\u00e1szr\u00e9gen, 1924. j\u00fan. 14. \u2020 Nettlingen, N\u00e9meto., 1945. \u00e1pr. 10.: pil\u00f3taiskol\u00e1s Gdansk-Langfuhrban. L\u00e9gi harcban l\u0151tt\u00e9k le. Irod.: Reghin, militari.<\/p>\n","protected":false},"featured_media":0,"comment_status":"open","ping_status":"closed","template":"","meta":[],"product_brand":[],"product_cat":[137],"product_tag":[],"class_list":{"0":"post-19903","1":"product","2":"type-product","3":"status-publish","5":"product_cat-maros-megyei-eletrajzi-lexikon","7":"first","8":"instock","9":"shipping-taxable","10":"product-type-simple"},"_links":{"self":[{"href":"https:\/\/uj.adatbank.ro\/lexikon\/wp-json\/wp\/v2\/product\/19903","targetHints":{"allow":["GET"]}}],"collection":[{"href":"https:\/\/uj.adatbank.ro\/lexikon\/wp-json\/wp\/v2\/product"}],"about":[{"href":"https:\/\/uj.adatbank.ro\/lexikon\/wp-json\/wp\/v2\/types\/product"}],"replies":[{"embeddable":true,"href":"https:\/\/uj.adatbank.ro\/lexikon\/wp-json\/wp\/v2\/comments?post=19903"}],"wp:attachment":[{"href":"https:\/\/uj.adatbank.ro\/lexikon\/wp-json\/wp\/v2\/media?parent=19903"}],"wp:term":[{"taxonomy":"product_brand","embeddable":true,"href":"https:\/\/uj.adatbank.ro\/lexikon\/wp-json\/wp\/v2\/product_brand?post=19903"},{"taxonomy":"product_cat","embeddable":true,"href":"https:\/\/uj.adatbank.ro\/lexikon\/wp-json\/wp\/v2\/product_cat?post=19903"},{"taxonomy":"product_tag","embeddable":true,"href":"https:\/\/uj.adatbank.ro\/lexikon\/wp-json\/wp\/v2\/product_tag?post=19903"}],"curies":[{"name":"wp","href":"https:\/\/api.w.org\/{rel}","templated":true}]}}